{"id":6529,"date":"2017-09-01T13:55:27","date_gmt":"2017-09-01T11:55:27","guid":{"rendered":"https:\/\/www.pladostelma.com\/catalogue\/filtro-a-carbone-attivo\/"},"modified":"2021-05-24T15:00:14","modified_gmt":"2021-05-24T13:00:14","slug":"filcar","status":"publish","type":"product","link":"https:\/\/www.pladostelma.com\/es\/filcar\/","title":{"rendered":"CARTUCHO FILTRANTE DE CARB\u00d3N ACTIVADO"},"content":{"rendered":"<p>El carb\u00f3n activo es un material muy poroso capaz de retener en su estructura muchas mol\u00e9culas de otras sustancias. La principal caracter\u00edstica del carb\u00f3n activo es su elevada \"superficie espec\u00edfica\", debida a su gran porosidad: por ejemplo, one gramo de carb\u00f3n activo puede alcanzar una superficie interna equivalente a la de un campo de f\u00fatbol. Los filtros de carb\u00f3n activo retienen las impurezas hasta 5 micras, ejerciendo adem\u00e1s una acci\u00f3n bacteriost\u00e1tica. Los contaminantes, el cloro y los olores no deseados, las fibras de amianto, los mohos, las algas, los protozoos, quedan retenidos dentro de la estructura porosa del carb\u00f3n activado, generando un agua libre de sustancias nocivas y lista para beber. Los filtros de carb\u00f3n activo son el complemento ideal para los grifos de tres v\u00edas que pueden suministrar agua separada.<\/p>\n<p>VENTAJAS DEL FILTRO DE CARB\u00d3N ACTIVO:<\/p>\n<p>- Ahorra esfuerzo, tiempo y money, al no tener que comprar y transportar hasta la casa pesadas botellas que tendr\u00e1s que desechar una vez usadas.<\/p>\n<p>- Protege el medio ambiente al reducir el consumo de botellas de pl\u00e1stico;<\/p>\n<p>- La instalaci\u00f3n y la sustituci\u00f3n del filtro son r\u00e1pidas y sencillas y no requieren la intervenci\u00f3n de un t\u00e9cnico;<\/p>\n<p>- Una vez saturado, el filtro reduce autom\u00e1ticamente el caudal de agua hasta que se bloquea, garantizando siempre un agua de calidad;<\/p>\n<p>- Tama\u00f1o m\u00ednimo porque el sistema de filtrado ocupa muy poco espacio y puede instalarse en el armario bajo el fregadero.<\/p>","protected":false},"excerpt":{"rendered":"<p>Cartucho filtrante activo carbone para sistema de suministro de agua purificada.<\/p>","protected":false},"featured_media":205775,"template":"","meta":{"_acf_changed":false,"_seopress_robots_primary_cat":"","_seopress_titles_title":"","_seopress_titles_desc":"","_seopress_robots_index":"","_seopress_analysis_target_kw":"","_uag_custom_page_level_css":"","iawp_total_views":199,"uix_meta_title":"","uix_meta_description":"","uix_canonical_url":""},"serie":[],"product_brand":[],"product_cat":[839],"product_tag":[],"class_list":{"0":"post-6529","1":"product","2":"type-product","3":"status-publish","4":"has-post-thumbnail","6":"product_cat-accessori-miscelatori","8":"first","9":"instock","10":"shipping-taxable","11":"product-type-simple"},"acf":[],"vendbase_acf":null,"vendbase_metabox":null,"uagb_featured_image_src":{"full":["https:\/\/www.pladostelma.com\/wp-content\/uploads\/2017\/09\/filcar.jpg",1054,1088,false],"thumbnail":["https:\/\/www.pladostelma.com\/wp-content\/uploads\/2017\/09\/filcar-150x150.jpg",150,150,true],"medium":["https:\/\/www.pladostelma.com\/wp-content\/uploads\/2017\/09\/filcar-300x300.jpg",300,300,true],"medium_large":["https:\/\/www.pladostelma.com\/wp-content\/uploads\/2017\/09\/filcar-768x768.jpg",768,768,true],"large":["https:\/\/www.pladostelma.com\/wp-content\/uploads\/2017\/09\/filcar-1024x1024.jpg",1024,1024,true],"1536x1536":["https:\/\/www.pladostelma.com\/wp-content\/uploads\/2017\/09\/filcar.jpg",1054,1088,false],"2048x2048":["https:\/\/www.pladostelma.com\/wp-content\/uploads\/2017\/09\/filcar.jpg",1054,1088,false],"trp-custom-language-flag":["https:\/\/www.pladostelma.com\/wp-content\/uploads\/2017\/09\/filcar.jpg",12,12,false],"woocommerce_thumbnail":["https:\/\/www.pladostelma.com\/wp-content\/uploads\/2017\/09\/filcar-300x300.jpg",300,300,true],"woocommerce_single":["https:\/\/www.pladostelma.com\/wp-content\/uploads\/2017\/09\/filcar-600x600.jpg",600,600,true],"woocommerce_gallery_thumbnail":["https:\/\/www.pladostelma.com\/wp-content\/uploads\/2017\/09\/filcar-100x100.jpg",100,100,true],"variation_swatches_image_size":["https:\/\/www.pladostelma.com\/wp-content\/uploads\/2017\/09\/filcar.jpg",48,50,false],"variation_swatches_tooltip_size":["https:\/\/www.pladostelma.com\/wp-content\/uploads\/2017\/09\/filcar.jpg",97,100,false]},"uagb_author_info":{"display_name":"admino","author_link":"https:\/\/www.pladostelma.com\/es\/author\/"},"uagb_comment_info":0,"uagb_excerpt":"Cartuccia filtrante al carbone attivo per sistema di erogazione acqua purificata.","_links":{"self":[{"href":"https:\/\/www.pladostelma.com\/es\/wp-json\/wp\/v2\/product\/6529","targetHints":{"allow":["GET"]}}],"collection":[{"href":"https:\/\/www.pladostelma.com\/es\/wp-json\/wp\/v2\/product"}],"about":[{"href":"https:\/\/www.pladostelma.com\/es\/wp-json\/wp\/v2\/types\/product"}],"wp:featuredmedia":[{"embeddable":true,"href":"https:\/\/www.pladostelma.com\/es\/wp-json\/wp\/v2\/media\/205775"}],"wp:attachment":[{"href":"https:\/\/www.pladostelma.com\/es\/wp-json\/wp\/v2\/media?parent=6529"}],"wp:term":[{"taxonomy":"serie","embeddable":true,"href":"https:\/\/www.pladostelma.com\/es\/wp-json\/wp\/v2\/serie?post=6529"},{"taxonomy":"product_brand","embeddable":true,"href":"https:\/\/www.pladostelma.com\/es\/wp-json\/wp\/v2\/product_brand?post=6529"},{"taxonomy":"product_cat","embeddable":true,"href":"https:\/\/www.pladostelma.com\/es\/wp-json\/wp\/v2\/product_cat?post=6529"},{"taxonomy":"product_tag","embeddable":true,"href":"https:\/\/www.pladostelma.com\/es\/wp-json\/wp\/v2\/product_tag?post=6529"}],"curies":[{"name":"wp","href":"https:\/\/api.w.org\/{rel}","templated":true}]}}