{"id":5720,"date":"2015-04-27T10:56:59","date_gmt":"2015-04-27T08:56:59","guid":{"rendered":"https:\/\/www.pladostelma.com\/catalogue\/altri-accessori-detergente-disincrostante\/"},"modified":"2024-07-22T16:46:56","modified_gmt":"2024-07-22T14:46:56","slug":"extracare-2","status":"publish","type":"product","link":"https:\/\/www.pladostelma.com\/es\/extracare-2\/","title":{"rendered":"EXTRACARE"},"content":{"rendered":"<p>- F\u00e1cil de aplicar, tambi\u00e9n en vertical<br \/>\n- Delicado con los materiales sensibles a los \u00e1cidos<br \/>\n- Activo contra la suciedad persistente<\/p>","protected":false},"excerpt":{"rendered":"<p>500 ml - EXTRACARE es un quitamanchas para una limpieza extraordinaria. Activo contra la suciedad m\u00e1s incrustada, est\u00e1 dise\u00f1ado para desmanchar sin da\u00f1ar el color y el brillo de los fregaderos de composite. Gracias a su densa formulaci\u00f3n, tambi\u00e9n es adecuado para la aplicaci\u00f3n vertical. El producto se seca muy lentamente, permitiendo que los agentes activos reaccionen durante el mayor tiempo posible. Es muy f\u00e1cil de aplicar y no deja marcas. Lo ideal es utilizar Extracare despu\u00e9s de eliminar la cal con Dekal.<\/p>\n<p>&nbsp;<\/p>","protected":false},"featured_media":246802,"template":"","meta":{"_acf_changed":false,"_seopress_robots_primary_cat":"","_seopress_titles_title":"EXTRACARE descaling detergent","_seopress_titles_desc":"EXTRACARE descaling detergent","_seopress_robots_index":"","_uag_custom_page_level_css":"","iawp_total_views":390,"uix_meta_title":"","uix_meta_description":"","uix_canonical_url":""},"serie":[],"product_brand":[],"product_cat":[710,2607],"product_tag":[],"class_list":{"0":"post-5720","1":"product","2":"type-product","3":"status-publish","4":"has-post-thumbnail","6":"product_cat-accessori-lavelli-cucina","7":"product_cat-prodotti_pulizia","9":"first","10":"instock","11":"shipping-taxable","12":"purchasable","13":"product-type-simple"},"acf":[],"vendbase_acf":null,"vendbase_metabox":null,"uagb_featured_image_src":{"full":["https:\/\/www.pladostelma.com\/wp-content\/uploads\/EXTRACARE-1.jpg",494,1024,false],"thumbnail":["https:\/\/www.pladostelma.com\/wp-content\/uploads\/EXTRACARE-1-150x150.jpg",150,150,true],"medium":["https:\/\/www.pladostelma.com\/wp-content\/uploads\/EXTRACARE-1-300x300.jpg",300,300,true],"medium_large":["https:\/\/www.pladostelma.com\/wp-content\/uploads\/EXTRACARE-1-768x768.jpg",768,768,true],"large":["https:\/\/www.pladostelma.com\/wp-content\/uploads\/EXTRACARE-1-1024x1024.jpg",1024,1024,true],"1536x1536":["https:\/\/www.pladostelma.com\/wp-content\/uploads\/EXTRACARE-1.jpg",494,1024,false],"2048x2048":["https:\/\/www.pladostelma.com\/wp-content\/uploads\/EXTRACARE-1.jpg",494,1024,false],"trp-custom-language-flag":["https:\/\/www.pladostelma.com\/wp-content\/uploads\/EXTRACARE-1.jpg",6,12,false],"woocommerce_thumbnail":["https:\/\/www.pladostelma.com\/wp-content\/uploads\/EXTRACARE-1-300x300.jpg",300,300,true],"woocommerce_single":["https:\/\/www.pladostelma.com\/wp-content\/uploads\/EXTRACARE-1-600x600.jpg",600,600,true],"woocommerce_gallery_thumbnail":["https:\/\/www.pladostelma.com\/wp-content\/uploads\/EXTRACARE-1-100x100.jpg",100,100,true],"variation_swatches_image_size":["https:\/\/www.pladostelma.com\/wp-content\/uploads\/EXTRACARE-1.jpg",24,50,false],"variation_swatches_tooltip_size":["https:\/\/www.pladostelma.com\/wp-content\/uploads\/EXTRACARE-1.jpg",48,100,false]},"uagb_author_info":{"display_name":"admino","author_link":"https:\/\/www.pladostelma.com\/es\/author\/"},"uagb_comment_info":0,"uagb_excerpt":"500 ml - EXTRACARE \u00e8 un detergente smacchiante per le pulizie straordinarie. Attivo contro lo sporco pi\u00f9 ostinato, \u00e8 stato studiato per smacchiare senza danneggiare il colore e la lucentezza dei lavelli in materiale composito. Grazie alla sua formulazione densa \u00e8 indicato anche per l\u2019applicazione in verticale. Il prodotto asciuga molto lentamente, permettendo agli agenti&hellip;","_links":{"self":[{"href":"https:\/\/www.pladostelma.com\/es\/wp-json\/wp\/v2\/product\/5720","targetHints":{"allow":["GET"]}}],"collection":[{"href":"https:\/\/www.pladostelma.com\/es\/wp-json\/wp\/v2\/product"}],"about":[{"href":"https:\/\/www.pladostelma.com\/es\/wp-json\/wp\/v2\/types\/product"}],"wp:featuredmedia":[{"embeddable":true,"href":"https:\/\/www.pladostelma.com\/es\/wp-json\/wp\/v2\/media\/246802"}],"wp:attachment":[{"href":"https:\/\/www.pladostelma.com\/es\/wp-json\/wp\/v2\/media?parent=5720"}],"wp:term":[{"taxonomy":"serie","embeddable":true,"href":"https:\/\/www.pladostelma.com\/es\/wp-json\/wp\/v2\/serie?post=5720"},{"taxonomy":"product_brand","embeddable":true,"href":"https:\/\/www.pladostelma.com\/es\/wp-json\/wp\/v2\/product_brand?post=5720"},{"taxonomy":"product_cat","embeddable":true,"href":"https:\/\/www.pladostelma.com\/es\/wp-json\/wp\/v2\/product_cat?post=5720"},{"taxonomy":"product_tag","embeddable":true,"href":"https:\/\/www.pladostelma.com\/es\/wp-json\/wp\/v2\/product_tag?post=5720"}],"curies":[{"name":"wp","href":"https:\/\/api.w.org\/{rel}","templated":true}]}}