{"id":230408,"date":"2022-05-13T05:37:08","date_gmt":"2022-05-13T03:37:08","guid":{"rendered":"https:\/\/www.pladostelma.com\/?post_type=product&#038;p=230408"},"modified":"2024-07-11T13:39:20","modified_gmt":"2024-07-11T11:39:20","slug":"pbim640c","status":"publish","type":"product","link":"https:\/\/www.pladostelma.com\/es\/pbim640c\/","title":{"rendered":"PBIM640C"},"content":{"rendered":"<p>Tecnolog\u00eda: induzione<\/p>\n<p>Controles: controles t\u00e1ctiles - 9 niveles de potencia<\/p>\n<p>Caracter\u00edsticas: temporizador, bloqueo de seguridad para ni\u00f1os, indicador de calor residual, indicador de potencia, potencia extra, sensor de di\u00e1metro de la sart\u00e9n, sensor de derrame de l\u00edquidos<\/p>","protected":false},"excerpt":{"rendered":"<p>Placa de inducci\u00f3n de 60 cmone con 4 zonas de cocci\u00f3n.<\/p>","protected":false},"featured_media":230409,"template":"","meta":{"_acf_changed":false,"_seopress_robots_primary_cat":"","_seopress_titles_title":"","_seopress_titles_desc":"","_seopress_robots_index":"","_uag_custom_page_level_css":"","iawp_total_views":644,"uix_meta_title":"","uix_meta_description":"","uix_canonical_url":""},"serie":[],"product_brand":[],"product_cat":[552,561],"product_tag":[],"class_list":{"0":"post-230408","1":"product","2":"type-product","3":"status-publish","4":"has-post-thumbnail","6":"product_cat-elettrodomestici","7":"product_cat-piani-cottura-induzione","8":"pa_dimensions-600x520x50-mm","10":"first","11":"instock","12":"shipping-taxable","13":"purchasable","14":"product-type-simple"},"acf":[],"vendbase_acf":null,"vendbase_metabox":null,"uagb_featured_image_src":{"full":["https:\/\/www.pladostelma.com\/wp-content\/uploads\/PBIM640C.jpg",1476,1280,false],"thumbnail":["https:\/\/www.pladostelma.com\/wp-content\/uploads\/PBIM640C-150x150.jpg",150,150,true],"medium":["https:\/\/www.pladostelma.com\/wp-content\/uploads\/PBIM640C-300x300.jpg",300,300,true],"medium_large":["https:\/\/www.pladostelma.com\/wp-content\/uploads\/PBIM640C-768x768.jpg",768,768,true],"large":["https:\/\/www.pladostelma.com\/wp-content\/uploads\/PBIM640C-1024x1024.jpg",1024,1024,true],"1536x1536":["https:\/\/www.pladostelma.com\/wp-content\/uploads\/PBIM640C.jpg",1476,1280,false],"2048x2048":["https:\/\/www.pladostelma.com\/wp-content\/uploads\/PBIM640C.jpg",1476,1280,false],"trp-custom-language-flag":["https:\/\/www.pladostelma.com\/wp-content\/uploads\/PBIM640C.jpg",14,12,false],"woocommerce_thumbnail":["https:\/\/www.pladostelma.com\/wp-content\/uploads\/PBIM640C-300x300.jpg",300,300,true],"woocommerce_single":["https:\/\/www.pladostelma.com\/wp-content\/uploads\/PBIM640C-600x600.jpg",600,600,true],"woocommerce_gallery_thumbnail":["https:\/\/www.pladostelma.com\/wp-content\/uploads\/PBIM640C-100x100.jpg",100,100,true],"variation_swatches_image_size":["https:\/\/www.pladostelma.com\/wp-content\/uploads\/PBIM640C.jpg",50,43,false],"variation_swatches_tooltip_size":["https:\/\/www.pladostelma.com\/wp-content\/uploads\/PBIM640C.jpg",100,87,false]},"uagb_author_info":{"display_name":"admino","author_link":"https:\/\/www.pladostelma.com\/es\/author\/"},"uagb_comment_info":0,"uagb_excerpt":"Piano cottura ad induzione da 60 cm con 4 zone di cottura.","_links":{"self":[{"href":"https:\/\/www.pladostelma.com\/es\/wp-json\/wp\/v2\/product\/230408","targetHints":{"allow":["GET"]}}],"collection":[{"href":"https:\/\/www.pladostelma.com\/es\/wp-json\/wp\/v2\/product"}],"about":[{"href":"https:\/\/www.pladostelma.com\/es\/wp-json\/wp\/v2\/types\/product"}],"wp:featuredmedia":[{"embeddable":true,"href":"https:\/\/www.pladostelma.com\/es\/wp-json\/wp\/v2\/media\/230409"}],"wp:attachment":[{"href":"https:\/\/www.pladostelma.com\/es\/wp-json\/wp\/v2\/media?parent=230408"}],"wp:term":[{"taxonomy":"serie","embeddable":true,"href":"https:\/\/www.pladostelma.com\/es\/wp-json\/wp\/v2\/serie?post=230408"},{"taxonomy":"product_brand","embeddable":true,"href":"https:\/\/www.pladostelma.com\/es\/wp-json\/wp\/v2\/product_brand?post=230408"},{"taxonomy":"product_cat","embeddable":true,"href":"https:\/\/www.pladostelma.com\/es\/wp-json\/wp\/v2\/product_cat?post=230408"},{"taxonomy":"product_tag","embeddable":true,"href":"https:\/\/www.pladostelma.com\/es\/wp-json\/wp\/v2\/product_tag?post=230408"}],"curies":[{"name":"wp","href":"https:\/\/api.w.org\/{rel}","templated":true}]}}