{"id":230121,"date":"2022-05-12T17:43:38","date_gmt":"2022-05-12T15:43:38","guid":{"rendered":"https:\/\/www.pladostelma.com\/?post_type=product&#038;p=230121"},"modified":"2025-05-06T09:51:41","modified_gmt":"2025-05-06T07:51:41","slug":"on6910st-2","status":"publish","type":"product","link":"https:\/\/www.pladostelma.com\/es\/on6910st-2\/","title":{"rendered":"ON6910ST"},"content":{"rendered":"","protected":false},"excerpt":{"rendered":"<p>660\u00d7443 mm - Fregadero de una cubeta con agujeros preperforados para la instalaci\u00f3n de grifer\u00eda y accesoriosone.<\/p>\n<p>Equipado con la tecnolog\u00eda patentada ARIAPURA, que contribuye a que el fregadero sea antibacteriano, anticontaminante y m\u00e1s f\u00e1cil de limpiar.<\/p>\n<p>Todos los fregaderos pueden mejorarse con accesorios que hacen que la zona de lavado sea no s\u00f3lo m\u00e1s pr\u00e1ctica y funcional, sino tambi\u00e9n m\u00e1s c\u00f3moda y elegante.<\/p>","protected":false},"featured_media":230106,"template":"","meta":{"_acf_changed":false,"_seopress_robots_primary_cat":"none","_seopress_titles_title":"","_seopress_titles_desc":"","_seopress_robots_index":"","_uag_custom_page_level_css":"","iawp_total_views":433,"uix_meta_title":"","uix_meta_description":"","uix_canonical_url":""},"serie":[],"product_brand":[],"product_cat":[932,864],"product_tag":[],"class_list":{"0":"post-230121","1":"product","2":"type-product","3":"status-publish","4":"has-post-thumbnail","6":"product_cat-cube-sottotop","7":"product_cat-telma-lavelli-cucina","8":"pa_dimensions-690x443","9":"pa_series-one","10":"pa_sink-type-lavello-una-vasca","12":"first","13":"instock","14":"shipping-taxable","15":"purchasable","16":"product-type-variable","17":"wvs-archive-product-wrapper"},"acf":[],"vendbase_acf":null,"vendbase_metabox":null,"uagb_featured_image_src":{"full":["https:\/\/www.pladostelma.com\/wp-content\/uploads\/ON6910ST_58.jpg",2076,1280,false],"thumbnail":["https:\/\/www.pladostelma.com\/wp-content\/uploads\/ON6910ST_58-150x150.jpg",150,150,true],"medium":["https:\/\/www.pladostelma.com\/wp-content\/uploads\/ON6910ST_58-300x300.jpg",300,300,true],"medium_large":["https:\/\/www.pladostelma.com\/wp-content\/uploads\/ON6910ST_58-768x768.jpg",768,768,true],"large":["https:\/\/www.pladostelma.com\/wp-content\/uploads\/ON6910ST_58-1024x1024.jpg",1024,1024,true],"1536x1536":["https:\/\/www.pladostelma.com\/wp-content\/uploads\/ON6910ST_58.jpg",1536,947,false],"2048x2048":["https:\/\/www.pladostelma.com\/wp-content\/uploads\/ON6910ST_58.jpg",2048,1263,false],"trp-custom-language-flag":["https:\/\/www.pladostelma.com\/wp-content\/uploads\/ON6910ST_58.jpg",18,12,false],"woocommerce_thumbnail":["https:\/\/www.pladostelma.com\/wp-content\/uploads\/ON6910ST_58-300x300.jpg",300,300,true],"woocommerce_single":["https:\/\/www.pladostelma.com\/wp-content\/uploads\/ON6910ST_58-600x600.jpg",600,600,true],"woocommerce_gallery_thumbnail":["https:\/\/www.pladostelma.com\/wp-content\/uploads\/ON6910ST_58-100x100.jpg",100,100,true],"variation_swatches_image_size":["https:\/\/www.pladostelma.com\/wp-content\/uploads\/ON6910ST_58.jpg",50,31,false],"variation_swatches_tooltip_size":["https:\/\/www.pladostelma.com\/wp-content\/uploads\/ON6910ST_58.jpg",100,62,false]},"uagb_author_info":{"display_name":"admino","author_link":"https:\/\/www.pladostelma.com\/es\/author\/"},"uagb_comment_info":0,"uagb_excerpt":"660x443 mm - Lavello a una vasca con pre-fori per installazione rubinetteria e accessori. Provvisto di tecnologia brevettata ARIAPURA, che contribuisce a rendere il lavello antibatterico, antinquinante e pi\u00f9 facile da pulire. Tutti i lavelli possono essere arricchiti con accessori che rendono la zona lavaggio non solo pi\u00f9 pratica e funzionale ma anche pi\u00f9 comoda&hellip;","_links":{"self":[{"href":"https:\/\/www.pladostelma.com\/es\/wp-json\/wp\/v2\/product\/230121","targetHints":{"allow":["GET"]}}],"collection":[{"href":"https:\/\/www.pladostelma.com\/es\/wp-json\/wp\/v2\/product"}],"about":[{"href":"https:\/\/www.pladostelma.com\/es\/wp-json\/wp\/v2\/types\/product"}],"wp:featuredmedia":[{"embeddable":true,"href":"https:\/\/www.pladostelma.com\/es\/wp-json\/wp\/v2\/media\/230106"}],"wp:attachment":[{"href":"https:\/\/www.pladostelma.com\/es\/wp-json\/wp\/v2\/media?parent=230121"}],"wp:term":[{"taxonomy":"serie","embeddable":true,"href":"https:\/\/www.pladostelma.com\/es\/wp-json\/wp\/v2\/serie?post=230121"},{"taxonomy":"product_brand","embeddable":true,"href":"https:\/\/www.pladostelma.com\/es\/wp-json\/wp\/v2\/product_brand?post=230121"},{"taxonomy":"product_cat","embeddable":true,"href":"https:\/\/www.pladostelma.com\/es\/wp-json\/wp\/v2\/product_cat?post=230121"},{"taxonomy":"product_tag","embeddable":true,"href":"https:\/\/www.pladostelma.com\/es\/wp-json\/wp\/v2\/product_tag?post=230121"}],"curies":[{"name":"wp","href":"https:\/\/api.w.org\/{rel}","templated":true}]}}