{"id":203112,"date":"2020-11-11T09:31:41","date_gmt":"2020-11-11T08:31:41","guid":{"rendered":"https:\/\/www.pladostelma.com\/?post_type=product&#038;p=203112"},"modified":"2025-05-19T10:12:15","modified_gmt":"2025-05-19T08:12:15","slug":"am9915","status":"publish","type":"product","link":"https:\/\/www.pladostelma.com\/es\/am9915\/","title":{"rendered":"AM9915"},"content":{"rendered":"","protected":false},"excerpt":{"rendered":"<p>990\u00d7500 mm - Fregadero de cubeta y media m\u00e1s bandeja de goteo, reversible, con agujeros preperforados para la instalaci\u00f3n de grifer\u00edaone y accesorios.<\/p>\n<p>Equipado con la tecnolog\u00eda patentada ARIAPURA, que contribuye a que el fregadero sea antibacteriano, anticontaminante y m\u00e1s f\u00e1cil de limpiar.<\/p>\n<p>Todos los fregaderos pueden mejorarse con accesorios que hacen que la zona de lavado sea no s\u00f3lo m\u00e1s pr\u00e1ctica y funcional, sino tambi\u00e9n m\u00e1s c\u00f3moda y elegante.<\/p>","protected":false},"featured_media":247543,"template":"","meta":{"_acf_changed":false,"_seopress_robots_primary_cat":"none","_seopress_titles_title":"PLADOS ELEGANCE 9915 Lavello ad una vasca e mezzo pi\u00f9 scolapiatti","_seopress_titles_desc":"PLADOS ELEGANCE 9915 Lavello ad una vasca e mezzo pi\u00f9 scolapiatti","_seopress_robots_index":"","_uag_custom_page_level_css":"","iawp_total_views":741,"uix_meta_title":"","uix_meta_description":"","uix_canonical_url":""},"serie":[2662],"product_brand":[],"product_cat":[558,101],"product_tag":[705],"class_list":{"0":"post-203112","1":"product","2":"type-product","3":"status-publish","4":"has-post-thumbnail","6":"serie-elegance","7":"product_cat-elegance","8":"product_cat-lavelli-cucina-plados","9":"product_tag-elegance","10":"pa_dimensions-990x500mm","11":"pa_pladoscolors-135","12":"pa_pladoscolors-137","13":"pa_pladoscolors-138","14":"pa_pladoscolors-2303","15":"pa_pladoscolors-122","16":"pa_pladoscolors-124","17":"pa_pladoscolors-125","18":"pa_pladoscolors-126","19":"pa_pladoscolors-127","20":"pa_pladoscolors-128","21":"pa_pladoscolors-98-bianco","22":"pa_pladoscolors-2304","23":"pa_pladoscolors-129","24":"pa_pladoscolors-130","25":"pa_pladoscolors-131","26":"pa_series-elegance","27":"pa_sink-type-lavello-una-vasca-mezza-gocciolatoio","29":"first","30":"instock","31":"shipping-taxable","32":"purchasable","33":"product-type-variable","34":"wvs-archive-product-wrapper"},"acf":[],"vendbase_acf":null,"vendbase_metabox":null,"uagb_featured_image_src":{"full":["https:\/\/www.pladostelma.com\/wp-content\/uploads\/AM9915_42-scaled.jpg",2560,1386,false],"thumbnail":["https:\/\/www.pladostelma.com\/wp-content\/uploads\/AM9915_42-150x150.jpg",150,150,true],"medium":["https:\/\/www.pladostelma.com\/wp-content\/uploads\/AM9915_42-300x300.jpg",300,300,true],"medium_large":["https:\/\/www.pladostelma.com\/wp-content\/uploads\/AM9915_42-768x768.jpg",768,768,true],"large":["https:\/\/www.pladostelma.com\/wp-content\/uploads\/AM9915_42-1024x1024.jpg",1024,1024,true],"1536x1536":["https:\/\/www.pladostelma.com\/wp-content\/uploads\/AM9915_42-scaled.jpg",1536,832,false],"2048x2048":["https:\/\/www.pladostelma.com\/wp-content\/uploads\/AM9915_42-scaled.jpg",2048,1109,false],"trp-custom-language-flag":["https:\/\/www.pladostelma.com\/wp-content\/uploads\/AM9915_42-scaled.jpg",18,10,false],"woocommerce_thumbnail":["https:\/\/www.pladostelma.com\/wp-content\/uploads\/AM9915_42-300x300.jpg",300,300,true],"woocommerce_single":["https:\/\/www.pladostelma.com\/wp-content\/uploads\/AM9915_42-600x600.jpg",600,600,true],"woocommerce_gallery_thumbnail":["https:\/\/www.pladostelma.com\/wp-content\/uploads\/AM9915_42-100x100.jpg",100,100,true],"variation_swatches_image_size":["https:\/\/www.pladostelma.com\/wp-content\/uploads\/AM9915_42-scaled.jpg",50,27,false],"variation_swatches_tooltip_size":["https:\/\/www.pladostelma.com\/wp-content\/uploads\/AM9915_42-scaled.jpg",100,54,false]},"uagb_author_info":{"display_name":"Luca Cavaleri","author_link":"https:\/\/www.pladostelma.com\/es\/author\/"},"uagb_comment_info":0,"uagb_excerpt":"990x500 mm - Lavello a una vasca e mezzo pi\u00f9 gocciolatoio, reversibile, con pre-fori per installazione rubinetteria e accessori. Provvisto di tecnologia brevettata ARIAPURA, che contribuisce a rendere il lavello antibatterico, antinquinante e pi\u00f9 facile da pulire. Tutti i lavelli possono essere arricchiti con accessori che rendono la zona lavaggio non solo pi\u00f9 pratica e&hellip;","_links":{"self":[{"href":"https:\/\/www.pladostelma.com\/es\/wp-json\/wp\/v2\/product\/203112","targetHints":{"allow":["GET"]}}],"collection":[{"href":"https:\/\/www.pladostelma.com\/es\/wp-json\/wp\/v2\/product"}],"about":[{"href":"https:\/\/www.pladostelma.com\/es\/wp-json\/wp\/v2\/types\/product"}],"wp:featuredmedia":[{"embeddable":true,"href":"https:\/\/www.pladostelma.com\/es\/wp-json\/wp\/v2\/media\/247543"}],"wp:attachment":[{"href":"https:\/\/www.pladostelma.com\/es\/wp-json\/wp\/v2\/media?parent=203112"}],"wp:term":[{"taxonomy":"serie","embeddable":true,"href":"https:\/\/www.pladostelma.com\/es\/wp-json\/wp\/v2\/serie?post=203112"},{"taxonomy":"product_brand","embeddable":true,"href":"https:\/\/www.pladostelma.com\/es\/wp-json\/wp\/v2\/product_brand?post=203112"},{"taxonomy":"product_cat","embeddable":true,"href":"https:\/\/www.pladostelma.com\/es\/wp-json\/wp\/v2\/product_cat?post=203112"},{"taxonomy":"product_tag","embeddable":true,"href":"https:\/\/www.pladostelma.com\/es\/wp-json\/wp\/v2\/product_tag?post=203112"}],"curies":[{"name":"wp","href":"https:\/\/api.w.org\/{rel}","templated":true}]}}