{"id":15020,"date":"2019-06-10T11:26:44","date_gmt":"2019-06-10T09:26:44","guid":{"rendered":"https:\/\/www.pladostelma.com\/catalogue\/fta8320-2\/"},"modified":"2025-02-18T09:43:28","modified_gmt":"2025-02-18T08:43:28","slug":"telma-fta8320","status":"publish","type":"product","link":"https:\/\/www.pladostelma.com\/es\/telma-fta8320\/","title":{"rendered":"FTA8320"},"content":{"rendered":"","protected":false},"excerpt":{"rendered":"<p>830\u00d7500 mm - Fregadero de esquina con dos cubetas m\u00e1s bandeja de goteo, con agujeros preperforados para la instalaci\u00f3n de grifosone y accesorios.<\/p>\n<p>Equipado con la tecnolog\u00eda patentada ARIAPURA, que contribuye a que el fregadero sea antibacteriano, anticontaminante y m\u00e1s f\u00e1cil de limpiar.<\/p>\n<p>Todos los fregaderos pueden mejorarse con accesorios que hacen que la zona de lavado sea no s\u00f3lo m\u00e1s pr\u00e1ctica y funcional, sino tambi\u00e9n m\u00e1s c\u00f3moda y elegante.<\/p>","protected":false},"featured_media":247822,"template":"","meta":{"_acf_changed":false,"_seopress_robots_primary_cat":"none","_seopress_titles_title":"TELMA FUTURA 11620 double basin corner sink with drainer","_seopress_titles_desc":"TELMA FUTURA 11620 double basin corner sink with drainer","_seopress_robots_index":"","_uag_custom_page_level_css":"","iawp_total_views":1488,"uix_meta_title":"","uix_meta_description":"","uix_canonical_url":""},"serie":[],"product_brand":[],"product_cat":[880,864],"product_tag":[881],"class_list":{"0":"post-15020","1":"product","2":"type-product","3":"status-publish","4":"has-post-thumbnail","6":"product_cat-futura","7":"product_cat-telma-lavelli-cucina","8":"product_tag-futura","9":"pa_dimensions-830x500mm","10":"pa_series-futura","11":"pa_sink-type-lavello-due-vasche-gocciolatoio","13":"first","14":"instock","15":"shipping-taxable","16":"purchasable","17":"product-type-variable","18":"wvs-archive-product-wrapper"},"acf":[],"vendbase_acf":null,"vendbase_metabox":null,"uagb_featured_image_src":{"full":["https:\/\/www.pladostelma.com\/wp-content\/uploads\/FTA8320_70.jpg",2499,1772,false],"thumbnail":["https:\/\/www.pladostelma.com\/wp-content\/uploads\/FTA8320_70-150x150.jpg",150,150,true],"medium":["https:\/\/www.pladostelma.com\/wp-content\/uploads\/FTA8320_70-300x300.jpg",300,300,true],"medium_large":["https:\/\/www.pladostelma.com\/wp-content\/uploads\/FTA8320_70-768x768.jpg",768,768,true],"large":["https:\/\/www.pladostelma.com\/wp-content\/uploads\/FTA8320_70-1024x1024.jpg",1024,1024,true],"1536x1536":["https:\/\/www.pladostelma.com\/wp-content\/uploads\/FTA8320_70.jpg",1536,1089,false],"2048x2048":["https:\/\/www.pladostelma.com\/wp-content\/uploads\/FTA8320_70.jpg",2048,1452,false],"trp-custom-language-flag":["https:\/\/www.pladostelma.com\/wp-content\/uploads\/FTA8320_70.jpg",18,12,false],"woocommerce_thumbnail":["https:\/\/www.pladostelma.com\/wp-content\/uploads\/FTA8320_70-300x300.jpg",300,300,true],"woocommerce_single":["https:\/\/www.pladostelma.com\/wp-content\/uploads\/FTA8320_70-600x600.jpg",600,600,true],"woocommerce_gallery_thumbnail":["https:\/\/www.pladostelma.com\/wp-content\/uploads\/FTA8320_70-100x100.jpg",100,100,true],"variation_swatches_image_size":["https:\/\/www.pladostelma.com\/wp-content\/uploads\/FTA8320_70.jpg",50,35,false],"variation_swatches_tooltip_size":["https:\/\/www.pladostelma.com\/wp-content\/uploads\/FTA8320_70.jpg",100,71,false]},"uagb_author_info":{"display_name":"admino","author_link":"https:\/\/www.pladostelma.com\/es\/author\/"},"uagb_comment_info":0,"uagb_excerpt":"830x500 mm - Lavello angolare a due vasche pi\u00f9 gocciolatoio, con pre-fori per installazione rubinetteria e accessori. Provvisto di tecnologia brevettata ARIAPURA, che contribuisce a rendere il lavello antibatterico, antinquinante e pi\u00f9 facile da pulire. Tutti i lavelli possono essere arricchiti con accessori che rendono la zona lavaggio non solo pi\u00f9 pratica e funzionale ma&hellip;","_links":{"self":[{"href":"https:\/\/www.pladostelma.com\/es\/wp-json\/wp\/v2\/product\/15020","targetHints":{"allow":["GET"]}}],"collection":[{"href":"https:\/\/www.pladostelma.com\/es\/wp-json\/wp\/v2\/product"}],"about":[{"href":"https:\/\/www.pladostelma.com\/es\/wp-json\/wp\/v2\/types\/product"}],"wp:featuredmedia":[{"embeddable":true,"href":"https:\/\/www.pladostelma.com\/es\/wp-json\/wp\/v2\/media\/247822"}],"wp:attachment":[{"href":"https:\/\/www.pladostelma.com\/es\/wp-json\/wp\/v2\/media?parent=15020"}],"wp:term":[{"taxonomy":"serie","embeddable":true,"href":"https:\/\/www.pladostelma.com\/es\/wp-json\/wp\/v2\/serie?post=15020"},{"taxonomy":"product_brand","embeddable":true,"href":"https:\/\/www.pladostelma.com\/es\/wp-json\/wp\/v2\/product_brand?post=15020"},{"taxonomy":"product_cat","embeddable":true,"href":"https:\/\/www.pladostelma.com\/es\/wp-json\/wp\/v2\/product_cat?post=15020"},{"taxonomy":"product_tag","embeddable":true,"href":"https:\/\/www.pladostelma.com\/es\/wp-json\/wp\/v2\/product_tag?post=15020"}],"curies":[{"name":"wp","href":"https:\/\/api.w.org\/{rel}","templated":true}]}}