{"id":14867,"date":"2019-06-10T11:24:46","date_gmt":"2019-06-10T09:24:46","guid":{"rendered":"https:\/\/www.pladostelma.com\/catalogue\/hr6150-2\/"},"modified":"2024-05-23T11:22:50","modified_gmt":"2024-05-23T09:22:50","slug":"telma-hr6150","status":"publish","type":"product","link":"https:\/\/www.pladostelma.com\/es\/telma-hr6150\/","title":{"rendered":"HR6150"},"content":{"rendered":"","protected":false},"excerpt":{"rendered":"<p>615\u00d7500 mm - Fregadero de una cubeta m\u00e1s bandeja de goteo, reversible, con agujeros preperforados para la instalaci\u00f3n de grifer\u00edaone y accesorios.<\/p>\n<p>Equipado con la tecnolog\u00eda patentada ARIAPURA, que contribuye a que el fregadero sea antibacteriano, anticontaminante y m\u00e1s f\u00e1cil de limpiar.<\/p>\n<p>Todos los fregaderos pueden mejorarse con accesorios que hacen que la zona de lavado sea no s\u00f3lo m\u00e1s pr\u00e1ctica y funcional, sino tambi\u00e9n m\u00e1s c\u00f3moda y elegante.<\/p>","protected":false},"featured_media":9535,"template":"","meta":{"_acf_changed":false,"_seopress_robots_primary_cat":"","_seopress_titles_title":"TELMA FORMA 6110 Single basin sink with drainer","_seopress_titles_desc":"TELMA FORMA 6110 Single basin sink with drainer","_seopress_robots_index":"","_uag_custom_page_level_css":"","iawp_total_views":186,"uix_meta_title":"","uix_meta_description":"","uix_canonical_url":""},"serie":[],"product_brand":[],"product_cat":[882,864],"product_tag":[883],"class_list":{"0":"post-14867","1":"product","2":"type-product","3":"status-publish","4":"has-post-thumbnail","6":"product_cat-forma","7":"product_cat-telma-lavelli-cucina","8":"product_tag-forma","9":"pa_dimensions-615x500mm","10":"pa_series-forma","11":"pa_sink-type-lavello-una-vasca-gocciolatoio","13":"first","14":"instock","15":"shipping-taxable","16":"purchasable","17":"product-type-variable","18":"wvs-archive-product-wrapper"},"acf":[],"vendbase_acf":null,"vendbase_metabox":null,"uagb_featured_image_src":{"full":["https:\/\/www.pladostelma.com\/wp-content\/uploads\/2019\/04\/HR6150_58.jpg",1920,1604,false],"thumbnail":["https:\/\/www.pladostelma.com\/wp-content\/uploads\/2019\/04\/HR6150_58-150x150.jpg",150,150,true],"medium":["https:\/\/www.pladostelma.com\/wp-content\/uploads\/2019\/04\/HR6150_58-300x300.jpg",300,300,true],"medium_large":["https:\/\/www.pladostelma.com\/wp-content\/uploads\/2019\/04\/HR6150_58-768x768.jpg",768,768,true],"large":["https:\/\/www.pladostelma.com\/wp-content\/uploads\/2019\/04\/HR6150_58-1024x1024.jpg",1024,1024,true],"1536x1536":["https:\/\/www.pladostelma.com\/wp-content\/uploads\/2019\/04\/HR6150_58.jpg",1536,1283,false],"2048x2048":["https:\/\/www.pladostelma.com\/wp-content\/uploads\/2019\/04\/HR6150_58.jpg",1920,1604,false],"trp-custom-language-flag":["https:\/\/www.pladostelma.com\/wp-content\/uploads\/2019\/04\/HR6150_58.jpg",14,12,false],"woocommerce_thumbnail":["https:\/\/www.pladostelma.com\/wp-content\/uploads\/2019\/04\/HR6150_58-300x300.jpg",300,300,true],"woocommerce_single":["https:\/\/www.pladostelma.com\/wp-content\/uploads\/2019\/04\/HR6150_58-600x600.jpg",600,600,true],"woocommerce_gallery_thumbnail":["https:\/\/www.pladostelma.com\/wp-content\/uploads\/2019\/04\/HR6150_58-100x100.jpg",100,100,true],"variation_swatches_image_size":["https:\/\/www.pladostelma.com\/wp-content\/uploads\/2019\/04\/HR6150_58.jpg",50,42,false],"variation_swatches_tooltip_size":["https:\/\/www.pladostelma.com\/wp-content\/uploads\/2019\/04\/HR6150_58.jpg",100,84,false]},"uagb_author_info":{"display_name":"admino","author_link":"https:\/\/www.pladostelma.com\/es\/author\/"},"uagb_comment_info":0,"uagb_excerpt":"615x500 mm - Lavello a una vasca pi\u00f9 gocciolatoio, reversibile, con pre-fori per installazione rubinetteria e accessori. Provvisto di tecnologia brevettata ARIAPURA, che contribuisce a rendere il lavello antibatterico, antinquinante e pi\u00f9 facile da pulire. Tutti i lavelli possono essere arricchiti con accessori che rendono la zona lavaggio non solo pi\u00f9 pratica e funzionale ma&hellip;","_links":{"self":[{"href":"https:\/\/www.pladostelma.com\/es\/wp-json\/wp\/v2\/product\/14867","targetHints":{"allow":["GET"]}}],"collection":[{"href":"https:\/\/www.pladostelma.com\/es\/wp-json\/wp\/v2\/product"}],"about":[{"href":"https:\/\/www.pladostelma.com\/es\/wp-json\/wp\/v2\/types\/product"}],"wp:featuredmedia":[{"embeddable":true,"href":"https:\/\/www.pladostelma.com\/es\/wp-json\/wp\/v2\/media\/9535"}],"wp:attachment":[{"href":"https:\/\/www.pladostelma.com\/es\/wp-json\/wp\/v2\/media?parent=14867"}],"wp:term":[{"taxonomy":"serie","embeddable":true,"href":"https:\/\/www.pladostelma.com\/es\/wp-json\/wp\/v2\/serie?post=14867"},{"taxonomy":"product_brand","embeddable":true,"href":"https:\/\/www.pladostelma.com\/es\/wp-json\/wp\/v2\/product_brand?post=14867"},{"taxonomy":"product_cat","embeddable":true,"href":"https:\/\/www.pladostelma.com\/es\/wp-json\/wp\/v2\/product_cat?post=14867"},{"taxonomy":"product_tag","embeddable":true,"href":"https:\/\/www.pladostelma.com\/es\/wp-json\/wp\/v2\/product_tag?post=14867"}],"curies":[{"name":"wp","href":"https:\/\/api.w.org\/{rel}","templated":true}]}}