{"id":10500,"date":"2019-05-10T09:39:00","date_gmt":"2019-05-10T07:39:00","guid":{"rendered":"https:\/\/www.pladostelma.com\/?post_type=product&#038;p=10500"},"modified":"2025-12-03T11:40:54","modified_gmt":"2025-12-03T10:40:54","slug":"springp40","status":"publish","type":"product","link":"https:\/\/www.pladostelma.com\/es\/springp40\/","title":{"rendered":"SPRINGP40"},"content":{"rendered":"","protected":false},"excerpt":{"rendered":"<p>Mezclador monomando con teleducha extra\u00edble de doble chorro, conexi\u00f3n autom\u00e1tica para ducha.<\/p>\n<div id=\"brxe-hsrpmw\" class=\"brxe-div col-span--4 bg--secondary col-span--m-6\">\n<div class=\"brxe-product-short-description\">\n<div class=\"woocommerce-product-details__short-description\">\n<p>&nbsp;<\/p>\n<\/div>\n<\/div>\n<\/div>","protected":false},"featured_media":246550,"template":"","meta":{"_acf_changed":false,"_seopress_robots_primary_cat":"none","_seopress_titles_title":"PLADOS SPRINGP40 single lever mixer with spring spout and detachable head","_seopress_titles_desc":"PLADOS SPRINGP40 single lever mixer with spring spout and detachable head","_seopress_robots_index":"","_uag_custom_page_level_css":"","iawp_total_views":532,"uix_meta_title":"","uix_meta_description":"","uix_canonical_url":""},"serie":[],"product_brand":[],"product_cat":[551,2495],"product_tag":[],"class_list":{"0":"post-10500","1":"product","2":"type-product","3":"status-publish","4":"has-post-thumbnail","6":"product_cat-miscelatori","7":"product_cat-professional","8":"pa_pladoscolors-c40","9":"pa_pladoscolors-124","11":"first","12":"instock","13":"shipping-taxable","14":"purchasable","15":"product-type-variable","16":"wvs-archive-product-wrapper"},"acf":[],"vendbase_acf":null,"vendbase_metabox":null,"uagb_featured_image_src":{"full":["https:\/\/www.pladostelma.com\/wp-content\/uploads\/SPRINGP40.jpg",663,1280,false],"thumbnail":["https:\/\/www.pladostelma.com\/wp-content\/uploads\/SPRINGP40-150x150.jpg",150,150,true],"medium":["https:\/\/www.pladostelma.com\/wp-content\/uploads\/SPRINGP40-300x300.jpg",300,300,true],"medium_large":["https:\/\/www.pladostelma.com\/wp-content\/uploads\/SPRINGP40-768x768.jpg",768,768,true],"large":["https:\/\/www.pladostelma.com\/wp-content\/uploads\/SPRINGP40-1024x1024.jpg",1024,1024,true],"1536x1536":["https:\/\/www.pladostelma.com\/wp-content\/uploads\/SPRINGP40.jpg",663,1280,false],"2048x2048":["https:\/\/www.pladostelma.com\/wp-content\/uploads\/SPRINGP40.jpg",663,1280,false],"trp-custom-language-flag":["https:\/\/www.pladostelma.com\/wp-content\/uploads\/SPRINGP40.jpg",6,12,false],"woocommerce_thumbnail":["https:\/\/www.pladostelma.com\/wp-content\/uploads\/SPRINGP40-300x300.jpg",300,300,true],"woocommerce_single":["https:\/\/www.pladostelma.com\/wp-content\/uploads\/SPRINGP40-600x600.jpg",600,600,true],"woocommerce_gallery_thumbnail":["https:\/\/www.pladostelma.com\/wp-content\/uploads\/SPRINGP40-100x100.jpg",100,100,true],"variation_swatches_image_size":["https:\/\/www.pladostelma.com\/wp-content\/uploads\/SPRINGP40.jpg",26,50,false],"variation_swatches_tooltip_size":["https:\/\/www.pladostelma.com\/wp-content\/uploads\/SPRINGP40.jpg",52,100,false]},"uagb_author_info":{"display_name":"Luca Cavaleri","author_link":"https:\/\/www.pladostelma.com\/es\/author\/"},"uagb_comment_info":0,"uagb_excerpt":"Miscelatore monocomando con doccetta sganciabile a doppio getto, attacco doccia automatico. &nbsp;","_links":{"self":[{"href":"https:\/\/www.pladostelma.com\/es\/wp-json\/wp\/v2\/product\/10500","targetHints":{"allow":["GET"]}}],"collection":[{"href":"https:\/\/www.pladostelma.com\/es\/wp-json\/wp\/v2\/product"}],"about":[{"href":"https:\/\/www.pladostelma.com\/es\/wp-json\/wp\/v2\/types\/product"}],"wp:featuredmedia":[{"embeddable":true,"href":"https:\/\/www.pladostelma.com\/es\/wp-json\/wp\/v2\/media\/246550"}],"wp:attachment":[{"href":"https:\/\/www.pladostelma.com\/es\/wp-json\/wp\/v2\/media?parent=10500"}],"wp:term":[{"taxonomy":"serie","embeddable":true,"href":"https:\/\/www.pladostelma.com\/es\/wp-json\/wp\/v2\/serie?post=10500"},{"taxonomy":"product_brand","embeddable":true,"href":"https:\/\/www.pladostelma.com\/es\/wp-json\/wp\/v2\/product_brand?post=10500"},{"taxonomy":"product_cat","embeddable":true,"href":"https:\/\/www.pladostelma.com\/es\/wp-json\/wp\/v2\/product_cat?post=10500"},{"taxonomy":"product_tag","embeddable":true,"href":"https:\/\/www.pladostelma.com\/es\/wp-json\/wp\/v2\/product_tag?post=10500"}],"curies":[{"name":"wp","href":"https:\/\/api.w.org\/{rel}","templated":true}]}}