{"id":2923,"date":"2015-05-13T09:38:24","date_gmt":"2015-05-13T07:38:24","guid":{"rendered":"https:\/\/www.pladostelma.com\/privacypolicy\/"},"modified":"2020-11-10T16:24:14","modified_gmt":"2020-11-10T15:24:14","slug":"privacy-policy","status":"publish","type":"page","link":"https:\/\/www.pladostelma.com\/es\/privacy-policy\/","title":{"rendered":"Pol\u00edtica de privacidad"},"content":{"rendered":"<p>\n\t\t\tSu privacidad es muy importante para nosotros. En <strong>Plados S.P.A.<\/strong> Tenemos algunos principios fundamentales:\n\t\t<\/p>\n\n\n\n<ul class=\"wp-block-list\"><li>Somos conscientes de la informaci\u00f3n personal que le pedimos que nos proporcione y de la informaci\u00f3n personal que recopilamos sobre usted a trav\u00e9s del funcionamiento de nuestros servicios.<\/li><li>Almacenamos la informaci\u00f3n personal s\u00f3lo mientras tenemos una raz\u00f3n para conservarla.<\/li><li>Nuestro objetivo es simplificar al m\u00e1ximo el control de lo que se comparte p\u00fablicamente (o se mantiene privado) en su sitio web, lo que indexan los motores de b\u00fasqueda y lo que se elimina permanentemente.<\/li><li>Le ayudamos a protegerse de las exigencias exageradas del gobierno en cuanto a su informaci\u00f3n personal.<\/li><li>Nuestro objetivo es la total transparencia sobre c\u00f3mo recopilamos, utilizamos y compartimos su informaci\u00f3n personal.<\/li><li>A continuaci\u00f3n se presenta nuestra pol\u00edtica de privacidad, que incorpora y aclara estos principios.<\/li><\/ul>\n\n\n\n<h2 class=\"wp-block-heading\">Qu\u00e9 cubre esta p\u00f3liza<\/h2>\n\n\n\n<p>Esta pol\u00edtica de privacidad se aplica a la informaci\u00f3n que recogemos sobre usted cuando la utiliza:<\/p>\n\n\n\n<p>Nuestro sitio web (incluyendo <strong>https:\/\/www.pladostelma.com<\/strong>, );<\/p>\n\n\n\n<p>A lo largo de esta Pol\u00edtica de Privacidad nos referiremos a nuestros sitios web, productos y servicios colectivamente como \"Sitio web\". Tenga en cuenta que esta pol\u00edtica de privacidad no se aplica a ninguno de nuestros productos o servicios que tienen una pol\u00edtica de privacidad independiente. A continuaci\u00f3n le explicamos c\u00f3mo recopilamos, utilizamos y compartimos informaci\u00f3n sobre usted, junto con las opciones que tiene con respecto a dicha informaci\u00f3n.<\/p>\n\n\n\n<h2 class=\"wp-block-heading\">Informaci\u00f3n que recogemos<\/h2>\n\n\n\n<p>S\u00f3lo recopilamos informaci\u00f3n sobre usted si tenemos una raz\u00f3n para hacerlo, por ejemplo, para proporcionar un servicio o informaci\u00f3n a trav\u00e9s del sitio web, para comunicarnos con usted o para mejorar nuestro sitio web. Recopilamos informaci\u00f3n de tres maneras: cuando usted nos proporciona informaci\u00f3n, autom\u00e1ticamente a trav\u00e9s del funcionamiento de nuestro sitio web y de fuentes externas. Vamos a repasar la informaci\u00f3n que recogemos.<\/p>\n\n\n\n<p><strong><em>Informaci\u00f3n que nos proporciona<\/em><\/strong><\/p>\n\n\n\n<p>Probablemente no le sorprenda que recojamos la informaci\u00f3n que usted nos proporciona. La cantidad y el tipo de informaci\u00f3n dependen del contexto y de c\u00f3mo utilicemos la informaci\u00f3n. He aqu\u00ed algunos ejemplos:<\/p>\n\n\n\n<ul class=\"wp-block-list\"><li>Informaci\u00f3n b\u00e1sica de la cuenta: Le pedimos informaci\u00f3n b\u00e1sica para configurar su cuenta. Por ejemplo, solicitamos a las personas que se registran para obtener una cuenta que proporcionen un nombre de usuario y\/o una direcci\u00f3n de correo electr\u00f3nico. Puede proporcionarnos m\u00e1s informaci\u00f3n, como su nombre, para crear una cuenta.<\/li><li>Informaci\u00f3n sobre la transacci\u00f3n y la facturaci\u00f3n: Si nos compra algo, nos proporcionar\u00e1 informaci\u00f3n personal y de pago adicional necesaria para procesar la transacci\u00f3n y el pago, como su nombre, informaci\u00f3n sobre la tarjeta de cr\u00e9dito e informaci\u00f3n de contacto.<\/li><li class=\"\">Comunicaciones con nosotros: Tambi\u00e9n puede proporcionarnos en formation cuando responda a encuestas, se comunique con nosotros acerca de una pregunta de apoyo o publique una pregunta.<\/li><\/ul>\n\n\n\n<p><strong><em>Informaci\u00f3n que recogemos autom\u00e1ticamente<\/em><\/strong><\/p>\n\n\n\n<p>Tambi\u00e9n recogemos algunas informaciones autom\u00e1ticamente:<\/p>\n\n\n\n<ul class=\"wp-block-list\"><li>Informaci\u00f3n de registro: Al igual que la mayor\u00eda de los proveedores de servicios en l\u00ednea, recopilamos informaci\u00f3n que los navegadores web, los dispositivos m\u00f3viles y los servidores suelen poner a disposici\u00f3n, como el tipo de navegador, la direcci\u00f3n IP, los identificadores \u00fanicos del dispositivo, las preferencias de idioma, el sitio de referencia, la fecha y la hora de acceso, el sistema operativo y la informaci\u00f3n de la red m\u00f3vil. Recogemos los datos de acceso cuando usted utiliza nuestro sitio web -por ejemplo, cuando crea o realiza cambios en su cuenta- para que podamos mejorar nuestro sitio web.<\/li><li>Ubicaci\u00f3n: Podemos determinar la ubicaci\u00f3n aproximada de su dispositivo a partir de su direcci\u00f3n IP. Recogemos y utilizamos esta informaci\u00f3n para, por ejemplo, calcular cu\u00e1ntas personas visitan nuestro sitio web desde determinadas regiones geogr\u00e1ficas. <\/li><li>Information de las cookies y otras tecnolog\u00edas: Una cookie es una cadena de information que un sitio web almacena en el ordenador de un visitante, y que el navegador del visitante proporciona al sitio web cada vez que el visitante regresa. Las etiquetas de p\u00edxeles (tambi\u00e9n llamadas balizas web) son peque\u00f1os bloques de c\u00f3digo que se colocan en los sitios web y en los correos electr\u00f3nicos. Utilizamos cookies y otras tecnolog\u00edas como las etiquetas de p\u00edxel para ayudarnos a identificar y rastrear a los visitantes, el uso y las preferencias de acceso a nuestros Servicios, as\u00ed como para rastrear y comprender la eficacia de las campa\u00f1as de correo electr\u00f3nico y ofrecer anuncios dirigidos. Para obtener m\u00e1s informaci\u00f3n sobre nuestro uso de cookies y otras tecnolog\u00edas de seguimiento, incluyendo c\u00f3mo puede controlar el uso de cookies, consulte nuestra Pol\u00edtica de Cookies.<\/li><\/ul>\n\n\n\n<p><strong><em>Informaci\u00f3n que obtenemos de otras fuentes<\/em><\/strong><\/p>\n\n\n\n<p>Tambi\u00e9n podemos obtener informaci\u00f3n sobre usted de otras fuentes. Por ejemplo, si crea una cuenta en nuestro sitio web o se conecta a ella a trav\u00e9s de otro servicio (como\n\t\tGoogle,), recibiremos informaci\u00f3n de ese servicio (como su nombre de usuario, informaci\u00f3n b\u00e1sica del perfil y lista de amigos) a trav\u00e9s de los procedimientos de autorizaci\u00f3n utilizados por ese servicio. La informaci\u00f3n que recibimos depende de los servicios que usted autorice y de las opciones que est\u00e9n disponibles.<\/p>\n\n\n\n<h2 class=\"wp-block-heading\">C\u00f3mo y por qu\u00e9 usamos Information<\/h2>\n\n\n\n<p><strong><em>Prop\u00f3sitos de la utilizaci\u00f3n de Information<\/em><\/strong><\/p>\n\n\n\n<p>Utilizamos informaci\u00f3n sobre usted como se menciona anteriormente y para los fines que se indican a continuaci\u00f3n:<\/p>\n\n\n\n<ul class=\"wp-block-list\"><li>Para crear y mantener su cuenta<\/li><li>Para enviar comunicaciones de marketing y promoci\u00f3n<\/li><li>Para enviar la informaci\u00f3n administrativa<\/li><li>Cumplir y gestionar los pedidos de los clientes<\/li><li>Para publicar testimonios<\/li><li>Para ofrecer publicidad dirigida<\/li><li>Gestionar sorteos y concursos<\/li><li>Para solicitar la opini\u00f3n de los clientes<\/li><li>Para personalizar su experiencia<\/li><li>Para proteger su sitio<\/li><li>Para permitir las comunicaciones entre usuarios<\/li><li>Para hacer cumplir sus condiciones y pol\u00edticas<\/li><li>Para responder a los requerimientos legales y prevenir da\u00f1os<\/li><li>Para otros fines empresariales, como mejorar los productos, los servicios, el marketing y la experiencia del usuario<\/li><\/ul>\n\n\n\n<p><strong><em>Bases legales para la recopilaci\u00f3n y el uso de la Informaci\u00f3n<\/em><\/strong><\/p>\n\n\n\n<p>Una nota aqu\u00ed para los que est\u00e1n en la Uni\u00f3n Europea sobre nuestros fundamentos legales para procesar information sobre usted bajo las leyes de protecci\u00f3n de datos de la UE, que es que nuestro uso de su information se basa en los motivos que: (1) El uso es necesario para administrar su cuenta, por ejemplo, para permitir el acceso a nuestro sitio web en su dispositivo o cobrarle un plan de pago; o (2) El uso es necesario para cumplir con una obligaci\u00f3n legal; o (3) El uso es necesario para proteger sus intereses vitales o los de otra persona; o (4) Tenemos un inter\u00e9s leg\u00edtimo en utilizar su informaci\u00f3n -por ejemplo, para actualizar nuestro Sitio Web, para mejorar nuestros Servicios de modo que podamos ofrecerle una experiencia de usuario a\u00fan mejor, para salvaguardar nuestros Servicios, para comunicarnos con usted, para medir, calibrar y mejorar la eficacia de nuestra publicidad, y comprender mejor la retenci\u00f3n y el desgaste de los usuarios, para supervisar y prevenir cualquier problema con nuestros Servicios, y para personalizar su experiencia; o (5) Usted nos ha dado su consentimiento -por ejemplo, antes de que coloquemos ciertas cookies en su dispositivo y accedamos a ellas y las analicemos posteriormente, como se describe en nuestra Pol\u00edtica de Cookies.<\/p>\n\n\n\n<h2 class=\"wp-block-heading\">Compartir Informaci\u00f3n<\/h2>\n\n\n\n<p><strong><em>C\u00f3mo compartimos la Informaci\u00f3n<\/em><\/strong><\/p>\n\n\n\n<p>No vendemos la informaci\u00f3n personal privada de nuestros usuarios. Compartimos informaci\u00f3n sobre usted en las circunstancias limitadas que se detallan a continuaci\u00f3n y con las salvaguardias adecuadas sobre su privacidad:<\/p>\n\n\n\n<ul class=\"wp-block-list\"><li class=\"\">Filiales, empleados y contratistas independientes: Podemos revelar informaci\u00f3n sobre usted a nuestras filiales, a nuestros empleados y a las personas que son nuestros contratistas independientes que necesitan conocer la informaci\u00f3n para ayudarnos a prestar nuestros servicios o para procesar la informaci\u00f3n en nuestro nombre. Exigimos a nuestras filiales, empleados y contratistas independientes que sigan esta Pol\u00edtica de Privacidad para la informaci\u00f3n personal que compartimos con ellos.<\/li><li class=\"\">Terceros proveedores: Podemos compartir informaci\u00f3n sobre usted con terceros proveedores que necesiten conocer informaci\u00f3n sobre usted para prestarnos sus servicios o para prestarle a usted sus servicios. Este grupo incluye a los proveedores que nos ayudan a prestarle nuestros Servicios (como los proveedores de pago que procesan su tarjeta de cr\u00e9dito y d\u00e9bito, los servicios de prevenci\u00f3n de fraudes que nos permiten analizar las transacciones de pago fraudulentas, los servicios de env\u00edo postal y de correo electr\u00f3nico que nos ayudan a mantenernos en contacto con usted, los servicios de atenci\u00f3n al cliente por chat y correo electr\u00f3nico que nos ayudan a comunicarnos con usted), los que nos ayudan con nuestros esfuerzos de marketing (e..g. proporcionando herramientas para identificar un grupo objetivo de marketing espec\u00edfico o para mejorar nuestras campa\u00f1as de marketing), las que nos ayudan a entender y mejorar nuestros Servicios (como los proveedores de an\u00e1lisis), y las empresas que ponen a disposici\u00f3n productos en nuestros sitios web, que pueden necesitar informaci\u00f3n sobre usted para, por ejemplo, proporcionarle servicios de asistencia t\u00e9cnica o de otro tipo. Exigimos a los proveedores que acepten los compromisos de privacidad para poder compartir informaci\u00f3n con ellos. Otros proveedores se encuentran en nuestras pol\u00edticas m\u00e1s espec\u00edficas (por ejemplo, nuestra Pol\u00edtica de Cookies).<\/li><li>Solicitudes legales: Podemos revelar informaci\u00f3n sobre usted en respuesta a una citaci\u00f3n, orden judicial u otra solicitud gubernamental.<\/li><li>Para proteger los derechos, la propiedad y otros: Podemos revelar informaci\u00f3n sobre usted cuando creamos de buena fe que dicha revelaci\u00f3n es razonablemente necesaria para proteger la propiedad o los derechos de <strong>Plados S.P.A.<\/strong> de la sociedad, de terceros o del p\u00fablico en general.<\/li><li>Transferencias comerciales: En relaci\u00f3n con cualquier fusi\u00f3n, venta de activos de la empresa o adquisici\u00f3n de la totalidad o una parte de nuestro negocio por parte de otra empresa, o en el improbable caso de que <strong>Plados S.P.A.<\/strong>  se retira del mercado o entra en quiebra, la informaci\u00f3n de los usuarios ser\u00e1 probablemente uno de los activos que se transfieran o adquieran por un tercero. Si se produjera cualquiera de estos hechos, esta Pol\u00edtica de Privacidad seguir\u00eda aplic\u00e1ndose a su informaci\u00f3n y la parte que reciba su informaci\u00f3n podr\u00e1 seguir utilizando su informaci\u00f3n, pero s\u00f3lo de acuerdo con esta Pol\u00edtica de Privacidad.<\/li><li>Con su consentimiento: Podemos compartir y divulgar informaci\u00f3n con su consentimiento o bajo su direcci\u00f3n. Por ejemplo, podemos compartir su informaion con terceros con los que usted nos autorice a hacerlo, como los servicios de medios sociales que usted conecte a su sitio a trav\u00e9s de nuestra funci\u00f3n Publicize.<\/li><li>Informaci\u00f3n agregada o desidentificada: Podemos compartir informaci\u00f3n agregada o razonablemente desidentificada, de modo que la informaci\u00f3n no pueda utilizarse para identificarle. Por ejemplo, podemos publicar estad\u00edsticas globales sobre el uso de nuestro sitio web y podemos compartir una versi\u00f3n codificada de su direcci\u00f3n de correo electr\u00f3nico para facilitar campa\u00f1as publicitarias personalizadas en otras plataformas.<\/li><li>Solicitudes de soporte publicadas: Y si nos env\u00eda una solicitud (por ejemplo, a trav\u00e9s de un correo electr\u00f3nico de soporte o one de nuestros mecanismos de retroalimentaci\u00f3n), nos reservamos el derecho de publicar esa solicitud para ayudarnos a aclarar o responder a su solicitud o para ayudarnos a apoyar a otros usuarios.<\/li><\/ul>\n\n\n\n<h2 class=\"wp-block-heading\">Cu\u00e1nto tiempo conservamos Information<\/h2>\n\n\n\n<p>Por lo general, descartamos la informaci\u00f3n sobre usted cuando ya no la necesitamos para los fines para los que la recopilamos y utilizamos -que se describen en la secci\u00f3n anterior sobre C\u00f3mo y por qu\u00e9 utilizamos la informaci\u00f3n- y no estamos obligados legalmente a seguir conserv\u00e1ndola. <\/p>\n\n\n\n<h2 class=\"wp-block-heading\">Seguridad<\/h2>\n\n\n\n<p>Aunque ning\u00fan sitio web es 100% seguro, nos esforzamos por proteger la informaci\u00f3n sobre usted contra el acceso, el uso, la alteraci\u00f3n o la destrucci\u00f3n no autorizados, y tomamos medidas razonables para ello, como la supervisi\u00f3n de nuestro sitio web para detectar posibles vulnerabilidades y ataques.<\/p>\n\n\n\n<h2 class=\"wp-block-heading\">Opciones<\/h2>\n\n\n\n<p>Tienes varias opciones disponibles cuando se trata de informaci\u00f3n sobre ti:<\/p>\n\n\n\n<ul class=\"wp-block-list\"><li>Exclusi\u00f3n de las comunicaciones electr\u00f3nicas: Puede optar por no recibir mensajes promocionales nuestros. S\u00f3lo tienes que seguir las instrucciones de esos mensajes. Si opta por no recibir mensajes promocionales, podemos seguir envi\u00e1ndole otros mensajes, como los relativos a su cuenta y los avisos legales.<\/li><li>Configurar su navegador para que rechace las cookies: Normalmente puede elegir configurar su navegador para que elimine o rechace las cookies del navegador antes de utilizar nuestro sitio web, con el inconveniente de que algunas caracter\u00edsticas de nuestro sitio web pueden no funcionar correctamente sin la ayuda de las cookies.<\/li><li>Cierra tu cuenta: Aunque nos entristecer\u00eda mucho que te fueras, si ya no quieres usar nuestro Sitio Web \ud83d\ude41 \ud83d\ude41 :(, puedes Contactar con nosotros aqu\u00ed. Tenga en cuenta que podemos seguir conservando sus datos despu\u00e9s de cerrar su cuenta, tal como se describe en el apartado anterior sobre la duraci\u00f3n de la conservaci\u00f3n de los datos, por ejemplo, cuando dichos datos sean razonablemente necesarios para cumplir (o demostrar nuestro cumplimiento) con obligaciones legales, como las solicitudes de las fuerzas del orden, o cuando sean razonablemente necesarios para nuestros intereses comerciales leg\u00edtimos.<\/li><\/ul>\n\n\n\n<h2 class=\"wp-block-heading\">Sus derechos<\/h2>\n\n\n\n<p>Si se encuentra en determinados pa\u00edses, incluidos los que entran en el \u00e1mbito de aplicaci\u00f3n del Reglamento General de Protecci\u00f3n de Datos europeo (alias \"GDPR\"), las leyes de protecci\u00f3n de datos le otorgan derechos con respecto a sus datos personales, con sujeci\u00f3n a las exenciones previstas por la ley, incluidos los derechos a:<\/p>\n\n\n\n<ul class=\"wp-block-list\"><li>Solicitar el acceso a sus datos personales;<\/li><li>Solicitar la correcci\u00f3n o la supresi\u00f3n de sus datos personales;<\/li><li>Oponerse al uso y tratamiento de sus datos personales;<\/li><li>Solicitar que limitemos el uso y tratamiento de sus datos personales; y Solicitar la portabilidad de sus datos personales.<\/li><\/ul>\n\n\n\n<p>Por lo general, puede acceder, corregir o eliminar sus datos personales utilizando la configuraci\u00f3n de su cuenta y las herramientas que ofrecemos, pero si no puede hacerlo, o desea ponerse en contacto con nosotros sobre one de los otros derechos, despl\u00e1cese hacia abajo a C\u00f3mo ponerse en contacto con nosotros para, bueno, averiguar c\u00f3mo ponerse en contacto con nosotros. Las personas de la UE tambi\u00e9n tienen derecho a presentar una reclamaci\u00f3n ante una autoridad gubernamental de supervisi\u00f3n.<\/p>\n\n\n\n<h2 class=\"wp-block-heading\">Controladores y empresa responsable<\/h2>\n\n\n\n<p><strong>Plados S.P.A.<\/strong>,   <strong>Italia, MC, Montecassiano, Via Grazia Deledda, 3<\/strong>. <\/p>\n\n\n\n<h2 class=\"wp-block-heading\">C\u00f3mo llegar a nosotros<\/h2>\n\n\n\n<p>Si tiene alguna pregunta sobre esta pol\u00edtica de privacidad, o desea ponerse en contacto con nosotros en relaci\u00f3n con cualquiera de los derechos expuestos en la secci\u00f3n Sus derechos, le rogamos que <a href=\"\">contacto con nosotros<\/a>.<\/p>\n\n\n\n<h2 class=\"wp-block-heading\">Otras cosas que debe saber (\u00a1siga leyendo!)<\/h2>\n\n\n\n<p><strong><em>Transferencia de Information<\/em><\/strong><\/p>\n\n\n\n<p>Porque <strong>Plados S.P.A.<\/strong> Dado que los Servicios de la UE se ofrecen en todo el mundo, la informaci\u00f3n sobre usted que procesamos cuando utiliza los Servicios en la UE puede ser utilizada, almacenada y\/o accedida por personas que operan fuera del Espacio Econ\u00f3mico Europeo (EEE) y que trabajan para nosotros, otros miembros de nuestro grupo de empresas o terceros procesadores de datos. Esto es necesario para los fines enumerados en la secci\u00f3n C\u00f3mo y por qu\u00e9 utilizamos la informaci\u00f3n. Cuando proporcionemos informaci\u00f3n sobre usted a entidades situadas fuera del EEE, tomaremos las medidas oportunas para garantizar que el destinatario proteja su informaci\u00f3n personal adecuadamente de acuerdo con esta Pol\u00edtica de Privacidad, tal y como exige la legislaci\u00f3n aplicable. Estas medidas incluyen:<\/p>\n\n\n\n<ul class=\"wp-block-list\"><li>En el caso de las entidades con sede en Estados Unidos, celebrar con ellas acuerdos contractuales est\u00e1ndar aprobados por la Comisi\u00f3n Europea, o asegurarse de que han suscrito el Escudo de Privacidad UE-EE.UU.; o<\/li><li>En el caso de las entidades radicadas en otros pa\u00edses fuera del EEE, celebrar con ellas acuerdos contractuales est\u00e1ndar aprobados por la Comisi\u00f3n Europea.<\/li><\/ul>\n\n\n\n<p>Puede pedirnos m\u00e1s informaci\u00f3n sobre las medidas que tomamos para proteger su informaci\u00f3n personal cuando la transferimos desde la UE.<\/p>\n\n\n\n<p><strong><em>Servicios de publicidad y an\u00e1lisis prestados por terceros<\/em><\/strong><\/p>\n\n\n\n<p>Los anuncios que aparecen en cualquiera de nuestros Servicios pueden ser suministrados por redes publicitarias. Otras partes tambi\u00e9n pueden proporcionar servicios de an\u00e1lisis a trav\u00e9s de nuestro sitio web. Estas redes publicitarias y proveedores de an\u00e1lisis pueden establecer tecnolog\u00edas de seguimiento (como las cookies) para recopilar informaci\u00f3n sobre el uso que usted hace de nuestros Servicios y de otros sitios web y servicios en l\u00ednea. Estas tecnolog\u00edas permiten a estos terceros reconocer su dispositivo para recopilar informaci\u00f3n sobre usted u otras personas que utilizan su dispositivo. Esta informaci\u00f3n nos permite a nosotros y a otras empresas, entre otras cosas, analizar y rastrear el uso, determinar la popularidad de ciertos contenidos y ofrecer anuncios que puedan estar m\u00e1s orientados a sus intereses. Tenga en cuenta que esta pol\u00edtica de privacidad s\u00f3lo cubre la recopilaci\u00f3n de informaci\u00f3n por parte de <strong>Plados S.P.A.<\/strong>  y no cubre la recopilaci\u00f3n de informaci\u00f3n por parte de terceros anunciantes o proveedores de an\u00e1lisis.<\/p>\n\n\n\n<h2 class=\"wp-block-heading\">Cambios en la pol\u00edtica de privacidad<\/h2>\n\n\n\n<p>Aunque es probable que la mayor\u00eda de los cambios sean menores, <strong>Plados S.P.A.<\/strong>  puede cambiar su pol\u00edtica de privacidad de vez en cuando. <strong>Plados S.P.A.<\/strong>  anima a los visitantes a consultar con frecuencia esta p\u00e1gina para comprobar si se han producido cambios en su pol\u00edtica de privacidad. Si realizamos cambios, se lo notificaremos revisando el registro de cambios que aparece a continuaci\u00f3n y, en algunos casos, podemos proporcionarle una notificaci\u00f3n adicional (como a\u00f1adir una declaraci\u00f3n a nuestra p\u00e1gina de inicio o enviarle una notificaci\u00f3n por correo electr\u00f3nico). Su uso posterior del sitio web despu\u00e9s de un cambio en nuestra pol\u00edtica de privacidad estar\u00e1 sujeto a la pol\u00edtica actualizada. \u00a1Eso es! Gracias por leer.<\/p>","protected":false},"excerpt":{"rendered":"<p>Your privacy is critically important to us. At Plados S.P.A. , we have a few fundamental principles: We are thoughtful about the personal information we ask you to provide and the personal information that we collect about you through the operation of our services. We store personal information for only as long as we have [&hellip;]<\/p>\n","protected":false},"author":58,"featured_media":0,"parent":0,"menu_order":0,"comment_status":"closed","ping_status":"closed","template":"","meta":{"_acf_changed":false,"_seopress_robots_primary_cat":"","_seopress_titles_title":"","_seopress_titles_desc":"","_seopress_robots_index":"","_seopress_analysis_target_kw":"","_uag_custom_page_level_css":"","iawp_total_views":188,"uix_meta_title":"","uix_meta_description":"","uix_canonical_url":"","footnotes":""},"class_list":["post-2923","page","type-page","status-publish","hentry"],"acf":[],"uagb_featured_image_src":{"full":false,"thumbnail":false,"medium":false,"medium_large":false,"large":false,"1536x1536":false,"2048x2048":false,"trp-custom-language-flag":false,"woocommerce_thumbnail":false,"woocommerce_single":false,"woocommerce_gallery_thumbnail":false,"variation_swatches_image_size":false,"variation_swatches_tooltip_size":false},"uagb_author_info":{"display_name":"Assistenza Plados Telma","author_link":"https:\/\/www.pladostelma.com\/es\/author\/assistenza\/"},"uagb_comment_info":0,"uagb_excerpt":"Your privacy is critically important to us. At Plados S.P.A. , we have a few fundamental principles: We are thoughtful about the personal information we ask you to provide and the personal information that we collect about you through the operation of our services. We store personal information for only as long as we have&hellip;","_links":{"self":[{"href":"https:\/\/www.pladostelma.com\/es\/wp-json\/wp\/v2\/pages\/2923","targetHints":{"allow":["GET"]}}],"collection":[{"href":"https:\/\/www.pladostelma.com\/es\/wp-json\/wp\/v2\/pages"}],"about":[{"href":"https:\/\/www.pladostelma.com\/es\/wp-json\/wp\/v2\/types\/page"}],"author":[{"embeddable":true,"href":"https:\/\/www.pladostelma.com\/es\/wp-json\/wp\/v2\/users\/58"}],"replies":[{"embeddable":true,"href":"https:\/\/www.pladostelma.com\/es\/wp-json\/wp\/v2\/comments?post=2923"}],"version-history":[{"count":0,"href":"https:\/\/www.pladostelma.com\/es\/wp-json\/wp\/v2\/pages\/2923\/revisions"}],"wp:attachment":[{"href":"https:\/\/www.pladostelma.com\/es\/wp-json\/wp\/v2\/media?parent=2923"}],"curies":[{"name":"wp","href":"https:\/\/api.w.org\/{rel}","templated":true}]}}