{"id":2922,"date":"2015-05-13T09:33:25","date_gmt":"2015-05-13T07:33:25","guid":{"rendered":"https:\/\/www.pladostelma.com\/recess\/"},"modified":"2015-05-13T09:33:25","modified_gmt":"2015-05-13T07:33:25","slug":"recess","status":"publish","type":"page","link":"https:\/\/www.pladostelma.com\/es\/recess\/","title":{"rendered":"Derecho de desistimiento"},"content":{"rendered":"<h2>Derecho de desistimiento<\/h2>\n<p>De conformidad con el art\u00edculo 64 y siguientes del Decreto Legislativo 206\/2005, si el Cliente es un consumidor (es decir, una persona f\u00edsica que adquiere bienes para fines no relacionados con su actividad profesional, es decir, que no realiza la compra indicando un n\u00famero de IVA en el formulario de pedido), tiene derecho a rescindir el contrato de compra por cualquier motivo, sin ninguna penalizaci\u00f3n y sin perjuicio de lo indicado en los puntos siguientes.<br \/>Para ejercer este derecho, el Cliente deber\u00e1 enviar un <strong>carta certificada con acuse de recibo en un plazo de 10 d\u00edas laborables a partir de la recepci\u00f3n de la mercanc\u00eda a<\/strong>Kisalia srls, via Grazia Deledda 3, 62010 Montecassiano (MC) Italia\".<br \/><strong>que contiene<\/strong>:<br \/>one declaraci\u00f3n escrita y firmada de la intenci\u00f3n de ejercer el derecho de desistimiento, indicando el c\u00f3digo o c\u00f3digos de los art\u00edculos para los que se solicita el desistimiento;<br \/>- Copia de la factura original (indique el n\u00famero de pedido, el n\u00famero de factura y el n\u00famero de cliente);<br \/>- Datos bancarios a los que debe hacerse la transferencia (ABI - CAB - Cuenta corriente del titular de la factura);<br \/><strong>El derecho de desistimiento est\u00e1 sujeto a las siguientes condiciones obligatorias:<\/strong><br \/>- El derecho se aplica al producto adquirido en su totalidad. No es posible ejercer el desistimiento s\u00f3lo sobre una parte del producto adquirido (por ejemplo, accesorios, software adjunto, etc.);<br \/>- La empresa Kisalia srls, a los efectos de la aplicabilidad del derecho de desistimiento en el contrato a distancia seg\u00fan lo previsto en el Decreto Legislativo n\u00ba 206\/2005, enforma el cliente que los bienes adquiridos se considerar\u00e1n sustancialmente intactos, de acuerdo con el art.67 c.2 Decreto Legislativo 206\/2005, s\u00f3lo en caso de que no se produzca una infracci\u00f3n o apertura por parte del comprador del correspondiente embalajeone;<br \/>- La mercanc\u00eda comprada debe estar intacta y ser devuelta en el embalaje original, completa en todas sus partes (incluyendo el embalaje y cualquier documentaci\u00f3n y equipo accesorio: manuales, cables, etc...); para limitar los da\u00f1os al embalaje original, se recomienda, cuando sea posible, ponerlo en una segunda caja, que debe proteger bien el producto en su interior. Debe evitarse en todo caso la colocaci\u00f3n de etiquetas o cintas adhesivas directamente sobre el embalaje original del producto;<br \/>- Las mercanc\u00edas sujetas al derecho de desistimiento deben llevar el mismo n\u00famero de serie que figura en la factura de venta. En caso de que la mercanc\u00eda lleve un n\u00famero de serie diferente al indicado en la factura, no se aceptar\u00e1 la devoluci\u00f3n y se pondr\u00e1 el producto a disposici\u00f3n del Cliente para su devoluci\u00f3n, anulando al mismo tiempo la solicitud de desistimiento;<br \/>- Los gastos de env\u00edo para la devoluci\u00f3n de la mercanc\u00eda correr\u00e1n a cargo del cliente;<br \/>- El env\u00edo one, hasta el certificado de recepci\u00f3n en nuestro almac\u00e9n, es responsabilidad total del cliente;<br \/>- En caso de que la mercanc\u00eda sufra da\u00f1os durante el transporte, \"Kisalia srls\" notificar\u00e1 el hecho al Cliente (en un plazo de 5 d\u00edas h\u00e1biles desde la recepci\u00f3n de la mercanc\u00eda en sus almacenes), para que pueda presentar una reclamaci\u00f3n en tiempo y forma contra el transportista de su elecci\u00f3n y obtener el reembolso del valor de la mercanc\u00eda (si est\u00e1 asegurada); en este caso, el producto ser\u00e1 puesto a disposici\u00f3n del Cliente para su devoluci\u00f3n, cancelando simult\u00e1neamente la solicitud de desistimiento;<br \/>- Kisalia no se responsabiliza en ning\u00fan caso de los da\u00f1os o del robo\/p\u00e9rdida de la mercanc\u00eda devuelta por env\u00edos no asegurados;<br \/>- La mercanc\u00eda objeto del ejercicio del derecho de desistimiento deber\u00e1 ser devuelta a nuestro almac\u00e9n en un plazo de 10 d\u00edas naturales a partir de la fecha de autorizaci\u00f3n de la devoluci\u00f3n, transcurridos los cuales el env\u00edo ser\u00e1 rechazado y la solicitud de desistimiento anulada al mismo tiempo.<br \/>- En caso de p\u00e9rdida del derecho de desistimiento, \"Kisalia s.r.l.\" devolver\u00e1 la mercanc\u00eda adquirida al remitente, carg\u00e1ndole los gastos de env\u00edo.<\/p>\n<p>Sin perjuicio de los gastos de reparaci\u00f3n por da\u00f1os constatados en el embalaje original y\/o en el embalaje interior (celof\u00e1n, cajas, etc.), Kisalia reembolsar\u00e1 al cliente el importe \u00edntegro de la mercanc\u00eda devuelta, en un plazo de 30 d\u00edas desde la devoluci\u00f3n de la misma, mediante una transferencia del importe cargado en la Tarjeta de Cr\u00e9dito o por Transferencia Bancaria.<\/p>","protected":false},"excerpt":{"rendered":"<p>Diritto di Recesso Ai sensi dell&#8217;art. 64 e segg del D.Lgs. n. 206\/2005, se il Cliente &egrave; un consumatore (ossia una persona fisica che acquista la merce per scopi non riferibili alla propria attivit&agrave; professionale, ovvero non effettua l&#8217;acquisto indicando nel modulo d&#8217;ordine un riferimento di Partita IVA), ha diritto a recedere dal contratto di [&hellip;]<\/p>\n","protected":false},"author":1,"featured_media":0,"parent":0,"menu_order":0,"comment_status":"closed","ping_status":"closed","template":"","meta":{"_acf_changed":false,"_seopress_robots_primary_cat":"","_seopress_titles_title":"","_seopress_titles_desc":"","_seopress_robots_index":"","_uag_custom_page_level_css":"","iawp_total_views":23,"uix_meta_title":"","uix_meta_description":"","uix_canonical_url":"","footnotes":""},"class_list":["post-2922","page","type-page","status-publish","hentry"],"acf":[],"uagb_featured_image_src":{"full":false,"thumbnail":false,"medium":false,"medium_large":false,"large":false,"1536x1536":false,"2048x2048":false,"trp-custom-language-flag":false,"woocommerce_thumbnail":false,"woocommerce_single":false,"woocommerce_gallery_thumbnail":false,"variation_swatches_image_size":false,"variation_swatches_tooltip_size":false},"uagb_author_info":{"display_name":"admino","author_link":"https:\/\/www.pladostelma.com\/es\/author\/admino\/"},"uagb_comment_info":0,"uagb_excerpt":"Diritto di Recesso Ai sensi dell&#8217;art. 64 e segg del D.Lgs. n. 206\/2005, se il Cliente &egrave; un consumatore (ossia una persona fisica che acquista la merce per scopi non riferibili alla propria attivit&agrave; professionale, ovvero non effettua l&#8217;acquisto indicando nel modulo d&#8217;ordine un riferimento di Partita IVA), ha diritto a recedere dal contratto di&hellip;","_links":{"self":[{"href":"https:\/\/www.pladostelma.com\/es\/wp-json\/wp\/v2\/pages\/2922","targetHints":{"allow":["GET"]}}],"collection":[{"href":"https:\/\/www.pladostelma.com\/es\/wp-json\/wp\/v2\/pages"}],"about":[{"href":"https:\/\/www.pladostelma.com\/es\/wp-json\/wp\/v2\/types\/page"}],"author":[{"embeddable":true,"href":"https:\/\/www.pladostelma.com\/es\/wp-json\/wp\/v2\/users\/1"}],"replies":[{"embeddable":true,"href":"https:\/\/www.pladostelma.com\/es\/wp-json\/wp\/v2\/comments?post=2922"}],"version-history":[{"count":0,"href":"https:\/\/www.pladostelma.com\/es\/wp-json\/wp\/v2\/pages\/2922\/revisions"}],"wp:attachment":[{"href":"https:\/\/www.pladostelma.com\/es\/wp-json\/wp\/v2\/media?parent=2922"}],"curies":[{"name":"wp","href":"https:\/\/api.w.org\/{rel}","templated":true}]}}