{"id":235666,"date":"2022-10-09T01:28:21","date_gmt":"2022-10-08T23:28:21","guid":{"rendered":"https:\/\/www.pladostelma.com\/?page_id=235666"},"modified":"2024-08-09T01:28:07","modified_gmt":"2024-08-08T23:28:07","slug":"home","status":"publish","type":"page","link":"https:\/\/www.pladostelma.com\/es\/home\/","title":{"rendered":"Inicio"},"content":{"rendered":"","protected":false},"excerpt":{"rendered":"","protected":false},"author":61,"featured_media":246923,"parent":0,"menu_order":0,"comment_status":"closed","ping_status":"closed","template":"","meta":{"_acf_changed":false,"_seopress_robots_primary_cat":"","_seopress_titles_title":"Scopri i Lavelli Cucina PladosTelma: Eleganza e Funzionalit\u00e0","_seopress_titles_desc":"PladosTelma \u00e8 uno dei leader mondiali nella produzione di lavelli cucina in materiale composito, per prodotti di qualit\u00e0 e dai colori vivi","_seopress_robots_index":"","_uag_custom_page_level_css":"","iawp_total_views":388,"uix_meta_title":"","uix_meta_description":"","uix_canonical_url":"","footnotes":""},"class_list":["post-235666","page","type-page","status-publish","has-post-thumbnail","hentry"],"acf":[],"uagb_featured_image_src":{"full":["https:\/\/www.pladostelma.com\/wp-content\/uploads\/logo_pladostelma_box.png",742,540,false],"thumbnail":["https:\/\/www.pladostelma.com\/wp-content\/uploads\/logo_pladostelma_box-150x150.png",150,150,true],"medium":["https:\/\/www.pladostelma.com\/wp-content\/uploads\/logo_pladostelma_box-300x218.png",300,218,true],"medium_large":["https:\/\/www.pladostelma.com\/wp-content\/uploads\/logo_pladostelma_box.png",742,540,false],"large":["https:\/\/www.pladostelma.com\/wp-content\/uploads\/logo_pladostelma_box.png",742,540,false],"1536x1536":["https:\/\/www.pladostelma.com\/wp-content\/uploads\/logo_pladostelma_box.png",742,540,false],"2048x2048":["https:\/\/www.pladostelma.com\/wp-content\/uploads\/logo_pladostelma_box.png",742,540,false],"trp-custom-language-flag":["https:\/\/www.pladostelma.com\/wp-content\/uploads\/logo_pladostelma_box-16x12.png",16,12,true],"woocommerce_thumbnail":["https:\/\/www.pladostelma.com\/wp-content\/uploads\/logo_pladostelma_box-300x218.png",300,218,true],"woocommerce_single":["https:\/\/www.pladostelma.com\/wp-content\/uploads\/logo_pladostelma_box-600x437.png",600,437,true],"woocommerce_gallery_thumbnail":["https:\/\/www.pladostelma.com\/wp-content\/uploads\/logo_pladostelma_box-100x73.png",100,73,true],"variation_swatches_image_size":["https:\/\/www.pladostelma.com\/wp-content\/uploads\/logo_pladostelma_box-50x50.png",50,50,true],"variation_swatches_tooltip_size":["https:\/\/www.pladostelma.com\/wp-content\/uploads\/logo_pladostelma_box-100x100.png",100,100,true]},"uagb_author_info":{"display_name":"PladosTelma","author_link":"https:\/\/www.pladostelma.com\/es\/author\/pladostelma\/"},"uagb_comment_info":0,"uagb_excerpt":null,"_links":{"self":[{"href":"https:\/\/www.pladostelma.com\/es\/wp-json\/wp\/v2\/pages\/235666","targetHints":{"allow":["GET"]}}],"collection":[{"href":"https:\/\/www.pladostelma.com\/es\/wp-json\/wp\/v2\/pages"}],"about":[{"href":"https:\/\/www.pladostelma.com\/es\/wp-json\/wp\/v2\/types\/page"}],"author":[{"embeddable":true,"href":"https:\/\/www.pladostelma.com\/es\/wp-json\/wp\/v2\/users\/61"}],"replies":[{"embeddable":true,"href":"https:\/\/www.pladostelma.com\/es\/wp-json\/wp\/v2\/comments?post=235666"}],"version-history":[{"count":0,"href":"https:\/\/www.pladostelma.com\/es\/wp-json\/wp\/v2\/pages\/235666\/revisions"}],"wp:featuredmedia":[{"embeddable":true,"href":"https:\/\/www.pladostelma.com\/es\/wp-json\/wp\/v2\/media\/246923"}],"wp:attachment":[{"href":"https:\/\/www.pladostelma.com\/es\/wp-json\/wp\/v2\/media?parent=235666"}],"curies":[{"name":"wp","href":"https:\/\/api.w.org\/{rel}","templated":true}]}}