{"id":2223,"date":"2018-10-25T17:21:17","date_gmt":"2018-10-25T15:21:17","guid":{"rendered":"https:\/\/www.pladostelma.com\/ariapura\/"},"modified":"2023-04-21T09:48:00","modified_gmt":"2023-04-21T07:48:00","slug":"ariapura","status":"publish","type":"page","link":"https:\/\/www.pladostelma.com\/es\/ariapura\/","title":{"rendered":"ARIAPURA"},"content":{"rendered":"<section class=\"wp-block-uagb-columns uagb-columns__wrap uagb-columns__background-none uagb-columns__stack-mobile uagb-columns__valign-center uagb-columns__gap-10 alignwide uagb-block-f45e4761 uagb-columns__columns-1 uagb-columns__max_width-custom\"><div class=\"uagb-columns__overlay\"><\/div><div class=\"uagb-columns__inner-wrap uagb-columns__columns-1\">\n<div class=\"wp-block-uagb-column uagb-column__wrap uagb-column__background-undefined uagb-block-291be9ee\"><div class=\"uagb-column__overlay\"><\/div><div class=\"wp-block-image\">\n<figure class=\"aligncenter size-large is-resized\"><img decoding=\"async\" src=\"https:\/\/www.pladostelma.com\/wp-content\/uploads\/ariapura_23-1024x682.jpg\" alt=\"\" class=\"wp-image-245090\" width=\"1280\" srcset=\"https:\/\/www.pladostelma.com\/wp-content\/uploads\/ariapura_23-1024x682.jpg 1024w, https:\/\/www.pladostelma.com\/wp-content\/uploads\/ariapura_23-300x200.jpg 300w, https:\/\/www.pladostelma.com\/wp-content\/uploads\/ariapura_23-768x512.jpg 768w, https:\/\/www.pladostelma.com\/wp-content\/uploads\/ariapura_23-18x12.jpg 18w, https:\/\/www.pladostelma.com\/wp-content\/uploads\/ariapura_23-600x400.jpg 600w, https:\/\/www.pladostelma.com\/wp-content\/uploads\/ariapura_23-100x67.jpg 100w, https:\/\/www.pladostelma.com\/wp-content\/uploads\/ariapura_23.jpg 1280w\" sizes=\"(max-width: 1024px) 100vw, 1024px\" \/><\/figure><\/div>\n\n\n<h4 class=\"alignwide has-text-align-center wp-block-heading\">LA TECNOLOG\u00cdA QUE LLEVA EL CIELO A LA COCINA<\/h4>\n<\/div>\n<\/div><\/section>\n\n\n\n<section class=\"wp-block-uagb-columns uagb-columns__wrap uagb-columns__background-none uagb-columns__stack-mobile uagb-columns__valign-center uagb-columns__gap-10 alignwide uagb-block-fb385914 uagb-columns__columns-2 uagb-columns__max_width-theme\"><div class=\"uagb-columns__overlay\"><\/div><div class=\"uagb-columns__inner-wrap uagb-columns__columns-2\">\n<div class=\"wp-block-uagb-column uagb-column__wrap uagb-column__background-undefined uagb-block-15901290\"><div class=\"uagb-column__overlay\"><\/div><div class=\"wp-block-image\">\n<figure class=\"aligncenter size-full is-resized\"><img decoding=\"async\" src=\"https:\/\/www.pladostelma.com\/wp-content\/uploads\/ARIAPURA_LOGO.jpg\" alt=\"\" class=\"wp-image-236061\" width=\"250\" height=\"250\" srcset=\"https:\/\/www.pladostelma.com\/wp-content\/uploads\/ARIAPURA_LOGO.jpg 600w, https:\/\/www.pladostelma.com\/wp-content\/uploads\/ARIAPURA_LOGO-300x300.jpg 300w, https:\/\/www.pladostelma.com\/wp-content\/uploads\/ARIAPURA_LOGO-150x150.jpg 150w, https:\/\/www.pladostelma.com\/wp-content\/uploads\/ARIAPURA_LOGO-12x12.jpg 12w, https:\/\/www.pladostelma.com\/wp-content\/uploads\/ARIAPURA_LOGO-100x100.jpg 100w\" sizes=\"(max-width: 250px) 100vw, 250px\" \/><\/figure><\/div><\/div>\n\n\n\n<div class=\"wp-block-uagb-column uagb-column__wrap uagb-column__background-undefined uagb-block-e481ad50\"><div class=\"uagb-column__overlay\"><\/div>\n<p>Tecnolog\u00eda <strong>ARIAPURA<\/strong> realiza un eficaz azione antibacteriano, hace que el fregadero sea m\u00e1s fresco e higi\u00e9nico, y contribuye a que el ambiente de la cocina sea m\u00e1s sano y limpio.<br><br><strong>PATENTE INTERNACIONAL<\/strong> <strong>PCT\/EP2012 \/065120<\/strong><\/p>\n\n\n\n<p>El material de los fregaderos plados est\u00e1 enriquecido con nanopart\u00edculas de di\u00f3xido de titanio (Tio2), que no s\u00f3lo contribuye a purificar el aire de la cocina, sino que tambi\u00e9n tiene un efecto antibacteriano, lo que hace que el fregadero sea m\u00e1s fresco y limpio. El ARIAPURA est\u00e1 presente en todo el fregadero, tiene una vida \u00fatil ilimitada, permanece activo y conserva toda su eficacia a lo largo del tiempo, incluso cuando las superficies est\u00e1n desgastadas y rayadas. Todos los fregaderos Plados Telma est\u00e1n equipados con la tecnolog\u00eda patentada ARIAPURA que cumple una triple funci\u00f3n:<br><br>- ANTICONTAMINANTE<br>- BACTERICIDA<br>- AUTOPULSADO<\/p>\n<\/div>\n<\/div><\/section>\n\n\n\n<section class=\"wp-block-uagb-columns uagb-columns__wrap uagb-columns__background-none uagb-columns__stack-mobile uagb-columns__valign-center uagb-columns__gap-10 alignwide uagb-block-36be77a8 uagb-columns__columns-2 uagb-columns__max_width-custom\"><div class=\"uagb-columns__overlay\"><\/div><div class=\"uagb-columns__inner-wrap uagb-columns__columns-2\">\n<div class=\"wp-block-uagb-column uagb-column__wrap uagb-column__background-undefined uagb-block-bb967535\"><div class=\"uagb-column__overlay\"><\/div>\n<figure class=\"wp-block-image size-full\"><img decoding=\"async\" width=\"1024\" height=\"683\" src=\"https:\/\/www.pladostelma.com\/wp-content\/uploads\/2020\/07\/meditation_2020-1.jpg\" alt=\"\" class=\"wp-image-200049\" srcset=\"https:\/\/www.pladostelma.com\/wp-content\/uploads\/2020\/07\/meditation_2020-1.jpg 1024w, https:\/\/www.pladostelma.com\/wp-content\/uploads\/2020\/07\/meditation_2020-1-300x200.jpg 300w, https:\/\/www.pladostelma.com\/wp-content\/uploads\/2020\/07\/meditation_2020-1-600x400.jpg 600w, https:\/\/www.pladostelma.com\/wp-content\/uploads\/2020\/07\/meditation_2020-1-768x512.jpg 768w\" sizes=\"(max-width: 1024px) 100vw, 1024px\" \/><\/figure>\n<\/div>\n\n\n\n<div class=\"wp-block-uagb-column uagb-column__wrap uagb-column__background-undefined uagb-block-594873ad\"><div class=\"uagb-column__overlay\"><\/div>\n<h4 class=\"wp-block-heading\">POR QU\u00c9 ES IMPORTANTE EL ANTIBACTERIANO AZIONE<\/h4>\n\n\n\n<p>El fregadero se utiliza a menudo como zona de preparaci\u00f3n de alimentos. Al haber entrado en contacto con los alimentos que acaban en la mesa, el fregadero puede transmitir bacterias. ARIAPURA puede contribuir a reducir este riesgo dando a toda la familia m\u00e1s tranquilidad y seguridad. La acci\u00f3n antibacteriana ejercida por ARIAPURA facilita una significativa reducci\u00f3n de los olores en el propio fregadero, en la zona bajo el fregadero, donde a menudo se almacena el contenedor de residuos org\u00e1nicos, y en el aire circundante, lo que contribuye a un entorno de cocina m\u00e1s fresco y saludable. Los olores desagradables que a veces se forman en el fregadero pueden estar causados por bacterias que prosperan en condiciones de calor y humedad.<\/p>\n<\/div>\n<\/div><\/section>\n\n\n\n<section class=\"wp-block-uagb-columns uagb-columns__wrap uagb-columns__background-none uagb-columns__stack-mobile uagb-columns__valign-center uagb-columns__gap-10 alignwide uagb-block-2ce147c8 uagb-columns__columns-2 uagb-columns__max_width-custom\"><div class=\"uagb-columns__overlay\"><\/div><div class=\"uagb-columns__inner-wrap uagb-columns__columns-2\">\n<div class=\"wp-block-uagb-column uagb-column__wrap uagb-column__background-undefined uagb-block-7f447bbf\"><div class=\"uagb-column__overlay\"><\/div>\n<h4 class=\"wp-block-heading\">UN FREGADERO ANTIBACTERIANO 100%<\/h4>\n\n\n\n<p>La acci\u00f3n antibacteriana reduce el desarrollo de bacterias manteniendo el fregadero m\u00e1s fresco y m\u00e1s limpio entre usos con unas pr\u00e1cticas normales de limpieza e higiene. La acci\u00f3n antibacteriana ejercida por ARIAPURA no es un recubrimiento superficial del fregadero, sino un efecto de la acci\u00f3n de las nanopart\u00edculas incorporadas en toda la masa del producto, por eso:<br>- No reduce su acci\u00f3n con los lavados y no se desgasta con el tiempo.<br>- Permanece activa incluso en caso de desgaste y ara\u00f1azos en la superficie.<br>- Es segura, duradera y eficaz.<\/p>\n<\/div>\n\n\n\n<div class=\"wp-block-uagb-column uagb-column__wrap uagb-column__background-undefined uagb-block-8856401f\"><div class=\"uagb-column__overlay\"><\/div>\n<h4 class=\"wp-block-heading\"><strong>AZIONE AUTOLIMPIANTE<\/strong><\/h4>\n\n\n\n<p>La tecnolog\u00eda ARIAPURA contribuye a un fregadero m\u00e1s fresco y limpio. Las gotas de agua que entran en contacto con el fregadero tienden a aplanarse y a deslizarse con mayor facilidad, arrastrando la suciedad y los residuos para que no puedan depositarse.<br><br><\/p>\n\n\n\n<p class=\"has-small-font-size\">* La protecci\u00f3n antibacteriana one no est\u00e1 presente en los grifos, las grifer\u00edas, los aparatos y las campanas extractoras. La tecnolog\u00eda ARIAPURA no sustituye las pr\u00e1cticas normales de higiene y limpieza.<\/p>\n\n\n\n<p><br><\/p>\n<\/div>\n<\/div><\/section>","protected":false},"excerpt":{"rendered":"<p>LA TECNOLOGIA CHE PORTA IL CIELO IN CUCINA La tecnologia ARIAPURA svolge una efficace azione antibatterica, rende il lavello pi\u00f9 fresco e pi\u00f9 igienico e contribuisce a rendere pi\u00f9 sana e pulita l&#8217;aria nell&#8217;ambiente cucina. BREVETTO INTERNAZIONALE PCT\/EP2012 \/065120 Il materiale dei lavelli plados \u00e8 addizionato con nanoparticelle di biossido di titanio (Tio2) che oltre [&hellip;]<\/p>\n","protected":false},"author":2,"featured_media":200026,"parent":0,"menu_order":0,"comment_status":"closed","ping_status":"closed","template":"","meta":{"_acf_changed":false,"_seopress_robots_primary_cat":"","_seopress_titles_title":"","_seopress_titles_desc":"","_seopress_robots_index":"","_uag_custom_page_level_css":"","iawp_total_views":954,"uix_meta_title":"","uix_meta_description":"","uix_canonical_url":"","footnotes":""},"class_list":["post-2223","page","type-page","status-publish","has-post-thumbnail","hentry"],"acf":[],"uagb_featured_image_src":{"full":["https:\/\/www.pladostelma.com\/wp-content\/uploads\/2020\/07\/ARIAPURA_COVER.jpg",1280,660,false],"thumbnail":["https:\/\/www.pladostelma.com\/wp-content\/uploads\/2020\/07\/ARIAPURA_COVER-150x150.jpg",150,150,true],"medium":["https:\/\/www.pladostelma.com\/wp-content\/uploads\/2020\/07\/ARIAPURA_COVER-300x155.jpg",300,155,true],"medium_large":["https:\/\/www.pladostelma.com\/wp-content\/uploads\/2020\/07\/ARIAPURA_COVER-768x396.jpg",768,396,true],"large":["https:\/\/www.pladostelma.com\/wp-content\/uploads\/2020\/07\/ARIAPURA_COVER-1024x528.jpg",1024,528,true],"1536x1536":["https:\/\/www.pladostelma.com\/wp-content\/uploads\/2020\/07\/ARIAPURA_COVER.jpg",1280,660,false],"2048x2048":["https:\/\/www.pladostelma.com\/wp-content\/uploads\/2020\/07\/ARIAPURA_COVER.jpg",1280,660,false],"trp-custom-language-flag":["https:\/\/www.pladostelma.com\/wp-content\/uploads\/2020\/07\/ARIAPURA_COVER.jpg",18,9,false],"woocommerce_thumbnail":["https:\/\/www.pladostelma.com\/wp-content\/uploads\/2020\/07\/ARIAPURA_COVER-300x155.jpg",300,155,true],"woocommerce_single":["https:\/\/www.pladostelma.com\/wp-content\/uploads\/2020\/07\/ARIAPURA_COVER-600x309.jpg",600,309,true],"woocommerce_gallery_thumbnail":["https:\/\/www.pladostelma.com\/wp-content\/uploads\/2020\/07\/ARIAPURA_COVER-100x100.jpg",100,100,true],"variation_swatches_image_size":["https:\/\/www.pladostelma.com\/wp-content\/uploads\/2020\/07\/ARIAPURA_COVER.jpg",50,26,false],"variation_swatches_tooltip_size":["https:\/\/www.pladostelma.com\/wp-content\/uploads\/2020\/07\/ARIAPURA_COVER.jpg",100,52,false]},"uagb_author_info":{"display_name":"Luca Cavaleri","author_link":"https:\/\/www.pladostelma.com\/es\/author\/luca\/"},"uagb_comment_info":0,"uagb_excerpt":"LA TECNOLOGIA CHE PORTA IL CIELO IN CUCINA La tecnologia ARIAPURA svolge una efficace azione antibatterica, rende il lavello pi\u00f9 fresco e pi\u00f9 igienico e contribuisce a rendere pi\u00f9 sana e pulita l&#8217;aria nell&#8217;ambiente cucina. BREVETTO INTERNAZIONALE PCT\/EP2012 \/065120 Il materiale dei lavelli plados \u00e8 addizionato con nanoparticelle di biossido di titanio (Tio2) che oltre&hellip;","_links":{"self":[{"href":"https:\/\/www.pladostelma.com\/es\/wp-json\/wp\/v2\/pages\/2223","targetHints":{"allow":["GET"]}}],"collection":[{"href":"https:\/\/www.pladostelma.com\/es\/wp-json\/wp\/v2\/pages"}],"about":[{"href":"https:\/\/www.pladostelma.com\/es\/wp-json\/wp\/v2\/types\/page"}],"author":[{"embeddable":true,"href":"https:\/\/www.pladostelma.com\/es\/wp-json\/wp\/v2\/users\/2"}],"replies":[{"embeddable":true,"href":"https:\/\/www.pladostelma.com\/es\/wp-json\/wp\/v2\/comments?post=2223"}],"version-history":[{"count":0,"href":"https:\/\/www.pladostelma.com\/es\/wp-json\/wp\/v2\/pages\/2223\/revisions"}],"wp:featuredmedia":[{"embeddable":true,"href":"https:\/\/www.pladostelma.com\/es\/wp-json\/wp\/v2\/media\/200026"}],"wp:attachment":[{"href":"https:\/\/www.pladostelma.com\/es\/wp-json\/wp\/v2\/media?parent=2223"}],"curies":[{"name":"wp","href":"https:\/\/api.w.org\/{rel}","templated":true}]}}