{"id":196723,"date":"2020-01-31T10:04:18","date_gmt":"2020-01-31T09:04:18","guid":{"rendered":"https:\/\/www.pladostelma.com\/?page_id=196723"},"modified":"2020-11-10T16:25:34","modified_gmt":"2020-11-10T15:25:34","slug":"cookie-policy","status":"publish","type":"page","link":"https:\/\/www.pladostelma.com\/es\/cookie-policy\/","title":{"rendered":"Pol\u00edtica de cookies"},"content":{"rendered":"<h3 class=\"wp-block-heading\" id=\"h.tgfttkudes8p\">\u00bfQu\u00e9 son las cookies?<\/h3>\n\n\n\n<p>Las galletas son peque\u00f1os trozos de\n\t\tdatos, almacenados en archivos de texto, que se guardan en su ordenador u otro dispositivo cuando se cargan los sitios web en\n\t\tun navegador. Se utilizan ampliamente para \"recordarle\" a usted y sus preferencias, ya sea para una sola visita\n\t\t(a trav\u00e9s de una \"cookie de sesi\u00f3n\") o para m\u00faltiples visitas repetidas (utilizando una \"cookie persistente\"). Garantizan\n\t\tuna experiencia consistente y eficiente para los visitantes, y realizar funciones esenciales como permitir a los usuarios\n\t\tpara registrarse y permanecer conectado. Las cookies pueden ser instaladas por el sitio que est\u00e1 visitando (conocidas como \"cookies de origen\"), o por terceros.\n\t\tcookies de terceros\"), o por terceros, como los que sirven el contenido o proporcionan publicidad o an\u00e1lisis\n\t\tservicios del sitio web (\"cookies de terceros\"). Tanto los sitios web como los correos electr\u00f3nicos HTML pueden contener tambi\u00e9n otros\n\t\ttecnolog\u00edas de rastreo como las \"balizas web\" o los \"p\u00edxeles\". Suelen ser peque\u00f1as im\u00e1genes transparentes que\n\t\tproporcionarnos estad\u00edsticas, con fines similares a los de las cookies. A menudo se utilizan junto con\n\t\tlas cookies, aunque no se almacenan en su ordenador de la misma manera. En consecuencia, si desactiva las cookies,\n\t\tLas balizas web pueden seguir carg\u00e1ndose, pero su funcionalidad estar\u00e1 restringida.<\/p>\n\n\n\n<h3 class=\"wp-block-heading\" id=\"h.r53n6pn1o2s\">C\u00f3mo utilizamos las cookies<\/h3>\n\n\n\n<p>\n\t\tUtilizamos las cookies para diferentes prop\u00f3sitos. Algunas cookies son necesarias para la t\u00e9cnica\n\t\t\trazones; algunos permiten una experiencia personalizada tanto para los visitantes como para los usuarios registrados; y otros permiten la\n\t\t\tvisualizaci\u00f3n de publicidad de redes de terceros seleccionadas. Algunas de estas cookies pueden establecerse cuando una p\u00e1gina es\n\t\t\tcargado, o cuando un visitante realiza una acci\u00f3n determinada (hacer clic en el bot\u00f3n \"me gusta\" o \"seguir\" en una publicaci\u00f3n, por\n\t\t\tejemplo). Muchas de las cookies que utilizamos s\u00f3lo se instalan si eres un usuario registrado de WordPress.com (por lo que\n\t\t\tno tiene que iniciar sesi\u00f3n cada vez, por ejemplo), mientras que otros se establecen cada vez que visita one de nuestros\n\t\t\tsitios web, independientemente de que tenga una cuenta. Para m\u00e1s informaci\u00f3n sobre las opciones que tiene sobre\n\t\t\tlas cookies que utilizamos, consulte la secci\u00f3n Control de las cookies m\u00e1s abajo.<\/p>\n\n\n\n<h3 class=\"wp-block-heading\" id=\"h.h79qp21z16rf\">Tipos de cookies<\/h3>\n\n\n\n<p>La siguiente tabla explica los tipos de cookies que utilizamos en nuestros sitios web y\n\t\t\tpor qu\u00e9 los utilizamos.<\/p>\n\n\n\n<figure class=\"wp-block-table\"><table class=\"\"><tbody><tr><td>\n\t\t\tCategor\u00eda de cookies<\/td><td>\n\t\t\tPor qu\u00e9 utilizamos estas cookies<\/td><\/tr><tr><td>Estrictamente necesario\n\t\t\t<\/td><td>Estas galletas son esenciales\n\t\t\tpara que los sitios web de nuestros servicios realicen sus funciones b\u00e1sicas. Entre ellas, las necesarias para permitir\n\t\t\tusuarios registrados para autenticarse y realizar funciones relacionadas con la cuenta, as\u00ed como para guardar los contenidos\n\t\t\tde los \"carritos\" virtuales en los sitios que tienen una funcionalidad de comercio electr\u00f3nico.<\/td><\/tr><tr><td>Funcionalidad<\/td><td>Estas cookies se utilizan para almacenar\n\t\t\t\tpreferencias establecidas por los usuarios, como el nombre de la cuenta, el idioma y la ubicaci\u00f3n.<\/td><\/tr><\/tbody><\/table><\/figure>\n\n\n\n<h3 class=\"wp-block-heading\" id=\"h.h79qp21z16rf\">Cookies en nuestro sitio web<\/h3>\n\n\n\n<h3 class=\"wp-block-heading\" id=\"h.fiuszt1eu4b8\">Sitios de usuarios<\/h3>\n\n\n\n<p>Adem\u00e1s de las cookies instaladas en nuestros propios sitios, utilizamos cookies para nuestros\n\t\t\n\t\t<a href=\"https:\/\/en.support.wordpress.com\/stats\/&amp;sa=D&amp;ust=1566295713503000\">Estad\u00edsticas del sitio<\/a>\n\t\t&nbsp;caracter\u00edstica. Esto cuenta el n\u00famero \u00fanico de visitantes a un sitio, as\u00ed como el\n\t\tn\u00famero de lugares geogr\u00e1ficos espec\u00edficos. Un visitante se cuenta cuando vemos a un usuario o navegador por primera vez\n\t\ten un periodo determinado.<\/p>\n\n\n\n<h3 class=\"wp-block-heading\" id=\"h.h23d3bxfvjc4\">Control de las cookies<\/h3>\n\n\n\n<p>Los visitantes pueden desear restringir el uso de las cookies o impedir completamente su instalaci\u00f3n.\n\t\t\tLa mayor\u00eda de los navegadores ofrecen formas de controlar el comportamiento de las cookies, como la duraci\u00f3n de su almacenamiento, ya sea a trav\u00e9s de la funcionalidad incorporada o mediante el uso de plugins de terceros.\n\t\t\tya sea a trav\u00e9s de la funcionalidad incorporada o mediante la utilizaci\u00f3n de plugins de terceros. Si desactiva las cookies, por favor, sea\n\t\t\tconsciente de que algunas de las caracter\u00edsticas de nuestro servicio pueden no funcionar correctamente. Para saber m\u00e1s sobre c\u00f3mo gestionar\n\t\t\ty eliminar las cookies, visite aboutcookies.org. Para m\u00e1s detalles sobre sus opciones en cuanto al uso de su navegaci\u00f3n web\n\t\t\tactividad para la visita de publicidad basada en intereses\n\t\t\t<a href=\"http:\/\/youronlinechoices.eu\">youronlinechoices.eu<\/a>&nbsp;(basado en la UE) o\n\t\t\t\n\t\t\t<a href=\"http:\/\/optout.aboutads.info\">optout.aboutads.info<\/a>&nbsp;(con sede en Estados Unidos).\n\t\t<\/p>\n\n\n\n<p>En un dispositivo m\u00f3vil, tambi\u00e9n puedes ajustar la configuraci\u00f3n para limitar el seguimiento.<\/p>\n\n\n\n<p>Por ejemplo, puede excluirse de Google Analytics instalando \n\t\t\t<a href=\"https:\/\/tools.google.com\/dlpage\/gaoptout\">Complemento de exclusi\u00f3n de Google para el navegador<\/a>o\n\t\t\tde Hotjar utilizando el\n\t\t\t<a href=\"https:\/\/www.hotjar.com\/legal\/compliance\/opt-out\">Cabecera Do Not Track<\/a>.<\/p>\n\n\n\n<h3 class=\"wp-block-heading\" id=\"h.b3iripmixrxv\">Contacto<\/h3>\n\n\n\n<p>Si usted\n\t\t\ttiene alguna pregunta sobre nuestro uso de cookies, puede encontrar los datos de contacto m\u00e1s relevantes en nuestra p\u00e1gina de contacto.\n\t\t<\/p>","protected":false},"excerpt":{"rendered":"<p>What are cookies? Cookies are small pieces of data, stored in text files, that are stored on your computer or other device when websites are loaded in a browser. They are widely used to &#8220;remember&#8221; you and your preferences, either for a single visit (through a &#8220;session cookie&#8221;) or for multiple repeat visits (using a [&hellip;]<\/p>\n","protected":false},"author":58,"featured_media":0,"parent":0,"menu_order":0,"comment_status":"closed","ping_status":"closed","template":"","meta":{"_acf_changed":false,"_seopress_robots_primary_cat":"","_seopress_titles_title":"","_seopress_titles_desc":"","_seopress_robots_index":"","_uag_custom_page_level_css":"","iawp_total_views":106,"uix_meta_title":"","uix_meta_description":"","uix_canonical_url":"","footnotes":""},"class_list":["post-196723","page","type-page","status-publish","hentry"],"acf":[],"uagb_featured_image_src":{"full":false,"thumbnail":false,"medium":false,"medium_large":false,"large":false,"1536x1536":false,"2048x2048":false,"trp-custom-language-flag":false,"woocommerce_thumbnail":false,"woocommerce_single":false,"woocommerce_gallery_thumbnail":false,"variation_swatches_image_size":false,"variation_swatches_tooltip_size":false},"uagb_author_info":{"display_name":"Assistenza Plados Telma","author_link":"https:\/\/www.pladostelma.com\/es\/author\/assistenza\/"},"uagb_comment_info":0,"uagb_excerpt":"What are cookies? Cookies are small pieces of data, stored in text files, that are stored on your computer or other device when websites are loaded in a browser. They are widely used to &#8220;remember&#8221; you and your preferences, either for a single visit (through a &#8220;session cookie&#8221;) or for multiple repeat visits (using a&hellip;","_links":{"self":[{"href":"https:\/\/www.pladostelma.com\/es\/wp-json\/wp\/v2\/pages\/196723","targetHints":{"allow":["GET"]}}],"collection":[{"href":"https:\/\/www.pladostelma.com\/es\/wp-json\/wp\/v2\/pages"}],"about":[{"href":"https:\/\/www.pladostelma.com\/es\/wp-json\/wp\/v2\/types\/page"}],"author":[{"embeddable":true,"href":"https:\/\/www.pladostelma.com\/es\/wp-json\/wp\/v2\/users\/58"}],"replies":[{"embeddable":true,"href":"https:\/\/www.pladostelma.com\/es\/wp-json\/wp\/v2\/comments?post=196723"}],"version-history":[{"count":0,"href":"https:\/\/www.pladostelma.com\/es\/wp-json\/wp\/v2\/pages\/196723\/revisions"}],"wp:attachment":[{"href":"https:\/\/www.pladostelma.com\/es\/wp-json\/wp\/v2\/media?parent=196723"}],"curies":[{"name":"wp","href":"https:\/\/api.w.org\/{rel}","templated":true}]}}