{"id":1888,"date":"2018-10-05T09:26:42","date_gmt":"2018-10-05T07:26:42","guid":{"rendered":"https:\/\/www.pladostelma.com\/f-a-q\/"},"modified":"2025-03-06T11:43:34","modified_gmt":"2025-03-06T10:43:34","slug":"faq","status":"publish","type":"page","link":"https:\/\/www.pladostelma.com\/es\/faq\/","title":{"rendered":"PREGUNTAS FRECUENTES"},"content":{"rendered":"<p><strong>\u00bfQu\u00e9 son los fregaderos compuestos formati?<br><\/strong>El material compuesto de los fregaderos PLADOS-TELMA est\u00e1 formado por micropart\u00edculas de granito y cuarzo en el 80% y por resina acr\u00edlica en el 20%.<\/p>\n\n\n\n<p><strong>\u00bfEste material es resistente al calor?<br><\/strong>S\u00ed, nuestros disipadores soportan los choques t\u00e9rmicos, incluso los m\u00e1s violentos, y las temperaturas muy elevadas (hasta 280\u00b0) sin sufrir da\u00f1os permanentes.<\/p>\n\n\n\n<p><strong>\u00bfEs resistente a los ara\u00f1azos?<br><\/strong>El alt\u00edsimo porcentaje de relleno mineral en la mezcla hace que nuestros fregaderos sean muy resistentes a los ara\u00f1azos, las rozaduras y el desgaste. La mayor\u00eda de nuestros modelos est\u00e1n equipados con una superficie especial resistente a los ara\u00f1azos, dise\u00f1ada para preservar todas las partes planas de trabajo, como el fondo del lavabo y el escurridor, del desgaste debido al uso diario y azione.<\/p>\n\n\n\n<p><strong>\u00bfLos fregaderos de composite se decoloran con el tiempo?<br><\/strong>El color es la caracter\u00edstica distintiva de los fregaderos PLADOS-TELMA. Gracias a su excelente resistencia a los rayos ultravioleta, los colores de los fregaderos PLADOS-TELMA permanecen vivos e inalterables a lo largo del tiempo y conservan todo su brillo. El color no cambia aunque el fregadero est\u00e9 expuesto a la luz solar directa.<\/p>\n\n\n\n<p><strong>\u00bfPueden aparecer manchas? Si es as\u00ed, \u00bfc\u00f3mo se pueden limpiar?<br><\/strong>Nuestros fregaderos soportan muy bien el azione diario de sustancias y alimentos agresivos. La suciedad y las manchas pueden eliminarse con un ligero enjuague y una simple limpieza con una esponja. El material compuesto de la unidad PLADOS-TELMA es muy f\u00e1cil de limpiar. La superficie no porosa permite limpiar el fregadero r\u00e1pidamente con un detergente normal y el simple azione de un pa\u00f1o o esponja. El fregadero parece siempre fresco, limpio e higi\u00e9nico. Los dep\u00f3sitos de cal pueden eliminarse f\u00e1cilmente con detergentes universales disponibles en el mercado, productos anticalc\u00e1reos o depositando vinagre (adem\u00e1s de agua) en el fondo de la taza durante 4-8 horas. A continuaci\u00f3n, aclara el fregadero, l\u00edmpialo con una esponja y s\u00e9calo.<\/p>\n\n\n\n<p><strong>\u00bfExisten productos espec\u00edficos para la limpieza de los fregaderos de material compuesto?<br><\/strong>Plados-Telma propone una l\u00ednea de detergentes especialmente dise\u00f1ados para el cuidado de los fregaderos de composite.<br>PARA LA LIMPIEZA ORDINARIA: BRILLCARE es un detergente de base acuosa, formulado con materiales r\u00e1pidamente biodegradables y con certificaci\u00f3n ECOLABELone de origen vegetal. Es ideal para la limpieza diaria de los fregaderos Plados y todas las superficies lavables de la cocina.<br>PARA UNA LIMPIEZA EXTRAORDINARIA: EXTRACARE es un detergente desincrustante a base de agua para una limpieza extraordinaria. Activo contra la suciedad persistente, est\u00e1 dise\u00f1ado para no da\u00f1ar el brillo de los fregaderos de composite. Gracias a su f\u00f3rmula densa, tambi\u00e9n es adecuado para la aplicaci\u00f3n vertical. El producto se seca muy lentamente, permitiendo que los agentes activos de la mezcla reaccionen durante el mayor tiempo posible. Lea m\u00e1s en esta p\u00e1gina.<\/p>\n\n\n\n<p><strong>\u00bfSe pueden utilizar alfombrillas de goma o pl\u00e1stico?<\/strong><br>No, esto est\u00e1 totalmente desaconsejado. Las alfombrillas de goma\/pl\u00e1stico retienen l\u00edquidos y, en caso de derrame de agua hirviendo, act\u00faan como fuente directa de calor, creando un blanqueamiento irreversible y, por tanto, da\u00f1os irreparables con manchas que NO se pueden eliminar. En su lugar, recomendamos el uso de las rejillas de acero inoxidable para fondo de cubeta, compatibles seg\u00fan el modelo de fregadero.<\/p>\n\n\n\n<p><strong>\u00bfExisten productos que se puedan adaptar al color del fregadero?<br><\/strong>En nuestra gama de productos hay mezcladores, hornos, placas y campanas del mismo color que el fregadero. Todos nuestros fregaderos pueden combinarse con los mezcladores de la gama.<\/p>\n\n\n\n<p><strong>\u00bfQu\u00e9 tipo de fresa utilizas para perforar tus fregaderos?<\/strong><br>Nuestros fregaderos se pueden perforar con una broca de diamante con un di\u00e1metro de 35-37 mm. Todos los fregaderos tienen agujeros de montaje preperforados para el grifo. Algunos modelos tienen m\u00e1s de un agujero previo para que el instalador pueda decidir d\u00f3nde colocar el grifo.<\/p>\n\n\n\n<p><strong>\u00bfCu\u00e1ntos a\u00f1os de garant\u00eda tienen sus fregaderos?<br><\/strong>Todos los fregaderos Plados-Telma est\u00e1n garantizados contra la rotura por choque t\u00e9rmico. Los a\u00f1os de garant\u00eda var\u00edan en funci\u00f3n del material elegido:<\/p>\n\n\n\n<p>- Los fregaderos nanoSTONE tienen una garant\u00eda de 20 a\u00f1os.<br>- Los fregaderos microULTRAGRANIT\/TelmaGRANIT y ULTRAMETAL\/METALQUARTZ tienen una garant\u00eda de 10 a\u00f1os.<br>- Los fregaderos Ultraquartz\/Duralast tienen una garant\u00eda de 6 a\u00f1os.<\/p>\n\n\n\n<p><strong>\u00bfQu\u00e9 es el ARIAPURA?<br><\/strong>ARIAPURA es una tecnolog\u00eda desarrollada por nuestros laboratorios de investigaci\u00f3n y consiste en la adici\u00f3n de nanopart\u00edculas de di\u00f3xido de titanio a la mezcla del material compuesto. Este componente natural, en presencia de luz artificial o solar, desencadena un fen\u00f3meno llamado \"fotocat\u00e1lisis\" que transforma las part\u00edculas contaminantes presentes en la cocina en sales minerales inofensivas.\u00a7 Un fregadero equipado con tecnolog\u00eda ARIAPURA realiza una triple acci\u00f3none:<\/p>\n\n\n\n<h4 class=\"wp-block-heading\">- ANTICONTAMINANTE<br>- BACTERICIDA<br>- AUTOPULSADO<\/h4>\n\n\n\n<p>Para m\u00e1s informaci\u00f3n, visite <a href=\"https:\/\/www.pladostelma.com\/ariapura\/\" data-type=\"page\" data-id=\"2223\">esta p\u00e1gina<\/a>.<\/p>\n\n\n\n<p><strong>\u00bfCu\u00e1ntos a\u00f1os de garant\u00eda tienen las batidoras?<br><\/strong>Las batidoras tienen una garant\u00eda de 2 a\u00f1os.<\/p>\n\n\n\n<p><strong>\u00bfCu\u00e1ntos a\u00f1os de garant\u00eda tienen los hornos y las placas?<br><\/strong>Las placas y los hornos tienen una garant\u00eda de 2 a\u00f1os.<\/p>\n\n\n\n<p><strong>\u00bfD\u00f3nde puedo comprar sus productos?<br><\/strong>Puede solicitar el nombre de su distribuidor local directamente en nuestro sitio web.<\/p>\n\n\n\n<p><strong>\u00bfC\u00f3mo puedo recibir ayuda?<br><\/strong>El servicio est\u00e1 disponible de lunes a viernes de 8.30 a 12.30 horas.<\/p>\n\n\n\n<p>- Para fregaderos y mezcladores: proporcionamos one 3 modos<br>1) Rellene el formulario de asistencia aqu\u00ed en el sitio.<br>2) Llame a nuestro n\u00famero de servicio directo de Plados-Telma: 0733-290592<br>3) Escriba un correo electr\u00f3nico a la direcci\u00f3n: assistenza@pladostelma.com<\/p>\n\n\n\n<p>- PLACAS DE COCCI\u00d3N Y HORNOS DE GAS<br>P\u00f3ngase en contacto con su centro de servicio m\u00e1s cercano. Haga clic aqu\u00ed para obtener m\u00e1s informaci\u00f3n.<\/p>\n\n\n\n<p>- CAMPANAS Y PLACAS DE INDUCCI\u00d3NONE\/CER\u00c1MICA DE VIDRIO<br>Marcar el n\u00famero: 0731 880301<\/p>\n\n\n\n<p>- TRITURACI\u00d3N<br>Marque el tel\u00e9fono gratuito 800 290330<\/p>\n\n\n\n<p><\/p>","protected":false},"excerpt":{"rendered":"<p>Da cosa sono formati i lavelli in materiale composito?Il materiale composito dei lavelli PLADOS-TELMA \u00e8 costituito all&#8217;80% da microparticelle di granito e quarzo, e del 20% da resina acrilica. Questo materiale \u00e8 resistente al calore?S\u00ec, i nostri lavelli resistono agli schock termici, anche i pi\u00f9 violenti, e alle temperature molto elevate (fino a 280\u00b0) senza [&hellip;]<\/p>\n","protected":false},"author":61,"featured_media":0,"parent":0,"menu_order":11,"comment_status":"closed","ping_status":"closed","template":"","meta":{"_acf_changed":false,"_seopress_robots_primary_cat":"","_seopress_titles_title":"","_seopress_titles_desc":"","_seopress_robots_index":"","_uag_custom_page_level_css":"","iawp_total_views":3075,"uix_meta_title":"","uix_meta_description":"","uix_canonical_url":"","footnotes":""},"class_list":["post-1888","page","type-page","status-publish","hentry"],"acf":[],"uagb_featured_image_src":{"full":false,"thumbnail":false,"medium":false,"medium_large":false,"large":false,"1536x1536":false,"2048x2048":false,"trp-custom-language-flag":false,"woocommerce_thumbnail":false,"woocommerce_single":false,"woocommerce_gallery_thumbnail":false,"variation_swatches_image_size":false,"variation_swatches_tooltip_size":false},"uagb_author_info":{"display_name":"PladosTelma","author_link":"https:\/\/www.pladostelma.com\/es\/author\/pladostelma\/"},"uagb_comment_info":0,"uagb_excerpt":"Da cosa sono formati i lavelli in materiale composito?Il materiale composito dei lavelli PLADOS-TELMA \u00e8 costituito all&#8217;80% da microparticelle di granito e quarzo, e del 20% da resina acrilica. Questo materiale \u00e8 resistente al calore?S\u00ec, i nostri lavelli resistono agli schock termici, anche i pi\u00f9 violenti, e alle temperature molto elevate (fino a 280\u00b0) senza&hellip;","_links":{"self":[{"href":"https:\/\/www.pladostelma.com\/es\/wp-json\/wp\/v2\/pages\/1888","targetHints":{"allow":["GET"]}}],"collection":[{"href":"https:\/\/www.pladostelma.com\/es\/wp-json\/wp\/v2\/pages"}],"about":[{"href":"https:\/\/www.pladostelma.com\/es\/wp-json\/wp\/v2\/types\/page"}],"author":[{"embeddable":true,"href":"https:\/\/www.pladostelma.com\/es\/wp-json\/wp\/v2\/users\/61"}],"replies":[{"embeddable":true,"href":"https:\/\/www.pladostelma.com\/es\/wp-json\/wp\/v2\/comments?post=1888"}],"version-history":[{"count":0,"href":"https:\/\/www.pladostelma.com\/es\/wp-json\/wp\/v2\/pages\/1888\/revisions"}],"wp:attachment":[{"href":"https:\/\/www.pladostelma.com\/es\/wp-json\/wp\/v2\/media?parent=1888"}],"curies":[{"name":"wp","href":"https:\/\/api.w.org\/{rel}","templated":true}]}}