{"id":1846,"date":"2018-10-03T17:18:49","date_gmt":"2018-10-03T15:18:49","guid":{"rendered":"https:\/\/www.pladostelma.com\/chi-e-plados\/"},"modified":"2018-10-04T10:55:06","modified_gmt":"2018-10-04T08:55:06","slug":"chi-e-plados","status":"publish","type":"page","link":"https:\/\/www.pladostelma.com\/es\/chi-e-plados\/","title":{"rendered":"\u00bfQui\u00e9n es Plados?"},"content":{"rendered":"<p><span style=\"line-height: 1.3em;\"><img decoding=\"async\" class=\"size-full wp-image-868\" src=\"https:\/\/www.pladostelma.com\/wp-content\/uploads\/2014\/06\/pano001.jpg\" alt=\"\" width=\"1600\" height=\"450\" srcset=\"https:\/\/www.pladostelma.com\/wp-content\/uploads\/2014\/06\/pano001.jpg 1600w, https:\/\/www.pladostelma.com\/wp-content\/uploads\/2014\/06\/pano001-300x84.jpg 300w, https:\/\/www.pladostelma.com\/wp-content\/uploads\/2014\/06\/pano001-600x169.jpg 600w, https:\/\/www.pladostelma.com\/wp-content\/uploads\/2014\/06\/pano001-768x216.jpg 768w, https:\/\/www.pladostelma.com\/wp-content\/uploads\/2014\/06\/pano001-1024x288.jpg 1024w, https:\/\/www.pladostelma.com\/wp-content\/uploads\/2014\/06\/pano001-20x6.jpg 20w\" sizes=\"(max-width: 1600px) 100vw, 1600px\" \/><\/span><\/p>\n<p><span style=\"line-height: 1.3em;\">La <strong>PLADOS<\/strong> es uno de los principales productores mundiales de <strong>fregaderos de cocina de material compuesto<\/strong> (fregaderos en ULTRAQUARTZ, microULTRAGRANIT, ULTRAMETAL, ULTRAVITRO y NATURSTONE).<\/span><\/p>\n<p>Gracias a un producto de m\u00e1xima calidad y gran fiabilidad, el <strong>PLADOS<\/strong>fundada en 1991, consigui\u00f3 inmediatamente una posici\u00f3n destacada en el dif\u00edcil mercado internacional. <strong>fregadero compuesto<\/strong>Han conseguido importantes resultados comerciales y una aprobaci\u00f3n un\u00e1nime en todas partes.<br \/>\nLos productos <strong>PLADOS<\/strong> se exportan ahora a muchos pa\u00edses y a los cinco continentes.<br \/>\n<strong>Grifos<\/strong>, <strong>Placas de cocci\u00f3n<\/strong>, <strong>hornos<\/strong> e <strong>campanas extractoras<\/strong> en colores de granito y ofrecidos en el mismo color que el fregadero completan la gama de productos ofrecidos, permitiendo coordinaciones perfectas e inimitables.<\/p>\n<p>En 2003, las empresas <strong>PLADOS<\/strong> e <strong>TELMA<\/strong> combinan sus puntos fuertes y su experiencia para crear uno de los principales centros de producci\u00f3n del mundo. <strong>fregaderos compuestos<\/strong> m\u00e1s avanzados del mundo.<\/p>","protected":false},"excerpt":{"rendered":"<p>La PLADOS \u00e8 uno dei principali produttori mondiali di lavelli da cucina in materiale composito (lavelli in ULTRAQUARTZ, microULTRAGRANIT, ULTRAMETAL, ULTRAVITRO e NATURSTONE). Grazie ad un prodotto di altissimo pregio e grande affidabilit\u00e0, la PLADOS, fondata nel 1991, \u00e8 riuscita fin da subito a conquistare una posizione di rilievo nel difficile scenario internazionale del lavello [&hellip;]<\/p>\n","protected":false},"author":1,"featured_media":0,"parent":0,"menu_order":16,"comment_status":"closed","ping_status":"closed","template":"","meta":{"_acf_changed":false,"_seopress_robots_primary_cat":"","_seopress_titles_title":"","_seopress_titles_desc":"","_seopress_robots_index":"","_uag_custom_page_level_css":"","iawp_total_views":476,"uix_meta_title":"","uix_meta_description":"","uix_canonical_url":"","footnotes":""},"class_list":["post-1846","page","type-page","status-publish","hentry"],"acf":[],"uagb_featured_image_src":{"full":false,"thumbnail":false,"medium":false,"medium_large":false,"large":false,"1536x1536":false,"2048x2048":false,"trp-custom-language-flag":false,"woocommerce_thumbnail":false,"woocommerce_single":false,"woocommerce_gallery_thumbnail":false,"variation_swatches_image_size":false,"variation_swatches_tooltip_size":false},"uagb_author_info":{"display_name":"admino","author_link":"https:\/\/www.pladostelma.com\/es\/author\/admino\/"},"uagb_comment_info":0,"uagb_excerpt":"La PLADOS \u00e8 uno dei principali produttori mondiali di lavelli da cucina in materiale composito (lavelli in ULTRAQUARTZ, microULTRAGRANIT, ULTRAMETAL, ULTRAVITRO e NATURSTONE). Grazie ad un prodotto di altissimo pregio e grande affidabilit\u00e0, la PLADOS, fondata nel 1991, \u00e8 riuscita fin da subito a conquistare una posizione di rilievo nel difficile scenario internazionale del lavello&hellip;","_links":{"self":[{"href":"https:\/\/www.pladostelma.com\/es\/wp-json\/wp\/v2\/pages\/1846","targetHints":{"allow":["GET"]}}],"collection":[{"href":"https:\/\/www.pladostelma.com\/es\/wp-json\/wp\/v2\/pages"}],"about":[{"href":"https:\/\/www.pladostelma.com\/es\/wp-json\/wp\/v2\/types\/page"}],"author":[{"embeddable":true,"href":"https:\/\/www.pladostelma.com\/es\/wp-json\/wp\/v2\/users\/1"}],"replies":[{"embeddable":true,"href":"https:\/\/www.pladostelma.com\/es\/wp-json\/wp\/v2\/comments?post=1846"}],"version-history":[{"count":0,"href":"https:\/\/www.pladostelma.com\/es\/wp-json\/wp\/v2\/pages\/1846\/revisions"}],"wp:attachment":[{"href":"https:\/\/www.pladostelma.com\/es\/wp-json\/wp\/v2\/media?parent=1846"}],"curies":[{"name":"wp","href":"https:\/\/api.w.org\/{rel}","templated":true}]}}