{"id":1838,"date":"2018-10-03T17:10:47","date_gmt":"2018-10-03T15:10:47","guid":{"rendered":"https:\/\/www.pladostelma.com\/prodotti-per-la-pulizia\/"},"modified":"2025-04-14T13:53:35","modified_gmt":"2025-04-14T11:53:35","slug":"prodotti-per-la-pulizia","status":"publish","type":"page","link":"https:\/\/www.pladostelma.com\/es\/prodotti-per-la-pulizia\/","title":{"rendered":"CUIDADO Y MANTENIMIENTO"},"content":{"rendered":"<h1 class=\"wp-block-heading alignwide has-text-align-center\">CUIDADO Y MANTENIMIENTO<\/h1>\n\n\n<div class=\"wp-block-image wp-block-image aligncenter size-full is-resized\">\n<figure class=\"\"><a href=\"https:\/\/www.pladostelma.com\/wp-content\/uploads\/booklet_istr_2024.pdf.zip\"><img decoding=\"async\" width=\"1024\" height=\"740\" src=\"https:\/\/www.pladostelma.com\/wp-content\/uploads\/cura_manutenzione.jpg\" alt=\"\" class=\"wp-image-245014\" style=\"width:840px;height:auto\" srcset=\"https:\/\/www.pladostelma.com\/wp-content\/uploads\/cura_manutenzione.jpg 1024w, https:\/\/www.pladostelma.com\/wp-content\/uploads\/cura_manutenzione-300x217.jpg 300w, https:\/\/www.pladostelma.com\/wp-content\/uploads\/cura_manutenzione-768x555.jpg 768w, https:\/\/www.pladostelma.com\/wp-content\/uploads\/cura_manutenzione-18x12.jpg 18w, https:\/\/www.pladostelma.com\/wp-content\/uploads\/cura_manutenzione-600x434.jpg 600w, https:\/\/www.pladostelma.com\/wp-content\/uploads\/cura_manutenzione-100x72.jpg 100w\" sizes=\"(max-width: 1024px) 100vw, 1024px\" \/><\/a><figcaption class=\"wp-element-caption\"><a href=\"https:\/\/www.pladostelma.com\/wp-content\/uploads\/booklet_istr_2024.pdf.zip\"><strong>Descargar PDF de instrucciones de cuidado y mantenimientoone<\/strong><br><strong>\u00a1para tenerlo siempre a mano!<\/strong><\/a><\/figcaption><\/figure><\/div>\n\n\n<div style=\"height:50px\" aria-hidden=\"true\" class=\"wp-block-spacer\"><\/div>\n\n\n\n<h3 class=\"wp-block-heading\"><strong>CUIDADO Y MANTENIMIENTO ORDINARIO<\/strong><\/h3>\n\n\n\n<div class=\"wp-block-columns is-layout-flex wp-container-core-columns-is-layout-9d6595d7 wp-block-columns-is-layout-flex\">\n<div class=\"wp-block-column is-vertically-aligned-center is-layout-flow wp-block-column-is-layout-flow\" style=\"flex-basis:66.66%\">\n<p>La no porosidad de las superficies de nuestros fregaderos permite una limpieza r\u00e1pida con un detergente l\u00edquido normal y la simple acci\u00f3n de un pa\u00f1o suave o una esponja. El fregadero quedar\u00e1 siempre fresco, limpio e higi\u00e9nico. Recomendamos una limpieza diaria regular para eliminar al instante las manchas de restos de comida y las marcas causadas por la cal.<\/p>\n<\/div>\n\n\n\n<div class=\"wp-block-column is-vertically-aligned-top is-layout-flow wp-block-column-is-layout-flow\" style=\"flex-basis:33.33%\">\n<figure class=\"wp-block-image size-large\"><img decoding=\"async\" width=\"800\" height=\"538\" src=\"https:\/\/www.pladostelma.com\/wp-content\/uploads\/2021\/03\/daily.jpg\" alt=\"\" class=\"wp-image-210064\" srcset=\"https:\/\/www.pladostelma.com\/wp-content\/uploads\/2021\/03\/daily.jpg 800w, https:\/\/www.pladostelma.com\/wp-content\/uploads\/2021\/03\/daily-300x202.jpg 300w, https:\/\/www.pladostelma.com\/wp-content\/uploads\/2021\/03\/daily-768x516.jpg 768w, https:\/\/www.pladostelma.com\/wp-content\/uploads\/2021\/03\/daily-600x404.jpg 600w\" sizes=\"(max-width: 800px) 100vw, 800px\" \/><\/figure>\n<\/div>\n<\/div>\n\n\n\n<div style=\"height:25px\" aria-hidden=\"true\" class=\"wp-block-spacer\"><\/div>\n\n\n\n<h3 class=\"wp-block-heading\"><strong>CUIDADO Y MANTENIMIENTO EXTRAORDINARIO<\/strong><\/h3>\n\n\n\n<div class=\"wp-block-columns is-layout-flex wp-container-core-columns-is-layout-9d6595d7 wp-block-columns-is-layout-flex\">\n<div class=\"wp-block-column is-vertically-aligned-center is-layout-flow wp-block-column-is-layout-flow\" style=\"flex-basis:33.33%\">\n<figure class=\"wp-block-image size-large\"><img decoding=\"async\" width=\"800\" height=\"538\" src=\"https:\/\/www.pladostelma.com\/wp-content\/uploads\/2021\/03\/week_ly.jpg\" alt=\"\" class=\"wp-image-210068\" srcset=\"https:\/\/www.pladostelma.com\/wp-content\/uploads\/2021\/03\/week_ly.jpg 800w, https:\/\/www.pladostelma.com\/wp-content\/uploads\/2021\/03\/week_ly-300x202.jpg 300w, https:\/\/www.pladostelma.com\/wp-content\/uploads\/2021\/03\/week_ly-768x516.jpg 768w, https:\/\/www.pladostelma.com\/wp-content\/uploads\/2021\/03\/week_ly-600x404.jpg 600w\" sizes=\"(max-width: 800px) 100vw, 800px\" \/><\/figure>\n<\/div>\n\n\n\n<div class=\"wp-block-column is-layout-flow wp-block-column-is-layout-flow\" style=\"flex-basis:66.66%\">\n<p>- <strong>FREGADEROS DE COLOR CLARO<\/strong>En el caso de manchas org\u00e1nicas o de otro tipo especialmente dif\u00edciles, se recomienda dejar en el fondo del fregadero una soluci\u00f3n de detergente biol\u00f3gico o lej\u00eda bien diluida en agua tibia durante unas 8 horas (se aconseja hacerlo por la noche). Por la ma\u00f1ana, aclarar con agua tibia y un pa\u00f1o de microfibra. Si las manchas persisten, se podr\u00e1 repetir la operaci\u00f3n varias veces.<br><br>- <strong>FREGADEROS DE COLOR OSCURO<\/strong>En el caso de manchas org\u00e1nicas o de otro tipo especialmente dif\u00edciles, se recomienda dejar en el fondo del fregadero una soluci\u00f3n de detergente para lavavajillas o bicarbonato bien diluida en agua tibia durante unas 8 horas (se aconseja hacerlo por la noche). Por la ma\u00f1ana, aclarar con agua tibia y un pa\u00f1o de microfibra. Si las manchas persisten, se podr\u00e1 repetir la operaci\u00f3n varias veces.<\/p>\n<\/div>\n<\/div>\n\n\n\n<div style=\"height:25px\" aria-hidden=\"true\" class=\"wp-block-spacer\"><\/div>\n\n\n\n<h3 class=\"wp-block-heading\"><strong>CAL<\/strong><\/h3>\n\n\n\n<p>Para evitar la formaci\u00f3n de manchas y marcas de cal, se aconseja llevar a cabo un tratamiento de descalcificaci\u00f3n al menos una vez a la semana. Para eliminar la cal, muy visible en los fregaderos de color oscuro, se recomienda el siguiente procedimiento:<br><br>1) Dejar actuar unas horas en el fondo de la cubeta una soluci\u00f3n de agua tibia y vinagre de cocina normal o de productos antical desincrustantes espec\u00edficos.<br>2) Frotar en\u00e9rgicamente con una esponja no abrasiva hasta eliminar por completo la cal y la suciedad.<br>3) Aclarar con abundante agua tibia y secar bien con un pa\u00f1o de microfibra.<\/p>\n\n\n\n<div style=\"height:25px\" aria-hidden=\"true\" class=\"wp-block-spacer\"><\/div>\n\n\n\n<h3 class=\"wp-block-heading\"><strong><strong>ADVERTENCIAS Y CONSEJOS PR\u00c1CTICOS<\/strong><\/strong><\/h3>\n\n\n\n<div class=\"wp-block-columns is-layout-flex wp-container-core-columns-is-layout-9d6595d7 wp-block-columns-is-layout-flex\">\n<div class=\"wp-block-column is-vertically-aligned-center is-layout-flow wp-block-column-is-layout-flow\">\n<p>- Evitar apoyar ollas u otros cuerpos calientes a m\u00e1s de 300 \u00b0C \/ 572 \u00b0F sobre la superficie del fregadero<strong>(\u00a1ATENCI\u00d3N! El fondo de una olla reci\u00e9n quitada del fuego puede alcanzar temperaturas de m\u00e1s de 600 \u00b0C).<\/strong>). Las ollas o cuerpos muy calientes deben apoyarse sobre salvamanteles adecuados (de madera, goma, etc.).<br><br>- Evitar los choques t\u00e9rmicos excesivos provocados por la acci\u00f3n simult\u00e1nea de cuerpos muy calientes y cuerpos muy fr\u00edos.<\/p>\n<\/div>\n\n\n\n<div class=\"wp-block-column is-layout-flow wp-block-column-is-layout-flow\">\n<figure class=\"wp-block-image size-large\"><img decoding=\"async\" width=\"800\" height=\"538\" src=\"https:\/\/www.pladostelma.com\/wp-content\/uploads\/2021\/03\/hot_pan.jpg\" alt=\"\" class=\"wp-image-210070\" srcset=\"https:\/\/www.pladostelma.com\/wp-content\/uploads\/2021\/03\/hot_pan.jpg 800w, https:\/\/www.pladostelma.com\/wp-content\/uploads\/2021\/03\/hot_pan-300x202.jpg 300w, https:\/\/www.pladostelma.com\/wp-content\/uploads\/2021\/03\/hot_pan-768x516.jpg 768w, https:\/\/www.pladostelma.com\/wp-content\/uploads\/2021\/03\/hot_pan-600x404.jpg 600w\" sizes=\"(max-width: 800px) 100vw, 800px\" \/><\/figure>\n<\/div>\n<\/div>\n\n\n\n<p>- No cortar ni picar alimentos directamente sobre el fregadero; se aconseja utilizar una tabla de cortar de madera de iroko o de polietileno, que puede adquirirse a juego con el fregadero.<\/p>\n\n\n\n<p>- No utilizar detergentes ni l\u00edquidos agresivos, sustancias abrasivas y altamente alcalinas o \u00e1cidos. No verter en el fregadero alcohol, gasolina, tricloroetileno, acetona ni disolventes en general, ya que podr\u00edan da\u00f1ar la estructura qu\u00edmica del mismo de modo irreparable.<\/p>\n\n\n\n<p>- No eliminar la suciedad o las manchas con esponjas de acero o abrasivas. Podr\u00edan da\u00f1ar la superficie.<\/p>\n\n\n\n<p>- Evitar los impactos accidentales con objetos pesados o afilados que pudieran da\u00f1ar la superficie del fregadero.<\/p>\n\n\n\n<div style=\"height:50px\" aria-hidden=\"true\" class=\"wp-block-spacer\"><\/div>\n\n\n\n<h3 class=\"wp-block-heading has-text-align-center\"><strong>PRODUCTOS DE LIMPIEZA<\/strong><\/h3>\n\n\n\n<p>Plados-Telma ofrece ahora una l\u00ednea de detergentes especialmente dise\u00f1ados para el cuidado de los fregaderos de composite.<\/p>\n\n\n\n<h6 class=\"wp-block-heading\">&nbsp;<\/h6>\n\n\n\n<div class=\"wp-block-columns is-layout-flex wp-container-core-columns-is-layout-9d6595d7 wp-block-columns-is-layout-flex\">\n<div class=\"wp-block-column is-layout-flow wp-block-column-is-layout-flow\">\n<p><strong>BRILLANTE<\/strong><br><br>BRILLCARE es un detergente a base de agua formulado con materiales de origen vegetal r\u00e1pidamente biodegradables y con el reconocimiento y la certificaci\u00f3n ECOLABEL. Es ideal para la limpieza diaria de los fregaderos Plados-Telma y de todas las superficies lavables de la cocina. Su formulaci\u00f3n proporciona una excelente limpieza con una simple aplicaci\u00f3n; BRILLCARE respeta las superficies y no deja marcas.<br><br><strong>Cualidades principales:<\/strong><br>- Buen poder desengrasante<br>- Deja una agradable fragancia<br>- Ecol\u00f3gico<br><br><strong>\u00c1mbitos de uso:<\/strong><br>Limpieza de fregaderos de material compuesto y superficies lavables de la cocina<\/p>\n<\/div>\n\n\n\n<div class=\"wp-block-column is-layout-flow wp-block-column-is-layout-flow\"><div class=\"wp-block-image\">\n<figure class=\"aligncenter size-full is-resized\"><img decoding=\"async\" width=\"498\" height=\"1024\" src=\"https:\/\/www.pladostelma.com\/wp-content\/uploads\/brillcare.jpg\" alt=\"\" class=\"wp-image-230728\" style=\"width:249px;height:512px\" srcset=\"https:\/\/www.pladostelma.com\/wp-content\/uploads\/brillcare.jpg 498w, https:\/\/www.pladostelma.com\/wp-content\/uploads\/brillcare-146x300.jpg 146w, https:\/\/www.pladostelma.com\/wp-content\/uploads\/brillcare-6x12.jpg 6w, https:\/\/www.pladostelma.com\/wp-content\/uploads\/brillcare-300x617.jpg 300w, https:\/\/www.pladostelma.com\/wp-content\/uploads\/brillcare-292x600.jpg 292w\" sizes=\"(max-width: 498px) 100vw, 498px\" \/><\/figure><\/div>\n\n\n<div style=\"height:25px\" aria-hidden=\"true\" class=\"wp-block-spacer\"><\/div>\n\n\n\n<div class=\"wp-block-buttons is-horizontal is-content-justification-center is-layout-flex wp-container-core-buttons-is-layout-499968f5 wp-block-buttons-is-layout-flex\">\n<div class=\"wp-block-button is-style-fill\"><a class=\"wp-block-button__link has-white-color has-text-color has-background wp-element-button\" href=\"https:\/\/shop.pladostelma.com\/product\/brillcare\/\" style=\"background-color:#0a9100\">Comprar ahora<\/a><\/div>\n<\/div>\n<\/div>\n<\/div>\n\n\n\n<div style=\"height:100px\" aria-hidden=\"true\" class=\"wp-block-spacer\"><\/div>\n\n\n\n<div class=\"wp-block-columns is-layout-flex wp-container-core-columns-is-layout-9d6595d7 wp-block-columns-is-layout-flex\">\n<div class=\"wp-block-column is-layout-flow wp-block-column-is-layout-flow\">\n<p><strong>EXTRACARE<\/strong><br><br>EXTRACARE es un detergente desincrustante a base de agua para limpiezas extraordinarias. Activo contra la suciedad m\u00e1s persistente, ha sido estudiado para no da\u00f1ar el brillo de los fregaderos de material compuesto. Gracias a su formulaci\u00f3n densa, tambi\u00e9n est\u00e1 indicado para su aplicaci\u00f3n en vertical. Por sus caracter\u00edsticas, el producto se seca muy lentamente, lo que permite que los agentes activos contenidos en la mezcla act\u00faen durante el mayor tiempo posible. Resulta muy f\u00e1cil de aplicar y no deja marcas.<br><br><strong>Cualidades principales:<\/strong><br>- F\u00e1cil de aplicar, tambi\u00e9n en vertical<br>- Delicado con los materiales sensibles a los \u00e1cidos<br>- Activo contra la suciedad persistente<br><br><strong>\u00c1mbitos de uso:<br><\/strong>Limpieza de fregaderos de material compuesto y superficies lavables de la cocina<\/p>\n<\/div>\n\n\n\n<div class=\"wp-block-column is-layout-flow wp-block-column-is-layout-flow\"><div class=\"wp-block-image\">\n<figure class=\"aligncenter size-full is-resized\"><img decoding=\"async\" width=\"495\" height=\"1024\" src=\"https:\/\/www.pladostelma.com\/wp-content\/uploads\/extracare.jpg\" alt=\"\" class=\"wp-image-230733\" style=\"width:248px;height:512px\" srcset=\"https:\/\/www.pladostelma.com\/wp-content\/uploads\/extracare.jpg 495w, https:\/\/www.pladostelma.com\/wp-content\/uploads\/extracare-145x300.jpg 145w, https:\/\/www.pladostelma.com\/wp-content\/uploads\/extracare-6x12.jpg 6w, https:\/\/www.pladostelma.com\/wp-content\/uploads\/extracare-300x621.jpg 300w, https:\/\/www.pladostelma.com\/wp-content\/uploads\/extracare-290x600.jpg 290w\" sizes=\"(max-width: 495px) 100vw, 495px\" \/><\/figure><\/div>\n\n\n<div style=\"height:25px\" aria-hidden=\"true\" class=\"wp-block-spacer\"><\/div>\n\n\n\n<div class=\"wp-block-buttons is-horizontal is-content-justification-center is-layout-flex wp-container-core-buttons-is-layout-499968f5 wp-block-buttons-is-layout-flex\">\n<div class=\"wp-block-button\"><a class=\"wp-block-button__link has-background wp-element-button\" href=\"https:\/\/shop.pladostelma.com\/product\/extracare\/\" style=\"background-color:#0a9100\">Comprar ahora<\/a><\/div>\n<\/div>\n<\/div>\n<\/div>\n\n\n\n<div style=\"height:100px\" aria-hidden=\"true\" class=\"wp-block-spacer\"><\/div>\n\n\n\n<div class=\"wp-block-columns is-layout-flex wp-container-core-columns-is-layout-9d6595d7 wp-block-columns-is-layout-flex\">\n<div class=\"wp-block-column is-layout-flow wp-block-column-is-layout-flow\">\n<p><strong>DEKAL<\/strong><br><br><\/p>\n\n\n\n<p>DEKAL es un descalcificador dise\u00f1ado para los fregaderos Plados. Como todo lo que entra en contacto con el agua, el fregadero tambi\u00e9n puede estar sujeto a la acumulaci\u00f3n de cal. Como resultado del contacto con los residuos de alimentos o bebidas, la cal se mancha y se hace cada vez m\u00e1s visible. Por lo tanto, para eliminar la mancha, que no est\u00e1 en el material compuesto sino en el dep\u00f3sito de cal, hay que eliminar este \u00faltimo descalcificando el fregadero. DEKAL elimina la cal sin da\u00f1ar el brillo de los fregaderos de composite. Para las manchas dif\u00edciles, se puede utilizar el quitamanchas EXTRACARE despu\u00e9s de eliminar la cal con DEKAL.<\/p>\n<\/div>\n\n\n\n<div class=\"wp-block-column is-vertically-aligned-top is-layout-flow wp-block-column-is-layout-flow\"><div class=\"wp-block-image\">\n<figure class=\"aligncenter size-full is-resized\"><img decoding=\"async\" width=\"717\" height=\"1024\" src=\"https:\/\/www.pladostelma.com\/wp-content\/uploads\/dekal-1.jpg\" alt=\"\" class=\"wp-image-230730\" style=\"width:359px;height:512px\" srcset=\"https:\/\/www.pladostelma.com\/wp-content\/uploads\/dekal-1.jpg 717w, https:\/\/www.pladostelma.com\/wp-content\/uploads\/dekal-1-210x300.jpg 210w, https:\/\/www.pladostelma.com\/wp-content\/uploads\/dekal-1-8x12.jpg 8w, https:\/\/www.pladostelma.com\/wp-content\/uploads\/dekal-1-300x428.jpg 300w, https:\/\/www.pladostelma.com\/wp-content\/uploads\/dekal-1-420x600.jpg 420w\" sizes=\"(max-width: 717px) 100vw, 717px\" \/><\/figure><\/div>\n\n\n<div class=\"wp-block-buttons is-content-justification-center is-layout-flex wp-container-core-buttons-is-layout-16018d1d wp-block-buttons-is-layout-flex\">\n<div class=\"wp-block-button is-style-fill\"><a class=\"wp-block-button__link has-background wp-element-button\" href=\"https:\/\/pladostelma.shop\/dekal\/\" style=\"background-color:#0a9100\">Comprar ahora<\/a><\/div>\n<\/div>\n<\/div>\n<\/div>\n\n\n\n<div style=\"height:100px\" aria-hidden=\"true\" class=\"wp-block-spacer\"><\/div>\n\n\n\n<div class=\"wp-block-columns is-layout-flex wp-container-core-columns-is-layout-9d6595d7 wp-block-columns-is-layout-flex\">\n<div class=\"wp-block-column is-layout-flow wp-block-column-is-layout-flow\">\n<p><strong>MULTICARE<\/strong><\/p>\n\n\n\n<p><br>MULTICARE es un limpiador multisuperficies formulado con agentes de origen vegetal r\u00e1pidamente biodegradables, reconocidos y con certificaci\u00f3n ECOLABEL. Es ideal para la limpieza de fregaderos de acero inoxidable, grifos de colores y placas esmaltadas. MULTICARE respeta las superficies y no deja marcas.<\/p>\n\n\n\n<p>- Buen poder desengrasante<\/p>\n\n\n\n<p>- Deja una agradable fragancia<\/p>\n\n\n\n<p>- Ecol\u00f3gico<\/p>\n<\/div>\n\n\n\n<div class=\"wp-block-column is-layout-flow wp-block-column-is-layout-flow\"><div class=\"wp-block-image\">\n<figure class=\"aligncenter size-full is-resized\"><img decoding=\"async\" width=\"717\" height=\"1024\" src=\"https:\/\/www.pladostelma.com\/wp-content\/uploads\/multicare-1.jpg\" alt=\"\" class=\"wp-image-230735\" style=\"width:359px;height:512px\" srcset=\"https:\/\/www.pladostelma.com\/wp-content\/uploads\/multicare-1.jpg 717w, https:\/\/www.pladostelma.com\/wp-content\/uploads\/multicare-1-210x300.jpg 210w, https:\/\/www.pladostelma.com\/wp-content\/uploads\/multicare-1-8x12.jpg 8w, https:\/\/www.pladostelma.com\/wp-content\/uploads\/multicare-1-300x428.jpg 300w, https:\/\/www.pladostelma.com\/wp-content\/uploads\/multicare-1-420x600.jpg 420w\" sizes=\"(max-width: 717px) 100vw, 717px\" \/><\/figure><\/div>\n\n\n<div class=\"wp-block-buttons is-content-justification-center is-layout-flex wp-container-core-buttons-is-layout-16018d1d wp-block-buttons-is-layout-flex\">\n<div class=\"wp-block-button\"><a class=\"wp-block-button__link has-background wp-element-button\" href=\"https:\/\/pladostelma.shop\/multicare\/\" style=\"background-color:#0a9100\">Comprar ahora<\/a><\/div>\n<\/div>\n<\/div>\n<\/div>\n\n\n\n<div style=\"height:100px\" aria-hidden=\"true\" class=\"wp-block-spacer\"><\/div>\n\n\n\n<div class=\"wp-block-columns is-layout-flex wp-container-core-columns-is-layout-9d6595d7 wp-block-columns-is-layout-flex\">\n<div class=\"wp-block-column is-layout-flow wp-block-column-is-layout-flow\">\n<p><strong>ECOSPONGE<\/strong><br><\/p>\n\n\n\n<p>Dos esponjas dobles azione de celulosa de origen vegetal y 100% biodegradables.<br>El lado de la celulosa derivada de las plantas es superabsorbente, ideal para una limpieza suave, mientras que el lado de la fibra limpia las superficies incrustadas sin rayarlas.  Los laterales reforzados garantizan la durabilidad y el elevado grosor proporciona una eficaz protecci\u00f3n para los dedosone. Multiuso, ideal para todos los productos Plados en la cocina.<\/p>\n<\/div>\n\n\n\n<div class=\"wp-block-column is-layout-flow wp-block-column-is-layout-flow\"><div class=\"wp-block-image\">\n<figure class=\"aligncenter size-full is-resized\"><img decoding=\"async\" width=\"1024\" height=\"862\" src=\"https:\/\/www.pladostelma.com\/wp-content\/uploads\/ecosponge-1.jpg\" alt=\"\" class=\"wp-image-230731\" style=\"width:402px;height:338px\" srcset=\"https:\/\/www.pladostelma.com\/wp-content\/uploads\/ecosponge-1.jpg 1024w, https:\/\/www.pladostelma.com\/wp-content\/uploads\/ecosponge-1-300x253.jpg 300w, https:\/\/www.pladostelma.com\/wp-content\/uploads\/ecosponge-1-768x647.jpg 768w, https:\/\/www.pladostelma.com\/wp-content\/uploads\/ecosponge-1-14x12.jpg 14w, https:\/\/www.pladostelma.com\/wp-content\/uploads\/ecosponge-1-600x505.jpg 600w\" sizes=\"(max-width: 1024px) 100vw, 1024px\" \/><\/figure><\/div>\n\n\n<div class=\"wp-block-buttons is-content-justification-center is-layout-flex wp-container-core-buttons-is-layout-16018d1d wp-block-buttons-is-layout-flex\">\n<div class=\"wp-block-button\"><a class=\"wp-block-button__link has-background wp-element-button\" href=\"https:\/\/pladostelma.shop\/ecosponge\/\" style=\"background-color:#0a9100\">Comprar ahora<\/a><\/div>\n<\/div>\n<\/div>\n<\/div>\n\n\n\n<p><\/p>","protected":false},"excerpt":{"rendered":"<p>CURA E MANUTENZIONE CURA E MANUTENZIONE ORDINARIA La non porosit\u00e0 delle superfici dei nostri lavelli consente una veloce pulizia utilizzando un normale detergente liquido e la semplice azione con un panno morbido o una spugna. Il lavello risulter\u00e0 sempre fresco, pulito ed igienico. Consigliamo una regolare pulizia quotidiana per rimuovere istantaneamente macchie da residui di [&hellip;]<\/p>\n","protected":false},"author":1,"featured_media":230725,"parent":0,"menu_order":23,"comment_status":"closed","ping_status":"closed","template":"","meta":{"_acf_changed":false,"_seopress_robots_primary_cat":"","_seopress_titles_title":"Cura e manutenzione","_seopress_titles_desc":"Cura e manutenzione","_seopress_robots_index":"","_uag_custom_page_level_css":"","iawp_total_views":6237,"uix_meta_title":"","uix_meta_description":"","uix_canonical_url":"","footnotes":""},"class_list":["post-1838","page","type-page","status-publish","has-post-thumbnail","hentry"],"acf":[],"uagb_featured_image_src":{"full":["https:\/\/www.pladostelma.com\/wp-content\/uploads\/2.jpg",1280,766,false],"thumbnail":["https:\/\/www.pladostelma.com\/wp-content\/uploads\/2-150x150.jpg",150,150,true],"medium":["https:\/\/www.pladostelma.com\/wp-content\/uploads\/2-300x180.jpg",300,180,true],"medium_large":["https:\/\/www.pladostelma.com\/wp-content\/uploads\/2-768x460.jpg",768,460,true],"large":["https:\/\/www.pladostelma.com\/wp-content\/uploads\/2-1024x613.jpg",1024,613,true],"1536x1536":["https:\/\/www.pladostelma.com\/wp-content\/uploads\/2.jpg",1280,766,false],"2048x2048":["https:\/\/www.pladostelma.com\/wp-content\/uploads\/2.jpg",1280,766,false],"trp-custom-language-flag":["https:\/\/www.pladostelma.com\/wp-content\/uploads\/2-18x12.jpg",18,12,true],"woocommerce_thumbnail":["https:\/\/www.pladostelma.com\/wp-content\/uploads\/2-300x180.jpg",300,180,true],"woocommerce_single":["https:\/\/www.pladostelma.com\/wp-content\/uploads\/2-600x359.jpg",600,359,true],"woocommerce_gallery_thumbnail":["https:\/\/www.pladostelma.com\/wp-content\/uploads\/2-100x100.jpg",100,100,true],"variation_swatches_image_size":["https:\/\/www.pladostelma.com\/wp-content\/uploads\/2.jpg",50,30,false],"variation_swatches_tooltip_size":["https:\/\/www.pladostelma.com\/wp-content\/uploads\/2.jpg",100,60,false]},"uagb_author_info":{"display_name":"admino","author_link":"https:\/\/www.pladostelma.com\/es\/author\/admino\/"},"uagb_comment_info":0,"uagb_excerpt":"CURA E MANUTENZIONE CURA E MANUTENZIONE ORDINARIA La non porosit\u00e0 delle superfici dei nostri lavelli consente una veloce pulizia utilizzando un normale detergente liquido e la semplice azione con un panno morbido o una spugna. Il lavello risulter\u00e0 sempre fresco, pulito ed igienico. Consigliamo una regolare pulizia quotidiana per rimuovere istantaneamente macchie da residui di&hellip;","_links":{"self":[{"href":"https:\/\/www.pladostelma.com\/es\/wp-json\/wp\/v2\/pages\/1838","targetHints":{"allow":["GET"]}}],"collection":[{"href":"https:\/\/www.pladostelma.com\/es\/wp-json\/wp\/v2\/pages"}],"about":[{"href":"https:\/\/www.pladostelma.com\/es\/wp-json\/wp\/v2\/types\/page"}],"author":[{"embeddable":true,"href":"https:\/\/www.pladostelma.com\/es\/wp-json\/wp\/v2\/users\/1"}],"replies":[{"embeddable":true,"href":"https:\/\/www.pladostelma.com\/es\/wp-json\/wp\/v2\/comments?post=1838"}],"version-history":[{"count":0,"href":"https:\/\/www.pladostelma.com\/es\/wp-json\/wp\/v2\/pages\/1838\/revisions"}],"wp:featuredmedia":[{"embeddable":true,"href":"https:\/\/www.pladostelma.com\/es\/wp-json\/wp\/v2\/media\/230725"}],"wp:attachment":[{"href":"https:\/\/www.pladostelma.com\/es\/wp-json\/wp\/v2\/media?parent=1838"}],"curies":[{"name":"wp","href":"https:\/\/api.w.org\/{rel}","templated":true}]}}