{"id":1823,"date":"2018-10-03T16:05:37","date_gmt":"2018-10-03T14:05:37","guid":{"rendered":"https:\/\/www.pladostelma.com\/certifications\/"},"modified":"2023-04-18T09:29:15","modified_gmt":"2023-04-18T07:29:15","slug":"certificazioni","status":"publish","type":"page","link":"https:\/\/www.pladostelma.com\/es\/certificazioni\/","title":{"rendered":"CERTIFICACIONES"},"content":{"rendered":"<section class=\"wp-block-uagb-columns uagb-columns__wrap uagb-columns__background-none uagb-columns__stack-mobile uagb-columns__valign-center uagb-columns__gap-10 alignwide uagb-block-419f1cdf uagb-columns__columns-2 uagb-columns__max_width-custom\"><div class=\"uagb-columns__overlay\"><\/div><div class=\"uagb-columns__inner-wrap uagb-columns__columns-2\">\n<div class=\"wp-block-uagb-column uagb-column__wrap uagb-column__background-undefined uagb-block-b54fceca\"><div class=\"uagb-column__overlay\"><\/div>\n<figure class=\"wp-block-image size-large\"><img decoding=\"async\" width=\"1024\" height=\"572\" src=\"https:\/\/www.pladostelma.com\/wp-content\/uploads\/2021\/03\/CERT1-1024x572.jpg\" alt=\"\" class=\"wp-image-210006\" srcset=\"https:\/\/www.pladostelma.com\/wp-content\/uploads\/2021\/03\/CERT1-1024x572.jpg 1024w, https:\/\/www.pladostelma.com\/wp-content\/uploads\/2021\/03\/CERT1-300x168.jpg 300w, https:\/\/www.pladostelma.com\/wp-content\/uploads\/2021\/03\/CERT1-768x429.jpg 768w, https:\/\/www.pladostelma.com\/wp-content\/uploads\/2021\/03\/CERT1-600x335.jpg 600w, https:\/\/www.pladostelma.com\/wp-content\/uploads\/2021\/03\/CERT1.jpg 1410w\" sizes=\"(max-width: 1024px) 100vw, 1024px\" \/><\/figure>\n<\/div>\n\n\n\n<div class=\"wp-block-uagb-column uagb-column__wrap uagb-column__background-undefined uagb-block-9581fb62\"><div class=\"uagb-column__overlay\"><\/div>\n<p>El Grupo Plados Telma es uno de los principales fabricantes mundiales de fregaderos de cocina de material compuesto. En la actualidad, nuestros fregaderos se exportan a unos 45 pa\u00edses y cinco continentes. Los grifos, las placas de cocci\u00f3n, los hornos y las campanas extractoras de muchos colores, a juego con los fregaderos, completan la gama de productos que se ofrecen, permitiendo una coordinaci\u00f3n perfecta e inimitable.<br>Llevamos m\u00e1s de 25 a\u00f1os con una misi\u00f3n clara: <strong>desafiar el complejo mercado de los fregaderos de cocina con soluciones de dise\u00f1o, funcionalidad y materiales altamente innovadores.<\/strong><\/p>\n<\/div>\n<\/div><\/section>\n\n\n\n<section class=\"wp-block-uagb-columns uagb-columns__wrap uagb-columns__background-none uagb-columns__stack-mobile uagb-columns__valign-center uagb-columns__gap-10 alignwide uagb-block-e4bbdb25 uagb-columns__columns-2 uagb-columns__max_width-custom\"><div class=\"uagb-columns__overlay\"><\/div><div class=\"uagb-columns__inner-wrap uagb-columns__columns-2\">\n<div class=\"wp-block-uagb-column uagb-column__wrap uagb-column__background-undefined uagb-block-107c77fd\"><div class=\"uagb-column__overlay\"><\/div>\n<figure class=\"wp-block-image size-large\"><img decoding=\"async\" width=\"1024\" height=\"299\" src=\"https:\/\/www.pladostelma.com\/wp-content\/uploads\/2021\/03\/cert_iso-1024x299.jpg\" alt=\"\" class=\"wp-image-210011\" srcset=\"https:\/\/www.pladostelma.com\/wp-content\/uploads\/2021\/03\/cert_iso-1024x299.jpg 1024w, https:\/\/www.pladostelma.com\/wp-content\/uploads\/2021\/03\/cert_iso-300x88.jpg 300w, https:\/\/www.pladostelma.com\/wp-content\/uploads\/2021\/03\/cert_iso-768x224.jpg 768w, https:\/\/www.pladostelma.com\/wp-content\/uploads\/2021\/03\/cert_iso-1536x448.jpg 1536w, https:\/\/www.pladostelma.com\/wp-content\/uploads\/2021\/03\/cert_iso-600x175.jpg 600w, https:\/\/www.pladostelma.com\/wp-content\/uploads\/2021\/03\/cert_iso.jpg 1553w\" sizes=\"(max-width: 1024px) 100vw, 1024px\" \/><\/figure>\n<\/div>\n\n\n\n<div class=\"wp-block-uagb-column uagb-column__wrap uagb-column__background-undefined uagb-block-e185dce0\"><div class=\"uagb-column__overlay\"><\/div>\n<h4 class=\"wp-block-heading\">EMPRESA CON SISTEMA DE GESTI\u00d3N DE LA CALIDADONE<br>CERTIFICADO ISO 9001<\/h4>\n\n\n\n<p>Nuestros productos se fabrican de acuerdo con estrictas normas internacionales que exigen el uso de materias primas de alta calidad. El control de los procesos de fabricaci\u00f3n ha permitido a nuestra empresa obtener la certificaci\u00f3n UNI EN ISO 9001:2008.<\/p>\n<\/div>\n<\/div><\/section>\n\n\n\n<section class=\"wp-block-uagb-columns uagb-columns__wrap uagb-columns__background-none uagb-columns__stack-mobile uagb-columns__valign-center uagb-columns__gap-10 alignwide uagb-block-5b7f01fa uagb-columns__columns-2 uagb-columns__max_width-custom\"><div class=\"uagb-columns__overlay\"><\/div><div class=\"uagb-columns__inner-wrap uagb-columns__columns-2\">\n<div class=\"wp-block-uagb-column uagb-column__wrap uagb-column__background-undefined uagb-block-a372cc2b\"><div class=\"uagb-column__overlay\"><\/div><div class=\"wp-block-image\">\n<figure class=\"aligncenter size-large is-resized\"><img decoding=\"async\" src=\"https:\/\/www.pladostelma.com\/wp-content\/uploads\/14001_2015-1024x421.jpg\" alt=\"\" class=\"wp-image-244854\" width=\"416\" height=\"170\" srcset=\"https:\/\/www.pladostelma.com\/wp-content\/uploads\/14001_2015-1024x421.jpg 1024w, https:\/\/www.pladostelma.com\/wp-content\/uploads\/14001_2015-300x123.jpg 300w, https:\/\/www.pladostelma.com\/wp-content\/uploads\/14001_2015-768x316.jpg 768w, https:\/\/www.pladostelma.com\/wp-content\/uploads\/14001_2015-18x7.jpg 18w, https:\/\/www.pladostelma.com\/wp-content\/uploads\/14001_2015-600x247.jpg 600w, https:\/\/www.pladostelma.com\/wp-content\/uploads\/14001_2015-100x41.jpg 100w, https:\/\/www.pladostelma.com\/wp-content\/uploads\/14001_2015.jpg 1238w\" sizes=\"(max-width: 416px) 100vw, 416px\" \/><\/figure><\/div><\/div>\n\n\n\n<div class=\"wp-block-uagb-column uagb-column__wrap uagb-column__background-undefined uagb-block-116d2c84\"><div class=\"uagb-column__overlay\"><\/div>\n<h4 class=\"wp-block-heading\">CERTIFICACI\u00d3NONE ISO 14001:2015<\/h4>\n\n\n\n<p>La certificaci\u00f3n ISO 14001 demuestra que la organizaci\u00f3n dispone de un sistema de gesti\u00f3n adecuado para controlar los impactos ambientales de sus actividades y busca sistem\u00e1ticamente su mejora de forma coherente, eficaz y, sobre todo, sostenible.<br>Por tanto, la ISO 14001 no es una certificaci\u00f3n de productos (como las etiquetas ecol\u00f3gicas), sino de procesos.<\/p>\n<\/div>\n<\/div><\/section>\n\n\n\n<section class=\"wp-block-uagb-columns uagb-columns__wrap uagb-columns__background-none uagb-columns__stack-mobile uagb-columns__valign-center uagb-columns__gap-10 alignwide uagb-block-e658cc0f uagb-columns__columns-2 uagb-columns__max_width-custom\"><div class=\"uagb-columns__overlay\"><\/div><div class=\"uagb-columns__inner-wrap uagb-columns__columns-2\">\n<div class=\"wp-block-uagb-column uagb-column__wrap uagb-column__background-undefined uagb-block-8c6e45c2\"><div class=\"uagb-column__overlay\"><\/div><div class=\"wp-block-image\">\n<figure class=\"aligncenter size-full is-resized\"><img decoding=\"async\" src=\"https:\/\/www.pladostelma.com\/wp-content\/uploads\/2021\/03\/CE.jpg\" alt=\"\" class=\"wp-image-210009\" width=\"120\" height=\"120\" srcset=\"https:\/\/www.pladostelma.com\/wp-content\/uploads\/2021\/03\/CE.jpg 480w, https:\/\/www.pladostelma.com\/wp-content\/uploads\/2021\/03\/CE-300x300.jpg 300w, https:\/\/www.pladostelma.com\/wp-content\/uploads\/2021\/03\/CE-150x150.jpg 150w, https:\/\/www.pladostelma.com\/wp-content\/uploads\/2021\/03\/CE-100x100.jpg 100w\" sizes=\"(max-width: 120px) 100vw, 120px\" \/><\/figure><\/div><\/div>\n\n\n\n<div class=\"wp-block-uagb-column uagb-column__wrap uagb-column__background-undefined uagb-block-aab8f4ad\"><div class=\"uagb-column__overlay\"><\/div>\n<h4 class=\"wp-block-heading\">MARCADO CE<\/h4>\n\n\n\n<p>Los fregaderos, electrodom\u00e9sticos, campanas extractoras y disipadores se fabrican de conformidad con las directivas europeas y permiten a nuestra empresa colocar la marca CE en dichos productos.<br>La certificaci\u00f3n de productoone certifica que los productos cumplen las normas, directivas o especificaciones del sector y destaca la calidad, los elementos de excelencia y las peculiaridades que los distinguen.<br>Este proceso de certificaci\u00f3none implica el desarrollo<br>de ensayos iniciales de tipo sobre el producto, la evaluaci\u00f3n inicialone, el seguimiento posterior del proceso de producci\u00f3n y, por \u00faltimo, mediante ensayos de laboratorio sobre muestras tomadas en f\u00e1brica o en el mercado, la garant\u00eda del rendimiento real del producto con respecto a las normas de referencia.<\/p>\n<\/div>\n<\/div><\/section>\n\n\n\n<section class=\"wp-block-uagb-columns uagb-columns__wrap uagb-columns__background-none uagb-columns__stack-mobile uagb-columns__valign-center uagb-columns__gap-10 alignwide uagb-block-9bd3347b uagb-columns__columns-2 uagb-columns__max_width-theme\"><div class=\"uagb-columns__overlay\"><\/div><div class=\"uagb-columns__inner-wrap uagb-columns__columns-2\">\n<div class=\"wp-block-uagb-column uagb-column__wrap uagb-column__background-undefined uagb-block-05f4174c\"><div class=\"uagb-column__overlay\"><\/div><div class=\"wp-block-image\">\n<figure class=\"aligncenter size-full is-resized\"><img decoding=\"async\" src=\"https:\/\/www.pladostelma.com\/wp-content\/uploads\/2014\/05\/certificazioni1.jpg\" alt=\"\" class=\"wp-image-844\" width=\"75\" height=\"75\" srcset=\"https:\/\/www.pladostelma.com\/wp-content\/uploads\/2014\/05\/certificazioni1.jpg 300w, https:\/\/www.pladostelma.com\/wp-content\/uploads\/2014\/05\/certificazioni1-100x100.jpg 100w, https:\/\/www.pladostelma.com\/wp-content\/uploads\/2014\/05\/certificazioni1-150x150.jpg 150w, https:\/\/www.pladostelma.com\/wp-content\/uploads\/2014\/05\/certificazioni1-20x20.jpg 20w, https:\/\/www.pladostelma.com\/wp-content\/uploads\/2014\/05\/certificazioni1-32x32.jpg 32w\" sizes=\"(max-width: 75px) 100vw, 75px\" \/><\/figure><\/div><\/div>\n\n\n\n<div class=\"wp-block-uagb-column uagb-column__wrap uagb-column__background-undefined uagb-block-a52e805d\"><div class=\"uagb-column__overlay\"><\/div>\n<h4 class=\"wp-block-heading\">MARCA IMQ<\/h4>\n\n\n\n<p>Los electrodom\u00e9sticos, campanas extractoras y trituradores de residuos alimentarios llevan la marca IMQ del Instituto Italiano de la Marca de Calidad. La marca IMQ certifica que los productos est\u00e1n certificados y fabricados de acuerdo con la normativa vigente y, por tanto, representa un elemento de seguridad para el consumidor.<\/p>\n<\/div>\n<\/div><\/section>\n\n\n\n<section class=\"wp-block-uagb-columns uagb-columns__wrap uagb-columns__background-none uagb-columns__stack-mobile uagb-columns__valign-center uagb-columns__gap-10 alignwide uagb-block-993503c3 uagb-columns__columns-2 uagb-columns__max_width-custom\"><div class=\"uagb-columns__overlay\"><\/div><div class=\"uagb-columns__inner-wrap uagb-columns__columns-2\">\n<div class=\"wp-block-uagb-column uagb-column__wrap uagb-column__background-undefined uagb-block-59e02d91\"><div class=\"uagb-column__overlay\"><\/div>\n<figure class=\"wp-block-image size-full\"><img decoding=\"async\" width=\"600\" height=\"324\" src=\"https:\/\/www.pladostelma.com\/wp-content\/uploads\/etichetta.jpg\" alt=\"\" class=\"wp-image-236097\" srcset=\"https:\/\/www.pladostelma.com\/wp-content\/uploads\/etichetta.jpg 600w, https:\/\/www.pladostelma.com\/wp-content\/uploads\/etichetta-300x162.jpg 300w, https:\/\/www.pladostelma.com\/wp-content\/uploads\/etichetta-18x10.jpg 18w, https:\/\/www.pladostelma.com\/wp-content\/uploads\/etichetta-100x54.jpg 100w\" sizes=\"(max-width: 600px) 100vw, 600px\" \/><\/figure>\n<\/div>\n\n\n\n<div class=\"wp-block-uagb-column uagb-column__wrap uagb-column__background-undefined uagb-block-bf4b6507\"><div class=\"uagb-column__overlay\"><\/div>\n<h4 class=\"wp-block-heading\">TRAZABILIDAD<\/h4>\n\n\n\n<p>Con el fin de asegurar la m\u00e1xima garant\u00eda para el consumidor, Plados-Telma ha puesto en marcha un procedimiento interno que permite a la empresa rastrear el lote de producci\u00f3n del art\u00edculo y los componenentes utilizados en cualquier momento.<\/p>\n<\/div>\n<\/div><\/section>\n\n\n\n<section class=\"wp-block-uagb-columns uagb-columns__wrap uagb-columns__background-none uagb-columns__stack-mobile uagb-columns__valign-center uagb-columns__gap-10 alignwide uagb-block-c8115425 uagb-columns__columns-2 uagb-columns__max_width-custom\"><div class=\"uagb-columns__overlay\"><\/div><div class=\"uagb-columns__inner-wrap uagb-columns__columns-2\">\n<div class=\"wp-block-uagb-column uagb-column__wrap uagb-column__background-undefined uagb-block-8795373b\"><div class=\"uagb-column__overlay\"><\/div><div class=\"wp-block-image\">\n<figure class=\"aligncenter size-full is-resized\"><img decoding=\"async\" src=\"https:\/\/www.pladostelma.com\/wp-content\/uploads\/CSA.jpg\" alt=\"\" class=\"wp-image-244809\" width=\"138\" height=\"103\" srcset=\"https:\/\/www.pladostelma.com\/wp-content\/uploads\/CSA.jpg 600w, https:\/\/www.pladostelma.com\/wp-content\/uploads\/CSA-300x225.jpg 300w, https:\/\/www.pladostelma.com\/wp-content\/uploads\/CSA-16x12.jpg 16w, https:\/\/www.pladostelma.com\/wp-content\/uploads\/CSA-100x75.jpg 100w\" sizes=\"(max-width: 138px) 100vw, 138px\" \/><\/figure><\/div><\/div>\n\n\n\n<div class=\"wp-block-uagb-column uagb-column__wrap uagb-column__background-undefined uagb-block-4e4feeeb\"><div class=\"uagb-column__overlay\"><\/div>\n<h4 class=\"wp-block-heading\">MERACATE EE.UU.<\/h4>\n\n\n\n<p>Los productos para el mercado estadounidense cuentan con la certificaci\u00f3n CSA<\/p>\n<\/div>\n<\/div><\/section>","protected":false},"excerpt":{"rendered":"<p>Il gruppo Plados Telma \u00e8 uno dei principali produttori mondiali di lavelli da cucina in materiale composito. I nostri lavelli vengono oggi esportati in circa 45 paesi e nei 5 continenti. Rubinetteria, piani di cottura, forni e cappe in moltissimi colori da abbinare ai lavelli completano la gamma dei prodotti offerti, consentendo perfetti ed inimitabili [&hellip;]<\/p>\n","protected":false},"author":2,"featured_media":0,"parent":0,"menu_order":10,"comment_status":"closed","ping_status":"closed","template":"","meta":{"_acf_changed":false,"_seopress_robots_primary_cat":"","_seopress_titles_title":"","_seopress_titles_desc":"","_seopress_robots_index":"","_uag_custom_page_level_css":"","iawp_total_views":524,"uix_meta_title":"","uix_meta_description":"","uix_canonical_url":"","footnotes":""},"class_list":["post-1823","page","type-page","status-publish","hentry"],"acf":[],"uagb_featured_image_src":{"full":false,"thumbnail":false,"medium":false,"medium_large":false,"large":false,"1536x1536":false,"2048x2048":false,"trp-custom-language-flag":false,"woocommerce_thumbnail":false,"woocommerce_single":false,"woocommerce_gallery_thumbnail":false,"variation_swatches_image_size":false,"variation_swatches_tooltip_size":false},"uagb_author_info":{"display_name":"Luca Cavaleri","author_link":"https:\/\/www.pladostelma.com\/es\/author\/luca\/"},"uagb_comment_info":0,"uagb_excerpt":"Il gruppo Plados Telma \u00e8 uno dei principali produttori mondiali di lavelli da cucina in materiale composito. I nostri lavelli vengono oggi esportati in circa 45 paesi e nei 5 continenti. Rubinetteria, piani di cottura, forni e cappe in moltissimi colori da abbinare ai lavelli completano la gamma dei prodotti offerti, consentendo perfetti ed inimitabili&hellip;","_links":{"self":[{"href":"https:\/\/www.pladostelma.com\/es\/wp-json\/wp\/v2\/pages\/1823","targetHints":{"allow":["GET"]}}],"collection":[{"href":"https:\/\/www.pladostelma.com\/es\/wp-json\/wp\/v2\/pages"}],"about":[{"href":"https:\/\/www.pladostelma.com\/es\/wp-json\/wp\/v2\/types\/page"}],"author":[{"embeddable":true,"href":"https:\/\/www.pladostelma.com\/es\/wp-json\/wp\/v2\/users\/2"}],"replies":[{"embeddable":true,"href":"https:\/\/www.pladostelma.com\/es\/wp-json\/wp\/v2\/comments?post=1823"}],"version-history":[{"count":0,"href":"https:\/\/www.pladostelma.com\/es\/wp-json\/wp\/v2\/pages\/1823\/revisions"}],"wp:attachment":[{"href":"https:\/\/www.pladostelma.com\/es\/wp-json\/wp\/v2\/media?parent=1823"}],"curies":[{"name":"wp","href":"https:\/\/api.w.org\/{rel}","templated":true}]}}