{"id":5674,"date":"2015-04-27T10:56:59","date_gmt":"2015-04-27T08:56:59","guid":{"rendered":"https:\/\/www.pladostelma.com\/catalogue\/altri-accessori-copri-piletta-per-piletta-tonda\/"},"modified":"2024-07-22T16:05:04","modified_gmt":"2024-07-22T14:05:04","slug":"coppilt10-2","status":"publish","type":"product","link":"https:\/\/www.pladostelma.com\/en\/coppilt10-2\/","title":{"rendered":"COPPILT10"},"content":{"rendered":"","protected":false},"excerpt":{"rendered":"<p>\u00d8 90 mm - Kit consists of a basket plus a cover cap. Can also be requested after ordering the sink. Compatible with all standard 3.5\" drains.<\/p>","protected":false},"featured_media":246778,"template":"","meta":{"_acf_changed":false,"_seopress_robots_primary_cat":"","_seopress_titles_title":"COPPILT10 drain cover","_seopress_titles_desc":"COPPILT10 drain cover","_seopress_robots_index":"","_uag_custom_page_level_css":"","iawp_total_views":725,"uix_meta_title":"","uix_meta_description":"","uix_canonical_url":""},"serie":[],"product_brand":[],"product_cat":[2611,710],"product_tag":[],"class_list":{"0":"post-5674","1":"product","2":"type-product","3":"status-publish","4":"has-post-thumbnail","6":"product_cat-accessori-coordinati","7":"product_cat-accessori-lavelli-cucina","9":"first","10":"instock","11":"shipping-taxable","12":"purchasable","13":"product-type-simple"},"acf":[],"vendbase_acf":null,"vendbase_metabox":null,"uagb_featured_image_src":{"full":["https:\/\/www.pladostelma.com\/wp-content\/uploads\/COPPILT10_24.jpg",1280,1024,false],"thumbnail":["https:\/\/www.pladostelma.com\/wp-content\/uploads\/COPPILT10_24-150x150.jpg",150,150,true],"medium":["https:\/\/www.pladostelma.com\/wp-content\/uploads\/COPPILT10_24-300x300.jpg",300,300,true],"medium_large":["https:\/\/www.pladostelma.com\/wp-content\/uploads\/COPPILT10_24-768x768.jpg",768,768,true],"large":["https:\/\/www.pladostelma.com\/wp-content\/uploads\/COPPILT10_24-1024x1024.jpg",1024,1024,true],"1536x1536":["https:\/\/www.pladostelma.com\/wp-content\/uploads\/COPPILT10_24.jpg",1280,1024,false],"2048x2048":["https:\/\/www.pladostelma.com\/wp-content\/uploads\/COPPILT10_24.jpg",1280,1024,false],"trp-custom-language-flag":["https:\/\/www.pladostelma.com\/wp-content\/uploads\/COPPILT10_24.jpg",15,12,false],"woocommerce_thumbnail":["https:\/\/www.pladostelma.com\/wp-content\/uploads\/COPPILT10_24-300x300.jpg",300,300,true],"woocommerce_single":["https:\/\/www.pladostelma.com\/wp-content\/uploads\/COPPILT10_24-600x600.jpg",600,600,true],"woocommerce_gallery_thumbnail":["https:\/\/www.pladostelma.com\/wp-content\/uploads\/COPPILT10_24-100x100.jpg",100,100,true],"variation_swatches_image_size":["https:\/\/www.pladostelma.com\/wp-content\/uploads\/COPPILT10_24.jpg",50,40,false],"variation_swatches_tooltip_size":["https:\/\/www.pladostelma.com\/wp-content\/uploads\/COPPILT10_24.jpg",100,80,false]},"uagb_author_info":{"display_name":"admino","author_link":"https:\/\/www.pladostelma.com\/en\/author\/"},"uagb_comment_info":0,"uagb_excerpt":"\u00d8 90 mm - Kit composto da un cestello pi\u00f9 un copripiletta. Pu\u00f2 essere richiesto anche successivamente all\u2019ordine del lavello. Compatibile con tutte le pilette di scarico standard da 3,5\".","_links":{"self":[{"href":"https:\/\/www.pladostelma.com\/en\/wp-json\/wp\/v2\/product\/5674","targetHints":{"allow":["GET"]}}],"collection":[{"href":"https:\/\/www.pladostelma.com\/en\/wp-json\/wp\/v2\/product"}],"about":[{"href":"https:\/\/www.pladostelma.com\/en\/wp-json\/wp\/v2\/types\/product"}],"wp:featuredmedia":[{"embeddable":true,"href":"https:\/\/www.pladostelma.com\/en\/wp-json\/wp\/v2\/media\/246778"}],"wp:attachment":[{"href":"https:\/\/www.pladostelma.com\/en\/wp-json\/wp\/v2\/media?parent=5674"}],"wp:term":[{"taxonomy":"serie","embeddable":true,"href":"https:\/\/www.pladostelma.com\/en\/wp-json\/wp\/v2\/serie?post=5674"},{"taxonomy":"product_brand","embeddable":true,"href":"https:\/\/www.pladostelma.com\/en\/wp-json\/wp\/v2\/product_brand?post=5674"},{"taxonomy":"product_cat","embeddable":true,"href":"https:\/\/www.pladostelma.com\/en\/wp-json\/wp\/v2\/product_cat?post=5674"},{"taxonomy":"product_tag","embeddable":true,"href":"https:\/\/www.pladostelma.com\/en\/wp-json\/wp\/v2\/product_tag?post=5674"}],"curies":[{"name":"wp","href":"https:\/\/api.w.org\/{rel}","templated":true}]}}