{"id":5023,"date":"2015-04-27T10:46:49","date_gmt":"2015-04-27T08:46:49","guid":{"rendered":"https:\/\/www.pladostelma.com\/catalogue\/plados-vintage-8320\/"},"modified":"2024-07-12T10:38:51","modified_gmt":"2024-07-12T08:38:51","slug":"via832_","status":"publish","type":"product","link":"https:\/\/www.pladostelma.com\/en\/via832_\/","title":{"rendered":"VIA832_"},"content":{"rendered":"","protected":false},"excerpt":{"rendered":"<p>830\u00d7500 mm - Corner sink with two bowls plus drip tray.<\/p>\n<p>All the sinks can be enriched with accessories that make the washing area not only more practical and functional but also more comfortable and elegant.<\/p>","protected":false},"featured_media":196326,"template":"","meta":{"_acf_changed":false,"_seopress_robots_primary_cat":"","_seopress_titles_title":"PLADOS VINTAGE 8320 Double basin corner sink with drainer","_seopress_titles_desc":"PLADOS VINTAGE 8320 Double basin corner sink with drainer","_seopress_robots_index":"","_uag_custom_page_level_css":"","iawp_total_views":787,"uix_meta_title":"","uix_meta_description":"","uix_canonical_url":""},"serie":[],"product_brand":[],"product_cat":[554,830],"product_tag":[],"class_list":{"0":"post-5023","1":"product","2":"type-product","3":"status-publish","4":"has-post-thumbnail","6":"product_cat-lavelli-cucina-acciaio","7":"product_cat-vintage","8":"pa_dimensions-830x500mm","9":"pa_series-olympus","10":"pa_sink-type-lavello-due-vasche-gocciolatoio","12":"first","13":"instock","14":"shipping-taxable","15":"purchasable","16":"product-type-variable","17":"wvs-archive-product-wrapper"},"acf":[],"vendbase_acf":null,"vendbase_metabox":null,"uagb_featured_image_src":{"full":["https:\/\/www.pladostelma.com\/wp-content\/uploads\/2019\/05\/VIA8321.jpg",1424,1000,false],"thumbnail":["https:\/\/www.pladostelma.com\/wp-content\/uploads\/2019\/05\/VIA8321-150x150.jpg",150,150,true],"medium":["https:\/\/www.pladostelma.com\/wp-content\/uploads\/2019\/05\/VIA8321-300x300.jpg",300,300,true],"medium_large":["https:\/\/www.pladostelma.com\/wp-content\/uploads\/2019\/05\/VIA8321-768x768.jpg",768,768,true],"large":["https:\/\/www.pladostelma.com\/wp-content\/uploads\/2019\/05\/VIA8321-1024x1024.jpg",1024,1024,true],"1536x1536":["https:\/\/www.pladostelma.com\/wp-content\/uploads\/2019\/05\/VIA8321.jpg",1424,1000,false],"2048x2048":["https:\/\/www.pladostelma.com\/wp-content\/uploads\/2019\/05\/VIA8321.jpg",1424,1000,false],"trp-custom-language-flag":["https:\/\/www.pladostelma.com\/wp-content\/uploads\/2019\/05\/VIA8321.jpg",18,12,false],"woocommerce_thumbnail":["https:\/\/www.pladostelma.com\/wp-content\/uploads\/2019\/05\/VIA8321-300x300.jpg",300,300,true],"woocommerce_single":["https:\/\/www.pladostelma.com\/wp-content\/uploads\/2019\/05\/VIA8321-600x600.jpg",600,600,true],"woocommerce_gallery_thumbnail":["https:\/\/www.pladostelma.com\/wp-content\/uploads\/2019\/05\/VIA8321-100x100.jpg",100,100,true],"variation_swatches_image_size":["https:\/\/www.pladostelma.com\/wp-content\/uploads\/2019\/05\/VIA8321.jpg",50,35,false],"variation_swatches_tooltip_size":["https:\/\/www.pladostelma.com\/wp-content\/uploads\/2019\/05\/VIA8321.jpg",100,70,false]},"uagb_author_info":{"display_name":"admino","author_link":"https:\/\/www.pladostelma.com\/en\/author\/"},"uagb_comment_info":0,"uagb_excerpt":"830x500 mm - Lavello angolare a due vasche pi\u00f9 gocciolatoio. Tutti i lavelli possono essere arricchiti con accessori che rendono la zona lavaggio non solo pi\u00f9 pratica e funzionale ma anche pi\u00f9 comoda ed elegante.","_links":{"self":[{"href":"https:\/\/www.pladostelma.com\/en\/wp-json\/wp\/v2\/product\/5023","targetHints":{"allow":["GET"]}}],"collection":[{"href":"https:\/\/www.pladostelma.com\/en\/wp-json\/wp\/v2\/product"}],"about":[{"href":"https:\/\/www.pladostelma.com\/en\/wp-json\/wp\/v2\/types\/product"}],"wp:featuredmedia":[{"embeddable":true,"href":"https:\/\/www.pladostelma.com\/en\/wp-json\/wp\/v2\/media\/196326"}],"wp:attachment":[{"href":"https:\/\/www.pladostelma.com\/en\/wp-json\/wp\/v2\/media?parent=5023"}],"wp:term":[{"taxonomy":"serie","embeddable":true,"href":"https:\/\/www.pladostelma.com\/en\/wp-json\/wp\/v2\/serie?post=5023"},{"taxonomy":"product_brand","embeddable":true,"href":"https:\/\/www.pladostelma.com\/en\/wp-json\/wp\/v2\/product_brand?post=5023"},{"taxonomy":"product_cat","embeddable":true,"href":"https:\/\/www.pladostelma.com\/en\/wp-json\/wp\/v2\/product_cat?post=5023"},{"taxonomy":"product_tag","embeddable":true,"href":"https:\/\/www.pladostelma.com\/en\/wp-json\/wp\/v2\/product_tag?post=5023"}],"curies":[{"name":"wp","href":"https:\/\/api.w.org\/{rel}","templated":true}]}}