{"id":4707,"date":"2015-04-27T10:31:29","date_gmt":"2015-04-27T08:31:29","guid":{"rendered":"https:\/\/www.pladostelma.com\/catalogue\/plados-harmony-5110\/"},"modified":"2024-09-04T22:56:20","modified_gmt":"2024-09-04T20:56:20","slug":"nk05110-2","status":"publish","type":"product","link":"https:\/\/www.pladostelma.com\/en\/nk05110-2\/","title":{"rendered":"NK05110"},"content":{"rendered":"","protected":false},"excerpt":{"rendered":"<p>\u00d8 510 mm - Round sink with pre-drilled holes for installation one faucets and accessories.<\/p>\n<p>Equipped with patented ARIAPURA technology, which helps make the sink antibacterial, anti-pollution and easier to clean.<\/p>\n<p>All the sinks can be enriched with accessories that make the washing area not only more practical and functional but also more comfortable and elegant.<\/p>","protected":false},"featured_media":10182,"template":"","meta":{"_acf_changed":false,"_seopress_robots_primary_cat":"","_seopress_titles_title":"PLADOS HARMONY 5110 round sink with mixer hole\u00a0","_seopress_titles_desc":"PLADOS HARMONY 5110 round sink with mixer hole\u00a0","_seopress_robots_index":"","_uag_custom_page_level_css":"","iawp_total_views":201,"uix_meta_title":"","uix_meta_description":"","uix_canonical_url":""},"serie":[2667],"product_brand":[],"product_cat":[2454,101],"product_tag":[716],"class_list":{"0":"post-4707","1":"product","2":"type-product","3":"status-publish","4":"has-post-thumbnail","6":"serie-harmony","7":"product_cat-harmony","8":"product_cat-lavelli-cucina-plados","9":"product_tag-harmony","10":"pa_dimensions-diameter510mm","11":"pa_pladoscolors-124","12":"pa_pladoscolors-127","13":"pa_pladoscolors-98-bianco","14":"pa_series-harmony","15":"pa_sink-type-lavello-tondo","17":"first","18":"instock","19":"shipping-taxable","20":"purchasable","21":"product-type-variable","22":"wvs-archive-product-wrapper"},"acf":[],"vendbase_acf":null,"vendbase_metabox":null,"uagb_featured_image_src":{"full":["https:\/\/www.pladostelma.com\/wp-content\/uploads\/2019\/05\/NK05110_0003_70.jpg",1920,1921,false],"thumbnail":["https:\/\/www.pladostelma.com\/wp-content\/uploads\/2019\/05\/NK05110_0003_70-150x150.jpg",150,150,true],"medium":["https:\/\/www.pladostelma.com\/wp-content\/uploads\/2019\/05\/NK05110_0003_70-300x300.jpg",300,300,true],"medium_large":["https:\/\/www.pladostelma.com\/wp-content\/uploads\/2019\/05\/NK05110_0003_70-768x768.jpg",768,768,true],"large":["https:\/\/www.pladostelma.com\/wp-content\/uploads\/2019\/05\/NK05110_0003_70-1024x1024.jpg",1024,1024,true],"1536x1536":["https:\/\/www.pladostelma.com\/wp-content\/uploads\/2019\/05\/NK05110_0003_70.jpg",1536,1536,false],"2048x2048":["https:\/\/www.pladostelma.com\/wp-content\/uploads\/2019\/05\/NK05110_0003_70.jpg",1920,1921,false],"trp-custom-language-flag":["https:\/\/www.pladostelma.com\/wp-content\/uploads\/2019\/05\/NK05110_0003_70.jpg",12,12,false],"woocommerce_thumbnail":["https:\/\/www.pladostelma.com\/wp-content\/uploads\/2019\/05\/NK05110_0003_70-300x300.jpg",300,300,true],"woocommerce_single":["https:\/\/www.pladostelma.com\/wp-content\/uploads\/2019\/05\/NK05110_0003_70-600x600.jpg",600,600,true],"woocommerce_gallery_thumbnail":["https:\/\/www.pladostelma.com\/wp-content\/uploads\/2019\/05\/NK05110_0003_70-100x100.jpg",100,100,true],"variation_swatches_image_size":["https:\/\/www.pladostelma.com\/wp-content\/uploads\/2019\/05\/NK05110_0003_70.jpg",50,50,false],"variation_swatches_tooltip_size":["https:\/\/www.pladostelma.com\/wp-content\/uploads\/2019\/05\/NK05110_0003_70.jpg",100,100,false]},"uagb_author_info":{"display_name":"admino","author_link":"https:\/\/www.pladostelma.com\/en\/author\/"},"uagb_comment_info":0,"uagb_excerpt":"\u00d8 510 mm - Lavello tondo con pre-fori per installazione rubinetteria e accessori. Provvisto di tecnologia brevettata ARIAPURA, che contribuisce a rendere il lavello antibatterico, antinquinante e pi\u00f9 facile da pulire. Tutti i lavelli possono essere arricchiti con accessori che rendono la zona lavaggio non solo pi\u00f9 pratica e funzionale ma anche pi\u00f9 comoda ed&hellip;","_links":{"self":[{"href":"https:\/\/www.pladostelma.com\/en\/wp-json\/wp\/v2\/product\/4707","targetHints":{"allow":["GET"]}}],"collection":[{"href":"https:\/\/www.pladostelma.com\/en\/wp-json\/wp\/v2\/product"}],"about":[{"href":"https:\/\/www.pladostelma.com\/en\/wp-json\/wp\/v2\/types\/product"}],"wp:featuredmedia":[{"embeddable":true,"href":"https:\/\/www.pladostelma.com\/en\/wp-json\/wp\/v2\/media\/10182"}],"wp:attachment":[{"href":"https:\/\/www.pladostelma.com\/en\/wp-json\/wp\/v2\/media?parent=4707"}],"wp:term":[{"taxonomy":"serie","embeddable":true,"href":"https:\/\/www.pladostelma.com\/en\/wp-json\/wp\/v2\/serie?post=4707"},{"taxonomy":"product_brand","embeddable":true,"href":"https:\/\/www.pladostelma.com\/en\/wp-json\/wp\/v2\/product_brand?post=4707"},{"taxonomy":"product_cat","embeddable":true,"href":"https:\/\/www.pladostelma.com\/en\/wp-json\/wp\/v2\/product_cat?post=4707"},{"taxonomy":"product_tag","embeddable":true,"href":"https:\/\/www.pladostelma.com\/en\/wp-json\/wp\/v2\/product_tag?post=4707"}],"curies":[{"name":"wp","href":"https:\/\/api.w.org\/{rel}","templated":true}]}}