{"id":3472,"date":"2015-04-27T10:31:05","date_gmt":"2015-04-27T08:31:05","guid":{"rendered":"https:\/\/www.pladostelma.com\/catalogue\/plados-lux-8620\/"},"modified":"2025-05-19T09:57:58","modified_gmt":"2025-05-19T07:57:58","slug":"lx8620","status":"publish","type":"product","link":"https:\/\/www.pladostelma.com\/en\/lx8620\/","title":{"rendered":"LX8620"},"content":{"rendered":"","protected":false},"excerpt":{"rendered":"<p>860\u00d7510 mm - Two-bowl sink with pre-drilled holes for installationone faucets and accessories.<\/p>\n<p>Equipped with patented ARIAPURA technology, which helps make the sink antibacterial, anti-pollution and easier to clean.<\/p>\n<p>All the sinks can be enriched with accessories that make the washing area not only more practical and functional but also more comfortable and elegant.<\/p>","protected":false},"featured_media":6576,"template":"","meta":{"_acf_changed":false,"_seopress_robots_primary_cat":"none","_seopress_titles_title":"PLADOS LUX 8620 double basin sink","_seopress_titles_desc":"PLADOS LUX 8620 double basin sink","_seopress_robots_index":"","_uag_custom_page_level_css":"","iawp_total_views":3099,"uix_meta_title":"","uix_meta_description":"","uix_canonical_url":""},"serie":[2668],"product_brand":[],"product_cat":[101,556],"product_tag":[],"class_list":{"0":"post-3472","1":"product","2":"type-product","3":"status-publish","4":"has-post-thumbnail","6":"serie-lux","7":"product_cat-lavelli-cucina-plados","8":"product_cat-lux","9":"pa_dimensions-860x510mm","10":"pa_pladoscolors-135","11":"pa_pladoscolors-137","12":"pa_pladoscolors-138","13":"pa_pladoscolors-2303","14":"pa_pladoscolors-rn-r1-arctic-white","15":"pa_pladoscolors-rn-r2-dune-beige","16":"pa_pladoscolors-rn-r3-alp-stone","17":"pa_pladoscolors-rn-r4-volcano-black","18":"pa_pladoscolors-124","19":"pa_pladoscolors-125","20":"pa_pladoscolors-98-bianco","21":"pa_pladoscolors-2304","22":"pa_pladoscolors-129","23":"pa_pladoscolors-130","24":"pa_pladoscolors-131","25":"pa_series-lux","26":"pa_sink-type-lavello-due-vasche","28":"first","29":"instock","30":"shipping-taxable","31":"purchasable","32":"product-type-variable","33":"wvs-archive-product-wrapper"},"acf":[],"vendbase_acf":null,"vendbase_metabox":null,"uagb_featured_image_src":{"full":["https:\/\/www.pladostelma.com\/wp-content\/uploads\/2015\/04\/LX8620_70.jpg",1230,800,false],"thumbnail":["https:\/\/www.pladostelma.com\/wp-content\/uploads\/2015\/04\/LX8620_70-150x150.jpg",150,150,true],"medium":["https:\/\/www.pladostelma.com\/wp-content\/uploads\/2015\/04\/LX8620_70-300x300.jpg",300,300,true],"medium_large":["https:\/\/www.pladostelma.com\/wp-content\/uploads\/2015\/04\/LX8620_70-768x768.jpg",768,768,true],"large":["https:\/\/www.pladostelma.com\/wp-content\/uploads\/2015\/04\/LX8620_70-1024x1024.jpg",1024,1024,true],"1536x1536":["https:\/\/www.pladostelma.com\/wp-content\/uploads\/2015\/04\/LX8620_70.jpg",1230,800,false],"2048x2048":["https:\/\/www.pladostelma.com\/wp-content\/uploads\/2015\/04\/LX8620_70.jpg",1230,800,false],"trp-custom-language-flag":["https:\/\/www.pladostelma.com\/wp-content\/uploads\/2015\/04\/LX8620_70.jpg",18,12,false],"woocommerce_thumbnail":["https:\/\/www.pladostelma.com\/wp-content\/uploads\/2015\/04\/LX8620_70-300x300.jpg",300,300,true],"woocommerce_single":["https:\/\/www.pladostelma.com\/wp-content\/uploads\/2015\/04\/LX8620_70-600x600.jpg",600,600,true],"woocommerce_gallery_thumbnail":["https:\/\/www.pladostelma.com\/wp-content\/uploads\/2015\/04\/LX8620_70-100x100.jpg",100,100,true],"variation_swatches_image_size":["https:\/\/www.pladostelma.com\/wp-content\/uploads\/2015\/04\/LX8620_70.jpg",50,33,false],"variation_swatches_tooltip_size":["https:\/\/www.pladostelma.com\/wp-content\/uploads\/2015\/04\/LX8620_70.jpg",100,65,false]},"uagb_author_info":{"display_name":"admino","author_link":"https:\/\/www.pladostelma.com\/en\/author\/"},"uagb_comment_info":0,"uagb_excerpt":"860x510 mm - Lavello a due vasche con pre-fori per installazione rubinetteria e accessori. Provvisto di tecnologia brevettata ARIAPURA, che contribuisce a rendere il lavello antibatterico, antinquinante e pi\u00f9 facile da pulire. Tutti i lavelli possono essere arricchiti con accessori che rendono la zona lavaggio non solo pi\u00f9 pratica e funzionale ma anche pi\u00f9 comoda&hellip;","_links":{"self":[{"href":"https:\/\/www.pladostelma.com\/en\/wp-json\/wp\/v2\/product\/3472","targetHints":{"allow":["GET"]}}],"collection":[{"href":"https:\/\/www.pladostelma.com\/en\/wp-json\/wp\/v2\/product"}],"about":[{"href":"https:\/\/www.pladostelma.com\/en\/wp-json\/wp\/v2\/types\/product"}],"wp:featuredmedia":[{"embeddable":true,"href":"https:\/\/www.pladostelma.com\/en\/wp-json\/wp\/v2\/media\/6576"}],"wp:attachment":[{"href":"https:\/\/www.pladostelma.com\/en\/wp-json\/wp\/v2\/media?parent=3472"}],"wp:term":[{"taxonomy":"serie","embeddable":true,"href":"https:\/\/www.pladostelma.com\/en\/wp-json\/wp\/v2\/serie?post=3472"},{"taxonomy":"product_brand","embeddable":true,"href":"https:\/\/www.pladostelma.com\/en\/wp-json\/wp\/v2\/product_brand?post=3472"},{"taxonomy":"product_cat","embeddable":true,"href":"https:\/\/www.pladostelma.com\/en\/wp-json\/wp\/v2\/product_cat?post=3472"},{"taxonomy":"product_tag","embeddable":true,"href":"https:\/\/www.pladostelma.com\/en\/wp-json\/wp\/v2\/product_tag?post=3472"}],"curies":[{"name":"wp","href":"https:\/\/api.w.org\/{rel}","templated":true}]}}