{"id":31822,"date":"2019-07-16T16:44:29","date_gmt":"2019-07-16T14:44:29","guid":{"rendered":"https:\/\/www.pladostelma.com\/?post_type=product&#038;p=31822"},"modified":"2024-09-04T23:15:20","modified_gmt":"2024-09-04T21:15:20","slug":"on8420","status":"publish","type":"product","link":"https:\/\/www.pladostelma.com\/en\/on8420\/","title":{"rendered":"ON8420"},"content":{"rendered":"","protected":false},"excerpt":{"rendered":"<p>838\u00d7559 mm - Two-bowl sink, with pre-drilled holes for installationone taps and accessories.<\/p>\n<p>Equipped with patented ARIAPURA technology, which helps make the sink antibacterial, anti-pollution and easier to clean.<\/p>\n<p>All the sinks can be enriched with accessories that make the washing area not only more practical and functional but also more comfortable and elegant.<\/p>","protected":false},"featured_media":32156,"template":"","meta":{"_acf_changed":false,"_seopress_robots_primary_cat":"","_seopress_titles_title":"PLADOS ONE 8420 double basin sink","_seopress_titles_desc":"PLADOS ONE 8420 double basin sink","_seopress_robots_index":"","_uag_custom_page_level_css":"","iawp_total_views":735,"uix_meta_title":"","uix_meta_description":"","uix_canonical_url":""},"serie":[2659],"product_brand":[],"product_cat":[101,934],"product_tag":[841,844],"class_list":{"0":"post-31822","1":"product","2":"type-product","3":"status-publish","4":"has-post-thumbnail","6":"serie-one","7":"product_cat-lavelli-cucina-plados","8":"product_cat-one-standard","9":"product_tag-one","10":"product_tag-standard","11":"pa_dimensions-838-x-559-mm","12":"pa_pladoscolors-124","13":"pa_pladoscolors-125","14":"pa_pladoscolors-98-bianco","15":"pa_pladoscolors-129","16":"pa_pladoscolors-130","17":"pa_pladoscolors-131","18":"pa_series-one","19":"pa_sink-type-lavello-una-vasca","21":"first","22":"instock","23":"shipping-taxable","24":"purchasable","25":"product-type-variable","26":"wvs-archive-product-wrapper"},"acf":[],"vendbase_acf":null,"vendbase_metabox":null,"uagb_featured_image_src":{"full":["https:\/\/www.pladostelma.com\/wp-content\/uploads\/2019\/07\/ON8420_58.jpg",1854,1280,false],"thumbnail":["https:\/\/www.pladostelma.com\/wp-content\/uploads\/2019\/07\/ON8420_58-150x150.jpg",150,150,true],"medium":["https:\/\/www.pladostelma.com\/wp-content\/uploads\/2019\/07\/ON8420_58-300x300.jpg",300,300,true],"medium_large":["https:\/\/www.pladostelma.com\/wp-content\/uploads\/2019\/07\/ON8420_58-768x768.jpg",768,768,true],"large":["https:\/\/www.pladostelma.com\/wp-content\/uploads\/2019\/07\/ON8420_58-1024x1024.jpg",1024,1024,true],"1536x1536":["https:\/\/www.pladostelma.com\/wp-content\/uploads\/2019\/07\/ON8420_58.jpg",1536,1060,false],"2048x2048":["https:\/\/www.pladostelma.com\/wp-content\/uploads\/2019\/07\/ON8420_58.jpg",1854,1280,false],"trp-custom-language-flag":["https:\/\/www.pladostelma.com\/wp-content\/uploads\/2019\/07\/ON8420_58.jpg",18,12,false],"woocommerce_thumbnail":["https:\/\/www.pladostelma.com\/wp-content\/uploads\/2019\/07\/ON8420_58-300x300.jpg",300,300,true],"woocommerce_single":["https:\/\/www.pladostelma.com\/wp-content\/uploads\/2019\/07\/ON8420_58-600x600.jpg",600,600,true],"woocommerce_gallery_thumbnail":["https:\/\/www.pladostelma.com\/wp-content\/uploads\/2019\/07\/ON8420_58-100x100.jpg",100,100,true],"variation_swatches_image_size":["https:\/\/www.pladostelma.com\/wp-content\/uploads\/2019\/07\/ON8420_58.jpg",50,35,false],"variation_swatches_tooltip_size":["https:\/\/www.pladostelma.com\/wp-content\/uploads\/2019\/07\/ON8420_58.jpg",100,69,false]},"uagb_author_info":{"display_name":"Luca Cavaleri","author_link":"https:\/\/www.pladostelma.com\/en\/author\/"},"uagb_comment_info":0,"uagb_excerpt":"838x559 mm - Lavello a due vasche, con pre-fori per installazione rubinetteria e accessori. Provvisto di tecnologia brevettata ARIAPURA, che contribuisce a rendere il lavello antibatterico, antinquinante e pi\u00f9 facile da pulire. Tutti i lavelli possono essere arricchiti con accessori che rendono la zona lavaggio non solo pi\u00f9 pratica e funzionale ma anche pi\u00f9 comoda&hellip;","_links":{"self":[{"href":"https:\/\/www.pladostelma.com\/en\/wp-json\/wp\/v2\/product\/31822","targetHints":{"allow":["GET"]}}],"collection":[{"href":"https:\/\/www.pladostelma.com\/en\/wp-json\/wp\/v2\/product"}],"about":[{"href":"https:\/\/www.pladostelma.com\/en\/wp-json\/wp\/v2\/types\/product"}],"wp:featuredmedia":[{"embeddable":true,"href":"https:\/\/www.pladostelma.com\/en\/wp-json\/wp\/v2\/media\/32156"}],"wp:attachment":[{"href":"https:\/\/www.pladostelma.com\/en\/wp-json\/wp\/v2\/media?parent=31822"}],"wp:term":[{"taxonomy":"serie","embeddable":true,"href":"https:\/\/www.pladostelma.com\/en\/wp-json\/wp\/v2\/serie?post=31822"},{"taxonomy":"product_brand","embeddable":true,"href":"https:\/\/www.pladostelma.com\/en\/wp-json\/wp\/v2\/product_brand?post=31822"},{"taxonomy":"product_cat","embeddable":true,"href":"https:\/\/www.pladostelma.com\/en\/wp-json\/wp\/v2\/product_cat?post=31822"},{"taxonomy":"product_tag","embeddable":true,"href":"https:\/\/www.pladostelma.com\/en\/wp-json\/wp\/v2\/product_tag?post=31822"}],"curies":[{"name":"wp","href":"https:\/\/api.w.org\/{rel}","templated":true}]}}