{"id":245112,"date":"2023-04-21T14:57:51","date_gmt":"2023-04-21T12:57:51","guid":{"rendered":"https:\/\/www.pladostelma.com\/?post_type=product&#038;p=245112"},"modified":"2025-05-19T08:58:22","modified_gmt":"2025-05-19T06:58:22","slug":"ct9010","status":"publish","type":"product","link":"https:\/\/www.pladostelma.com\/en\/ct9010\/","title":{"rendered":"CT9010"},"content":{"rendered":"","protected":false},"excerpt":{"rendered":"<p>MISCELLANEOUS SIZES - One-bowl sink, with pre-drilled holes for installation of taps and fittings.<br \/>\nThe rear edge of the CONTEMPO sink is always wall-mounted and has been designed to be cut to fit worktops of different depths and to overhang 15 mm or more from the edge of the worktop. Similarly, two height cuts are provided to ensure that the overhang from the worktop is 15 mm or more in 12 to 20 mm thick worktops, or 5 mm or more in 30 to 40 mm thick worktops.<br \/>\nEquipped with patented ARIAPURA technology, which helps make the sink antibacterial, anti-pollution and easier to clean.<br \/>\nAll the sinks can be enriched with accessories that make the washing area not only more practical and functional but also more comfortable and elegant.<\/p>","protected":false},"featured_media":245117,"template":"","meta":{"_acf_changed":false,"_seopress_robots_primary_cat":"none","_seopress_titles_title":"","_seopress_titles_desc":"","_seopress_robots_index":"","_uag_custom_page_level_css":"","iawp_total_views":2649,"uix_meta_title":"","uix_meta_description":"","uix_canonical_url":""},"serie":[2657],"product_brand":[],"product_cat":[2549,101],"product_tag":[],"class_list":{"0":"post-245112","1":"product","2":"type-product","3":"status-publish","4":"has-post-thumbnail","6":"serie-contempo","7":"product_cat-contempo","8":"product_cat-lavelli-cucina-plados","9":"pa_pladoscolors-135","10":"pa_pladoscolors-137","11":"pa_pladoscolors-138","12":"pa_pladoscolors-2303","13":"pa_pladoscolors-rn-r1-arctic-white","14":"pa_pladoscolors-rn-r2-dune-beige","15":"pa_pladoscolors-rn-r3-alp-stone","16":"pa_pladoscolors-rn-r4-volcano-black","17":"pa_series-contempo","18":"pa_sink-type-lavello-una-vasca","20":"first","21":"instock","22":"shipping-taxable","23":"purchasable","24":"product-type-variable","25":"wvs-archive-product-wrapper"},"acf":[],"vendbase_acf":null,"vendbase_metabox":null,"uagb_featured_image_src":{"full":["https:\/\/www.pladostelma.com\/wp-content\/uploads\/CT9010_N6.jpg",1024,754,false],"thumbnail":["https:\/\/www.pladostelma.com\/wp-content\/uploads\/CT9010_N6-150x150.jpg",150,150,true],"medium":["https:\/\/www.pladostelma.com\/wp-content\/uploads\/CT9010_N6-300x300.jpg",300,300,true],"medium_large":["https:\/\/www.pladostelma.com\/wp-content\/uploads\/CT9010_N6-768x768.jpg",768,768,true],"large":["https:\/\/www.pladostelma.com\/wp-content\/uploads\/CT9010_N6-1024x1024.jpg",1024,1024,true],"1536x1536":["https:\/\/www.pladostelma.com\/wp-content\/uploads\/CT9010_N6.jpg",1024,754,false],"2048x2048":["https:\/\/www.pladostelma.com\/wp-content\/uploads\/CT9010_N6.jpg",1024,754,false],"trp-custom-language-flag":["https:\/\/www.pladostelma.com\/wp-content\/uploads\/CT9010_N6.jpg",16,12,false],"woocommerce_thumbnail":["https:\/\/www.pladostelma.com\/wp-content\/uploads\/CT9010_N6-300x300.jpg",300,300,true],"woocommerce_single":["https:\/\/www.pladostelma.com\/wp-content\/uploads\/CT9010_N6-600x600.jpg",600,600,true],"woocommerce_gallery_thumbnail":["https:\/\/www.pladostelma.com\/wp-content\/uploads\/CT9010_N6-100x100.jpg",100,100,true],"variation_swatches_image_size":["https:\/\/www.pladostelma.com\/wp-content\/uploads\/CT9010_N6.jpg",50,37,false],"variation_swatches_tooltip_size":["https:\/\/www.pladostelma.com\/wp-content\/uploads\/CT9010_N6.jpg",100,74,false]},"uagb_author_info":{"display_name":"Luca Cavaleri","author_link":"https:\/\/www.pladostelma.com\/en\/author\/"},"uagb_comment_info":0,"uagb_excerpt":"VARIE MISURE - Lavello a una vasca, con pre-fori per installazione rubinetteria e accessori. Il bordo posteriore del lavello CONTEMPO \u00e8 sempre battente a muro ed \u00e8 stato progettato per essere tagliato in modo da adattarsi a piani di lavoro di profondit\u00e0 differenti e per ottenere una sporgenza pari o superiore a 15 mm rispetto&hellip;","_links":{"self":[{"href":"https:\/\/www.pladostelma.com\/en\/wp-json\/wp\/v2\/product\/245112","targetHints":{"allow":["GET"]}}],"collection":[{"href":"https:\/\/www.pladostelma.com\/en\/wp-json\/wp\/v2\/product"}],"about":[{"href":"https:\/\/www.pladostelma.com\/en\/wp-json\/wp\/v2\/types\/product"}],"wp:featuredmedia":[{"embeddable":true,"href":"https:\/\/www.pladostelma.com\/en\/wp-json\/wp\/v2\/media\/245117"}],"wp:attachment":[{"href":"https:\/\/www.pladostelma.com\/en\/wp-json\/wp\/v2\/media?parent=245112"}],"wp:term":[{"taxonomy":"serie","embeddable":true,"href":"https:\/\/www.pladostelma.com\/en\/wp-json\/wp\/v2\/serie?post=245112"},{"taxonomy":"product_brand","embeddable":true,"href":"https:\/\/www.pladostelma.com\/en\/wp-json\/wp\/v2\/product_brand?post=245112"},{"taxonomy":"product_cat","embeddable":true,"href":"https:\/\/www.pladostelma.com\/en\/wp-json\/wp\/v2\/product_cat?post=245112"},{"taxonomy":"product_tag","embeddable":true,"href":"https:\/\/www.pladostelma.com\/en\/wp-json\/wp\/v2\/product_tag?post=245112"}],"curies":[{"name":"wp","href":"https:\/\/api.w.org\/{rel}","templated":true}]}}