{"id":203581,"date":"2020-12-15T10:41:59","date_gmt":"2020-12-15T09:41:59","guid":{"rendered":"https:\/\/www.pladostelma.com\/?post_type=product&#038;p=203581"},"modified":"2024-09-04T22:55:52","modified_gmt":"2024-09-04T20:55:52","slug":"hr0862","status":"publish","type":"product","link":"https:\/\/www.pladostelma.com\/en\/hr0862\/","title":{"rendered":"HR0862"},"content":{"rendered":"","protected":false},"excerpt":{"rendered":"<p>860\u00d7500 mm - Two-bowl sink, reversible, with pre-drilled holes for installationone taps and accessories.<\/p>\n<p>Equipped with patented ARIAPURA technology, which helps make the sink antibacterial, anti-pollution and easier to clean.<\/p>\n<p>All the sinks can be enriched with accessories that make the washing area not only more practical and functional but also more comfortable and elegant.<\/p>","protected":false},"featured_media":203595,"template":"","meta":{"_acf_changed":false,"_seopress_robots_primary_cat":"","_seopress_titles_title":"","_seopress_titles_desc":"","_seopress_robots_index":"","_uag_custom_page_level_css":"","iawp_total_views":352,"uix_meta_title":"","uix_meta_description":"","uix_canonical_url":""},"serie":[2667],"product_brand":[],"product_cat":[2454,101],"product_tag":[],"class_list":{"0":"post-203581","1":"product","2":"type-product","3":"status-publish","4":"has-post-thumbnail","6":"serie-harmony","7":"product_cat-harmony","8":"product_cat-lavelli-cucina-plados","9":"pa_dimensions-860x500mm","10":"pa_pladoscolors-122","11":"pa_pladoscolors-124","12":"pa_pladoscolors-127","13":"pa_pladoscolors-98-bianco","14":"pa_pladoscolors-129","15":"pa_pladoscolors-130","16":"pa_pladoscolors-131","17":"pa_series-harmony","18":"pa_sink-type-lavello-due-vasche","20":"first","21":"instock","22":"shipping-taxable","23":"purchasable","24":"product-type-variable","25":"wvs-archive-product-wrapper"},"acf":[],"vendbase_acf":null,"vendbase_metabox":null,"uagb_featured_image_src":{"full":["https:\/\/www.pladostelma.com\/wp-content\/uploads\/2020\/12\/HR0862_70-scaled.jpg",1920,1262,false],"thumbnail":["https:\/\/www.pladostelma.com\/wp-content\/uploads\/2020\/12\/HR0862_70-scaled-150x150.jpg",150,150,true],"medium":["https:\/\/www.pladostelma.com\/wp-content\/uploads\/2020\/12\/HR0862_70-scaled-300x300.jpg",300,300,true],"medium_large":["https:\/\/www.pladostelma.com\/wp-content\/uploads\/2020\/12\/HR0862_70-scaled-768x768.jpg",768,768,true],"large":["https:\/\/www.pladostelma.com\/wp-content\/uploads\/2020\/12\/HR0862_70-scaled-1024x1024.jpg",1024,1024,true],"1536x1536":["https:\/\/www.pladostelma.com\/wp-content\/uploads\/2020\/12\/HR0862_70-scaled.jpg",1536,1010,false],"2048x2048":["https:\/\/www.pladostelma.com\/wp-content\/uploads\/2020\/12\/HR0862_70-scaled.jpg",1920,1262,false],"trp-custom-language-flag":["https:\/\/www.pladostelma.com\/wp-content\/uploads\/2020\/12\/HR0862_70-scaled.jpg",18,12,false],"woocommerce_thumbnail":["https:\/\/www.pladostelma.com\/wp-content\/uploads\/2020\/12\/HR0862_70-scaled-300x300.jpg",300,300,true],"woocommerce_single":["https:\/\/www.pladostelma.com\/wp-content\/uploads\/2020\/12\/HR0862_70-scaled-600x600.jpg",600,600,true],"woocommerce_gallery_thumbnail":["https:\/\/www.pladostelma.com\/wp-content\/uploads\/2020\/12\/HR0862_70-scaled-100x100.jpg",100,100,true],"variation_swatches_image_size":["https:\/\/www.pladostelma.com\/wp-content\/uploads\/2020\/12\/HR0862_70-scaled.jpg",50,33,false],"variation_swatches_tooltip_size":["https:\/\/www.pladostelma.com\/wp-content\/uploads\/2020\/12\/HR0862_70-scaled.jpg",100,66,false]},"uagb_author_info":{"display_name":"Luca Cavaleri","author_link":"https:\/\/www.pladostelma.com\/en\/author\/"},"uagb_comment_info":0,"uagb_excerpt":"860x500 mm - Lavello a due vasche, reversibile, con pre-fori per installazione rubinetteria e accessori. Provvisto di tecnologia brevettata ARIAPURA, che contribuisce a rendere il lavello antibatterico, antinquinante e pi\u00f9 facile da pulire. Tutti i lavelli possono essere arricchiti con accessori che rendono la zona lavaggio non solo pi\u00f9 pratica e funzionale ma anche pi\u00f9&hellip;","_links":{"self":[{"href":"https:\/\/www.pladostelma.com\/en\/wp-json\/wp\/v2\/product\/203581","targetHints":{"allow":["GET"]}}],"collection":[{"href":"https:\/\/www.pladostelma.com\/en\/wp-json\/wp\/v2\/product"}],"about":[{"href":"https:\/\/www.pladostelma.com\/en\/wp-json\/wp\/v2\/types\/product"}],"wp:featuredmedia":[{"embeddable":true,"href":"https:\/\/www.pladostelma.com\/en\/wp-json\/wp\/v2\/media\/203595"}],"wp:attachment":[{"href":"https:\/\/www.pladostelma.com\/en\/wp-json\/wp\/v2\/media?parent=203581"}],"wp:term":[{"taxonomy":"serie","embeddable":true,"href":"https:\/\/www.pladostelma.com\/en\/wp-json\/wp\/v2\/serie?post=203581"},{"taxonomy":"product_brand","embeddable":true,"href":"https:\/\/www.pladostelma.com\/en\/wp-json\/wp\/v2\/product_brand?post=203581"},{"taxonomy":"product_cat","embeddable":true,"href":"https:\/\/www.pladostelma.com\/en\/wp-json\/wp\/v2\/product_cat?post=203581"},{"taxonomy":"product_tag","embeddable":true,"href":"https:\/\/www.pladostelma.com\/en\/wp-json\/wp\/v2\/product_tag?post=203581"}],"curies":[{"name":"wp","href":"https:\/\/api.w.org\/{rel}","templated":true}]}}