{"id":15013,"date":"2019-06-10T11:26:38","date_gmt":"2019-06-10T09:26:38","guid":{"rendered":"https:\/\/www.pladostelma.com\/catalogue\/on5610st-2\/"},"modified":"2024-05-21T10:34:43","modified_gmt":"2024-05-21T08:34:43","slug":"telma-on5610st","status":"publish","type":"product","link":"https:\/\/www.pladostelma.com\/en\/telma-on5610st\/","title":{"rendered":"ON5610ST"},"content":{"rendered":"","protected":false},"excerpt":{"rendered":"<p>760\u00d7435 mm - One-bowl sink for undermount installationone<\/p>\n<p>Equipped with patented ARIAPURA technology, which helps make the sink antibacterial, anti-pollution and easier to clean.<\/p>\n<p>All the sinks can be enriched with accessories that make the washing area not only more practical and functional but also more comfortable and elegant.<\/p>","protected":false},"featured_media":8224,"template":"","meta":{"_acf_changed":false,"_seopress_robots_primary_cat":"","_seopress_titles_title":"TELMA CUBE 5610 Single basin sink for undermount installation","_seopress_titles_desc":"TELMA CUBE 4110 Single basin sink for undermount installation","_seopress_robots_index":"","_uag_custom_page_level_css":"","iawp_total_views":1523,"uix_meta_title":"","uix_meta_description":"","uix_canonical_url":""},"serie":[],"product_brand":[],"product_cat":[932,864],"product_tag":[877,843],"class_list":{"0":"post-15013","1":"product","2":"type-product","3":"status-publish","4":"has-post-thumbnail","6":"product_cat-cube-sottotop","7":"product_cat-telma-lavelli-cucina","8":"product_tag-cube","9":"product_tag-undermount","10":"pa_dimensions-560x435mm","11":"pa_series-cube","12":"pa_sink-type-lavello-una-vasca","14":"first","15":"instock","16":"shipping-taxable","17":"purchasable","18":"product-type-variable","19":"wvs-archive-product-wrapper"},"acf":[],"vendbase_acf":null,"vendbase_metabox":null,"uagb_featured_image_src":{"full":["https:\/\/www.pladostelma.com\/wp-content\/uploads\/2019\/04\/ON5610_58-1.jpg",1920,1795,false],"thumbnail":["https:\/\/www.pladostelma.com\/wp-content\/uploads\/2019\/04\/ON5610_58-1-150x150.jpg",150,150,true],"medium":["https:\/\/www.pladostelma.com\/wp-content\/uploads\/2019\/04\/ON5610_58-1-300x300.jpg",300,300,true],"medium_large":["https:\/\/www.pladostelma.com\/wp-content\/uploads\/2019\/04\/ON5610_58-1-768x768.jpg",768,768,true],"large":["https:\/\/www.pladostelma.com\/wp-content\/uploads\/2019\/04\/ON5610_58-1-1024x1024.jpg",1024,1024,true],"1536x1536":["https:\/\/www.pladostelma.com\/wp-content\/uploads\/2019\/04\/ON5610_58-1.jpg",1536,1436,false],"2048x2048":["https:\/\/www.pladostelma.com\/wp-content\/uploads\/2019\/04\/ON5610_58-1.jpg",1920,1795,false],"trp-custom-language-flag":["https:\/\/www.pladostelma.com\/wp-content\/uploads\/2019\/04\/ON5610_58-1.jpg",13,12,false],"woocommerce_thumbnail":["https:\/\/www.pladostelma.com\/wp-content\/uploads\/2019\/04\/ON5610_58-1-300x300.jpg",300,300,true],"woocommerce_single":["https:\/\/www.pladostelma.com\/wp-content\/uploads\/2019\/04\/ON5610_58-1-600x600.jpg",600,600,true],"woocommerce_gallery_thumbnail":["https:\/\/www.pladostelma.com\/wp-content\/uploads\/2019\/04\/ON5610_58-1-100x100.jpg",100,100,true],"variation_swatches_image_size":["https:\/\/www.pladostelma.com\/wp-content\/uploads\/2019\/04\/ON5610_58-1.jpg",50,47,false],"variation_swatches_tooltip_size":["https:\/\/www.pladostelma.com\/wp-content\/uploads\/2019\/04\/ON5610_58-1.jpg",100,93,false]},"uagb_author_info":{"display_name":"admino","author_link":"https:\/\/www.pladostelma.com\/en\/author\/"},"uagb_comment_info":0,"uagb_excerpt":"560x435 mm - Lavello a una vasca per installazione sotto-top. Provvisto di tecnologia brevettata ARIAPURA, che contribuisce a rendere il lavello antibatterico, antinquinante e pi\u00f9 facile da pulire. Tutti i lavelli possono essere arricchiti con accessori che rendono la zona lavaggio non solo pi\u00f9 pratica e funzionale ma anche pi\u00f9 comoda ed elegante.","_links":{"self":[{"href":"https:\/\/www.pladostelma.com\/en\/wp-json\/wp\/v2\/product\/15013","targetHints":{"allow":["GET"]}}],"collection":[{"href":"https:\/\/www.pladostelma.com\/en\/wp-json\/wp\/v2\/product"}],"about":[{"href":"https:\/\/www.pladostelma.com\/en\/wp-json\/wp\/v2\/types\/product"}],"wp:featuredmedia":[{"embeddable":true,"href":"https:\/\/www.pladostelma.com\/en\/wp-json\/wp\/v2\/media\/8224"}],"wp:attachment":[{"href":"https:\/\/www.pladostelma.com\/en\/wp-json\/wp\/v2\/media?parent=15013"}],"wp:term":[{"taxonomy":"serie","embeddable":true,"href":"https:\/\/www.pladostelma.com\/en\/wp-json\/wp\/v2\/serie?post=15013"},{"taxonomy":"product_brand","embeddable":true,"href":"https:\/\/www.pladostelma.com\/en\/wp-json\/wp\/v2\/product_brand?post=15013"},{"taxonomy":"product_cat","embeddable":true,"href":"https:\/\/www.pladostelma.com\/en\/wp-json\/wp\/v2\/product_cat?post=15013"},{"taxonomy":"product_tag","embeddable":true,"href":"https:\/\/www.pladostelma.com\/en\/wp-json\/wp\/v2\/product_tag?post=15013"}],"curies":[{"name":"wp","href":"https:\/\/api.w.org\/{rel}","templated":true}]}}