{"id":2223,"date":"2018-10-25T17:21:17","date_gmt":"2018-10-25T15:21:17","guid":{"rendered":"https:\/\/www.pladostelma.com\/ariapura\/"},"modified":"2023-04-21T09:48:00","modified_gmt":"2023-04-21T07:48:00","slug":"ariapura","status":"publish","type":"page","link":"https:\/\/www.pladostelma.com\/en\/ariapura\/","title":{"rendered":"ARIAPURA"},"content":{"rendered":"<section class=\"wp-block-uagb-columns uagb-columns__wrap uagb-columns__background-none uagb-columns__stack-mobile uagb-columns__valign-center uagb-columns__gap-10 alignwide uagb-block-f45e4761 uagb-columns__columns-1 uagb-columns__max_width-custom\"><div class=\"uagb-columns__overlay\"><\/div><div class=\"uagb-columns__inner-wrap uagb-columns__columns-1\">\n<div class=\"wp-block-uagb-column uagb-column__wrap uagb-column__background-undefined uagb-block-291be9ee\"><div class=\"uagb-column__overlay\"><\/div><div class=\"wp-block-image\">\n<figure class=\"aligncenter size-large is-resized\"><img decoding=\"async\" src=\"https:\/\/www.pladostelma.com\/wp-content\/uploads\/ariapura_23-1024x682.jpg\" alt=\"\" class=\"wp-image-245090\" width=\"1280\" srcset=\"https:\/\/www.pladostelma.com\/wp-content\/uploads\/ariapura_23-1024x682.jpg 1024w, https:\/\/www.pladostelma.com\/wp-content\/uploads\/ariapura_23-300x200.jpg 300w, https:\/\/www.pladostelma.com\/wp-content\/uploads\/ariapura_23-768x512.jpg 768w, https:\/\/www.pladostelma.com\/wp-content\/uploads\/ariapura_23-18x12.jpg 18w, https:\/\/www.pladostelma.com\/wp-content\/uploads\/ariapura_23-600x400.jpg 600w, https:\/\/www.pladostelma.com\/wp-content\/uploads\/ariapura_23-100x67.jpg 100w, https:\/\/www.pladostelma.com\/wp-content\/uploads\/ariapura_23.jpg 1280w\" sizes=\"(max-width: 1024px) 100vw, 1024px\" \/><\/figure><\/div>\n\n\n<h4 class=\"alignwide has-text-align-center wp-block-heading\">THE TECHNOLOGY THAT BRINGS THE SKY INTO THE KITCHEN<\/h4>\n<\/div>\n<\/div><\/section>\n\n\n\n<section class=\"wp-block-uagb-columns uagb-columns__wrap uagb-columns__background-none uagb-columns__stack-mobile uagb-columns__valign-center uagb-columns__gap-10 alignwide uagb-block-fb385914 uagb-columns__columns-2 uagb-columns__max_width-theme\"><div class=\"uagb-columns__overlay\"><\/div><div class=\"uagb-columns__inner-wrap uagb-columns__columns-2\">\n<div class=\"wp-block-uagb-column uagb-column__wrap uagb-column__background-undefined uagb-block-15901290\"><div class=\"uagb-column__overlay\"><\/div><div class=\"wp-block-image\">\n<figure class=\"aligncenter size-full is-resized\"><img decoding=\"async\" src=\"https:\/\/www.pladostelma.com\/wp-content\/uploads\/ARIAPURA_LOGO.jpg\" alt=\"\" class=\"wp-image-236061\" width=\"250\" height=\"250\" srcset=\"https:\/\/www.pladostelma.com\/wp-content\/uploads\/ARIAPURA_LOGO.jpg 600w, https:\/\/www.pladostelma.com\/wp-content\/uploads\/ARIAPURA_LOGO-300x300.jpg 300w, https:\/\/www.pladostelma.com\/wp-content\/uploads\/ARIAPURA_LOGO-150x150.jpg 150w, https:\/\/www.pladostelma.com\/wp-content\/uploads\/ARIAPURA_LOGO-12x12.jpg 12w, https:\/\/www.pladostelma.com\/wp-content\/uploads\/ARIAPURA_LOGO-100x100.jpg 100w\" sizes=\"(max-width: 250px) 100vw, 250px\" \/><\/figure><\/div><\/div>\n\n\n\n<div class=\"wp-block-uagb-column uagb-column__wrap uagb-column__background-undefined uagb-block-e481ad50\"><div class=\"uagb-column__overlay\"><\/div>\n<p>Technology <strong>ARIAPURA<\/strong> performs an effective antibacterial azione, makes the sink fresher and more hygienic, and contributes to healthier and cleaner air in the kitchen environment.<br><br><strong>INTERNATIONAL PATENT<\/strong> <strong>PCT\/EP2012 \/065120<\/strong><\/p>\n\n\n\n<p>The material of plados sinks is enriched with titanium dioxide nanoparticles (Tio2), which not only contributes to purifying the air in the kitchen, but also has an antibacterial effect, making the sink fresher and cleaner. ARIAPURA is present throughout the sink, has an unlimited lifespan, remains active and retains its full effectiveness over time, even when surfaces are worn and scratched. All Plados Telma sinks are equipped with the patented ARIAPURA technology that performs a triple function:<br><br>- ANTI-POLLUTANT<br>- BACTERICIDAL<br>- SELF-PULSING<\/p>\n<\/div>\n<\/div><\/section>\n\n\n\n<section class=\"wp-block-uagb-columns uagb-columns__wrap uagb-columns__background-none uagb-columns__stack-mobile uagb-columns__valign-center uagb-columns__gap-10 alignwide uagb-block-36be77a8 uagb-columns__columns-2 uagb-columns__max_width-custom\"><div class=\"uagb-columns__overlay\"><\/div><div class=\"uagb-columns__inner-wrap uagb-columns__columns-2\">\n<div class=\"wp-block-uagb-column uagb-column__wrap uagb-column__background-undefined uagb-block-bb967535\"><div class=\"uagb-column__overlay\"><\/div>\n<figure class=\"wp-block-image size-full\"><img decoding=\"async\" width=\"1024\" height=\"683\" src=\"https:\/\/www.pladostelma.com\/wp-content\/uploads\/2020\/07\/meditation_2020-1.jpg\" alt=\"\" class=\"wp-image-200049\" srcset=\"https:\/\/www.pladostelma.com\/wp-content\/uploads\/2020\/07\/meditation_2020-1.jpg 1024w, https:\/\/www.pladostelma.com\/wp-content\/uploads\/2020\/07\/meditation_2020-1-300x200.jpg 300w, https:\/\/www.pladostelma.com\/wp-content\/uploads\/2020\/07\/meditation_2020-1-600x400.jpg 600w, https:\/\/www.pladostelma.com\/wp-content\/uploads\/2020\/07\/meditation_2020-1-768x512.jpg 768w\" sizes=\"(max-width: 1024px) 100vw, 1024px\" \/><\/figure>\n<\/div>\n\n\n\n<div class=\"wp-block-uagb-column uagb-column__wrap uagb-column__background-undefined uagb-block-594873ad\"><div class=\"uagb-column__overlay\"><\/div>\n<h4 class=\"wp-block-heading\">WHY ANTIBACTERIAL AZIONE IS IMPORTANT<\/h4>\n\n\n\n<p>The sink is often used as a food preparation area. Coming into contact with food that ends up on the table, a sink can transmit bacteria. ARIAPURA can help reduce this risk, giving more peace of mind and safety to the whole family. The antibacterial action exerted by ARIAPURA facilitates a significant reduction in odours in the sink itself, in the under-sink area, where the organic waste bin is often placed, and in the surrounding air, contributing to a fresher, healthier kitchen environment. Unpleasant odors that sometimes arise in the sink can be caused by bacteria that thrive in hot-humid conditions.<\/p>\n<\/div>\n<\/div><\/section>\n\n\n\n<section class=\"wp-block-uagb-columns uagb-columns__wrap uagb-columns__background-none uagb-columns__stack-mobile uagb-columns__valign-center uagb-columns__gap-10 alignwide uagb-block-2ce147c8 uagb-columns__columns-2 uagb-columns__max_width-custom\"><div class=\"uagb-columns__overlay\"><\/div><div class=\"uagb-columns__inner-wrap uagb-columns__columns-2\">\n<div class=\"wp-block-uagb-column uagb-column__wrap uagb-column__background-undefined uagb-block-7f447bbf\"><div class=\"uagb-column__overlay\"><\/div>\n<h4 class=\"wp-block-heading\">AN ANTIBACTERIAL 100% SINK<\/h4>\n\n\n\n<p>The antibacterial action reduces the development of bacteria, keeping the sink fresher and cleaner between uses with normal cleaning and hygiene practices. The antibacterial action exerted by ARIAPURA is not a superficial coating of the sink, but it is an effect of the action of the nanoparticles incorporated in the entire mass of the product:<br>- It does not reduce its action with washing and does not wear out over time.<br>- It remains active even in case of wear and scratches on the surfaces.<br>- It's safe, durable, effective.<\/p>\n<\/div>\n\n\n\n<div class=\"wp-block-uagb-column uagb-column__wrap uagb-column__background-undefined uagb-block-8856401f\"><div class=\"uagb-column__overlay\"><\/div>\n<h4 class=\"wp-block-heading\"><strong>AZIONE SELF-CLEANING<\/strong><\/h4>\n\n\n\n<p>The ARIAPURA technology contributes to a fresher and cleaner sink. Drops of water that come into contact with the sink tend to flatten and slide off more easily, dragging dirt and debris away so they cannot settle.<br><br><\/p>\n\n\n\n<p class=\"has-small-font-size\">* one antibacterial ARIAPURA protection is not present in faucets, fittings, appliances and extractor hoods. ARIAPURA technology does not replace normal hygiene and cleaning practices.<\/p>\n\n\n\n<p><br><\/p>\n<\/div>\n<\/div><\/section>","protected":false},"excerpt":{"rendered":"<p>LA TECNOLOGIA CHE PORTA IL CIELO IN CUCINA La tecnologia ARIAPURA svolge una efficace azione antibatterica, rende il lavello pi\u00f9 fresco e pi\u00f9 igienico e contribuisce a rendere pi\u00f9 sana e pulita l&#8217;aria nell&#8217;ambiente cucina. BREVETTO INTERNAZIONALE PCT\/EP2012 \/065120 Il materiale dei lavelli plados \u00e8 addizionato con nanoparticelle di biossido di titanio (Tio2) che oltre [&hellip;]<\/p>\n","protected":false},"author":2,"featured_media":200026,"parent":0,"menu_order":0,"comment_status":"closed","ping_status":"closed","template":"","meta":{"_acf_changed":false,"_seopress_robots_primary_cat":"","_seopress_titles_title":"","_seopress_titles_desc":"","_seopress_robots_index":"","_uag_custom_page_level_css":"","iawp_total_views":955,"uix_meta_title":"","uix_meta_description":"","uix_canonical_url":"","footnotes":""},"class_list":["post-2223","page","type-page","status-publish","has-post-thumbnail","hentry"],"acf":[],"uagb_featured_image_src":{"full":["https:\/\/www.pladostelma.com\/wp-content\/uploads\/2020\/07\/ARIAPURA_COVER.jpg",1280,660,false],"thumbnail":["https:\/\/www.pladostelma.com\/wp-content\/uploads\/2020\/07\/ARIAPURA_COVER-150x150.jpg",150,150,true],"medium":["https:\/\/www.pladostelma.com\/wp-content\/uploads\/2020\/07\/ARIAPURA_COVER-300x155.jpg",300,155,true],"medium_large":["https:\/\/www.pladostelma.com\/wp-content\/uploads\/2020\/07\/ARIAPURA_COVER-768x396.jpg",768,396,true],"large":["https:\/\/www.pladostelma.com\/wp-content\/uploads\/2020\/07\/ARIAPURA_COVER-1024x528.jpg",1024,528,true],"1536x1536":["https:\/\/www.pladostelma.com\/wp-content\/uploads\/2020\/07\/ARIAPURA_COVER.jpg",1280,660,false],"2048x2048":["https:\/\/www.pladostelma.com\/wp-content\/uploads\/2020\/07\/ARIAPURA_COVER.jpg",1280,660,false],"trp-custom-language-flag":["https:\/\/www.pladostelma.com\/wp-content\/uploads\/2020\/07\/ARIAPURA_COVER.jpg",18,9,false],"woocommerce_thumbnail":["https:\/\/www.pladostelma.com\/wp-content\/uploads\/2020\/07\/ARIAPURA_COVER-300x155.jpg",300,155,true],"woocommerce_single":["https:\/\/www.pladostelma.com\/wp-content\/uploads\/2020\/07\/ARIAPURA_COVER-600x309.jpg",600,309,true],"woocommerce_gallery_thumbnail":["https:\/\/www.pladostelma.com\/wp-content\/uploads\/2020\/07\/ARIAPURA_COVER-100x100.jpg",100,100,true],"variation_swatches_image_size":["https:\/\/www.pladostelma.com\/wp-content\/uploads\/2020\/07\/ARIAPURA_COVER.jpg",50,26,false],"variation_swatches_tooltip_size":["https:\/\/www.pladostelma.com\/wp-content\/uploads\/2020\/07\/ARIAPURA_COVER.jpg",100,52,false]},"uagb_author_info":{"display_name":"Luca Cavaleri","author_link":"https:\/\/www.pladostelma.com\/en\/author\/luca\/"},"uagb_comment_info":0,"uagb_excerpt":"LA TECNOLOGIA CHE PORTA IL CIELO IN CUCINA La tecnologia ARIAPURA svolge una efficace azione antibatterica, rende il lavello pi\u00f9 fresco e pi\u00f9 igienico e contribuisce a rendere pi\u00f9 sana e pulita l&#8217;aria nell&#8217;ambiente cucina. BREVETTO INTERNAZIONALE PCT\/EP2012 \/065120 Il materiale dei lavelli plados \u00e8 addizionato con nanoparticelle di biossido di titanio (Tio2) che oltre&hellip;","_links":{"self":[{"href":"https:\/\/www.pladostelma.com\/en\/wp-json\/wp\/v2\/pages\/2223","targetHints":{"allow":["GET"]}}],"collection":[{"href":"https:\/\/www.pladostelma.com\/en\/wp-json\/wp\/v2\/pages"}],"about":[{"href":"https:\/\/www.pladostelma.com\/en\/wp-json\/wp\/v2\/types\/page"}],"author":[{"embeddable":true,"href":"https:\/\/www.pladostelma.com\/en\/wp-json\/wp\/v2\/users\/2"}],"replies":[{"embeddable":true,"href":"https:\/\/www.pladostelma.com\/en\/wp-json\/wp\/v2\/comments?post=2223"}],"version-history":[{"count":0,"href":"https:\/\/www.pladostelma.com\/en\/wp-json\/wp\/v2\/pages\/2223\/revisions"}],"wp:featuredmedia":[{"embeddable":true,"href":"https:\/\/www.pladostelma.com\/en\/wp-json\/wp\/v2\/media\/200026"}],"wp:attachment":[{"href":"https:\/\/www.pladostelma.com\/en\/wp-json\/wp\/v2\/media?parent=2223"}],"curies":[{"name":"wp","href":"https:\/\/api.w.org\/{rel}","templated":true}]}}